{"id":818,"date":"2024-10-05T21:55:56","date_gmt":"2024-10-05T19:55:56","guid":{"rendered":"https:\/\/lyceelespierresvives.fr\/?page_id=818"},"modified":"2025-02-03T13:37:43","modified_gmt":"2025-02-03T12:37:43","slug":"musique","status":"publish","type":"page","link":"https:\/\/lyceelespierresvives.fr\/?page_id=818","title":{"rendered":"P\u00f4le musique"},"content":{"rendered":"<p>Le lyc\u00e9e les Pierres Vives propose plusieurs possibilit\u00e9s pour faire de la musique, \u00e0 tous les niveaux et dans toutes les fili\u00e8res !<\/p><h3 class=\"wp-block-heading has-text-align-center has-base-color has-custom-color-1-background-color has-text-color has-background has-link-color has-large-font-size wp-elements-203494caaffcf77685f69f03392d8fdd\">La musique en Seconde<\/h3><p>Au moment de l\u2019inscription p\u00e9dagogique sur EduConnect fin juin de l\u2019ann\u00e9e de Troisi\u00e8me, les \u00e9l\u00e8ves peuvent choisir :<\/p><ul class=\"wp-block-list\"><li>soit de postuler en fili\u00e8re <a href=\"https:\/\/lyceelespierresvives.fr\/?page_id=784\" data-type=\"page\" data-id=\"784\" target=\"_blank\" rel=\"noreferrer noopener\">Seconde GT Musique<\/a> ;<\/li>\n\n<li>soit de s&rsquo;inscrire \u00e0 l&rsquo;<strong>option musique<\/strong>, sous r\u00e9serve de places disponibles. Cette option peut \u00eatre ensuite poursuivie en Premi\u00e8re et en Terminale.<\/li><\/ul><p>Ci-dessous une pr\u00e9sentation du contenu des cours de Seconde :<\/p><p><center><\/p>\n<div style=\"width: 90%;\">\n<div style=\"position: relative; padding-bottom: 56.25%; padding-top: 0; height: 0;\"><iframe loading=\"lazy\" title=\"2des - La musique aux Pierres Vives\" frameborder=\"0\" width=\"100%\" height=\"100%\" style=\"position: absolute; top: 0; left: 0; width=\"100%\"; height=\"100%\"; src=\"https:\/\/view.genially.com\/6790c031ba1d39b427d70a24\" type=\"text\/html\" allowscriptaccess=\"always\" allowfullscreen=\"true\" scrolling=\"yes\" allownetworking=\"all\"><\/iframe> <\/div>\n<p> <\/center><\/p><div style=\"height:10px\" aria-hidden=\"true\" class=\"wp-block-spacer\"><\/div><h3 class=\"wp-block-heading has-text-align-center has-base-color has-custom-color-1-background-color has-text-color has-background has-link-color has-large-font-size wp-elements-3915b31bda130e984f1f2a49e2bb3ee9\">Sp\u00e9cialit\u00e9 <em>Musique<\/em> en fili\u00e8re g\u00e9n\u00e9rale<\/h3><p>Lors de leur passage en Premi\u00e8re g\u00e9n\u00e9rale, les \u00e9l\u00e8ves peuvent choisir de suivre la sp\u00e9cialit\u00e9 Musique.<\/p><p>Une plaquette de pr\u00e9sentation de cette sp\u00e9cialit\u00e9 est disponible sur <a href=\"https:\/\/lyceelespierresvives.fr\/?page_id=1641\" target=\"_blank\" rel=\"noreferrer noopener\">cette page<\/a>.<\/p><p>Ci-dessous une pr\u00e9sentation plus compl\u00e8te :<\/p><p><center><\/p>\n<div style=\"width: 90%;\">\n<div style=\"position: relative; padding-bottom: 56.25%; padding-top: 0; height: 0;\"><iframe loading=\"lazy\" title=\"Pr\u00e9sentation des sp\u00e9s\" frameborder=\"0\" width=\"1200px\" height=\"675px\" style=\"position: absolute; top: 0; left: 0; width: 100%; height: 100%;\" src=\"https:\/\/view.genially.com\/643d1bd91f8ab70019ea1ce9\" type=\"text\/html\" allowscriptaccess=\"always\" allowfullscreen=\"true\" scrolling=\"yes\" allownetworking=\"all\"><\/iframe> <\/div>\n<p> <\/center><\/p><div style=\"height:10px\" aria-hidden=\"true\" class=\"wp-block-spacer\"><\/div><h3 class=\"wp-block-heading has-text-align-center has-base-color has-custom-color-1-background-color has-text-color has-background has-link-color has-large-font-size wp-elements-3c120c67d808bcc95846a0f2f1243836\" id=\"pratique_musicale\">Ateliers de pratique musicale<\/h3><p>Qu\u2019ils suivent ou non l\u2019option ou la sp\u00e9cialit\u00e9 musique, <strong>tout \u00e9l\u00e8ve, amateur ou plus exp\u00e9riment\u00e9, peut venir exprimer son talent<\/strong> dans un ou plusieurs modules de pratique musicale :&nbsp;&nbsp;<\/p><ul class=\"wp-block-list\"><li>Orchestre<\/li>\n\n<li>Chorale<\/li>\n\n<li>Com\u00e9die musicale<\/li><\/ul><div style=\"height:10px\" aria-hidden=\"true\" class=\"wp-block-spacer\"><\/div><h3 class=\"wp-block-heading has-text-align-center has-base-color has-custom-color-1-background-color has-text-color has-background has-link-color has-large-font-size wp-elements-75f389b2497336ad9c2e8efe089af732\">Concerts du lyc\u00e9e<\/h3><div class=\"wp-block-media-text is-stacked-on-mobile\" style=\"grid-template-columns:17% auto\"><figure class=\"wp-block-media-text__media\"><a href=\"https:\/\/youtube.com\/@lycee-les-pierres-vives?si=zWjaySmIeZzWNCXb\"><img loading=\"lazy\" decoding=\"async\" width=\"640\" height=\"443\" src=\"https:\/\/lyceelespierresvives.fr\/wp-content\/uploads\/2025\/01\/Youtube_logo.png\" alt=\"\" class=\"wp-image-1927 size-full\" srcset=\"https:\/\/lyceelespierresvives.fr\/wp-content\/uploads\/2025\/01\/Youtube_logo.png 640w, https:\/\/lyceelespierresvives.fr\/wp-content\/uploads\/2025\/01\/Youtube_logo-300x208.png 300w\" sizes=\"auto, (max-width: 640px) 100vw, 640px\" \/><\/a><\/figure><div class=\"wp-block-media-text__content\"><h6 class=\"wp-block-heading\"><strong><em><a href=\"https:\/\/www.youtube.com\/playlist?list=PLILIGd-TBPxgs2nmO7Xt-53uUf9nR-jJC\" target=\"_blank\" rel=\"noreferrer noopener\">Revivez les concerts du lyc\u00e9e sur notre cha\u00eene Youtube !<\/a><\/em><\/strong><\/h6><\/div><\/div><div style=\"height:10px\" aria-hidden=\"true\" class=\"wp-block-spacer\"><\/div><div class=\"wp-block-cover wp-duotone-rgb000-rgb74162210-1\" style=\"min-height:193px;aspect-ratio:unset;\"><span aria-hidden=\"true\" class=\"wp-block-cover__background has-background-dim\" style=\"background-color:#343347\"><\/span><img loading=\"lazy\" decoding=\"async\" width=\"2048\" height=\"1536\" class=\"wp-block-cover__image-background wp-image-1915\" alt=\"\" src=\"https:\/\/lyceelespierresvives.fr\/wp-content\/uploads\/2025\/01\/IMG_7820.jpeg\" data-object-fit=\"cover\" srcset=\"https:\/\/lyceelespierresvives.fr\/wp-content\/uploads\/2025\/01\/IMG_7820.jpeg 2048w, https:\/\/lyceelespierresvives.fr\/wp-content\/uploads\/2025\/01\/IMG_7820-300x225.jpeg 300w, https:\/\/lyceelespierresvives.fr\/wp-content\/uploads\/2025\/01\/IMG_7820-1024x768.jpeg 1024w, https:\/\/lyceelespierresvives.fr\/wp-content\/uploads\/2025\/01\/IMG_7820-768x576.jpeg 768w, https:\/\/lyceelespierresvives.fr\/wp-content\/uploads\/2025\/01\/IMG_7820-1536x1152.jpeg 1536w\" sizes=\"auto, (max-width: 2048px) 100vw, 2048px\" \/><div class=\"wp-block-cover__inner-container is-layout-flow wp-block-cover-is-layout-flow\"><h3 class=\"wp-block-heading has-text-align-center has-large-font-size\">D\u00e9couvrez les photos du concert de No\u00ebl !<\/h3><\/div><\/div><div class=\"wp-block-columns is-layout-flex wp-container-core-columns-is-layout-28f84493 wp-block-columns-is-layout-flex\"><div class=\"wp-block-column is-layout-flow wp-block-column-is-layout-flow\" style=\"flex-basis:100%\"><\/div><\/div><figure class=\"wp-block-gallery has-nested-images columns-default is-cropped wp-block-gallery-2 is-layout-flex wp-block-gallery-is-layout-flex\"><figure class=\"wp-block-image size-large\"><img loading=\"lazy\" decoding=\"async\" width=\"1024\" height=\"768\" data-id=\"1915\" src=\"https:\/\/lyceelespierresvives.fr\/wp-content\/uploads\/2025\/01\/IMG_7820-1024x768.jpeg\" alt=\"\" class=\"wp-image-1915\" srcset=\"https:\/\/lyceelespierresvives.fr\/wp-content\/uploads\/2025\/01\/IMG_7820-1024x768.jpeg 1024w, https:\/\/lyceelespierresvives.fr\/wp-content\/uploads\/2025\/01\/IMG_7820-300x225.jpeg 300w, https:\/\/lyceelespierresvives.fr\/wp-content\/uploads\/2025\/01\/IMG_7820-768x576.jpeg 768w, https:\/\/lyceelespierresvives.fr\/wp-content\/uploads\/2025\/01\/IMG_7820-1536x1152.jpeg 1536w, https:\/\/lyceelespierresvives.fr\/wp-content\/uploads\/2025\/01\/IMG_7820.jpeg 2048w\" sizes=\"auto, (max-width: 1024px) 100vw, 1024px\" \/><\/figure>\n\n<figure class=\"wp-block-image size-large\"><img loading=\"lazy\" decoding=\"async\" width=\"1024\" height=\"768\" data-id=\"1914\" src=\"https:\/\/lyceelespierresvives.fr\/wp-content\/uploads\/2025\/01\/IMG_7809-1024x768.jpeg\" alt=\"\" class=\"wp-image-1914\" srcset=\"https:\/\/lyceelespierresvives.fr\/wp-content\/uploads\/2025\/01\/IMG_7809-1024x768.jpeg 1024w, https:\/\/lyceelespierresvives.fr\/wp-content\/uploads\/2025\/01\/IMG_7809-300x225.jpeg 300w, https:\/\/lyceelespierresvives.fr\/wp-content\/uploads\/2025\/01\/IMG_7809-768x576.jpeg 768w, https:\/\/lyceelespierresvives.fr\/wp-content\/uploads\/2025\/01\/IMG_7809-1536x1152.jpeg 1536w, https:\/\/lyceelespierresvives.fr\/wp-content\/uploads\/2025\/01\/IMG_7809.jpeg 2048w\" sizes=\"auto, (max-width: 1024px) 100vw, 1024px\" \/><\/figure>\n\n<figure class=\"wp-block-image size-large\"><img loading=\"lazy\" decoding=\"async\" width=\"1024\" height=\"768\" data-id=\"1913\" src=\"https:\/\/lyceelespierresvives.fr\/wp-content\/uploads\/2025\/01\/IMG_7816-1024x768.jpeg\" alt=\"\" class=\"wp-image-1913\" srcset=\"https:\/\/lyceelespierresvives.fr\/wp-content\/uploads\/2025\/01\/IMG_7816-1024x768.jpeg 1024w, https:\/\/lyceelespierresvives.fr\/wp-content\/uploads\/2025\/01\/IMG_7816-300x225.jpeg 300w, https:\/\/lyceelespierresvives.fr\/wp-content\/uploads\/2025\/01\/IMG_7816-768x576.jpeg 768w, https:\/\/lyceelespierresvives.fr\/wp-content\/uploads\/2025\/01\/IMG_7816-1536x1152.jpeg 1536w, https:\/\/lyceelespierresvives.fr\/wp-content\/uploads\/2025\/01\/IMG_7816.jpeg 2048w\" sizes=\"auto, (max-width: 1024px) 100vw, 1024px\" \/><\/figure>\n\n<figure class=\"wp-block-image size-large\"><img loading=\"lazy\" decoding=\"async\" width=\"1024\" height=\"576\" data-id=\"1911\" src=\"https:\/\/lyceelespierresvives.fr\/wp-content\/uploads\/2025\/01\/IMG_7799-1024x576.jpeg\" alt=\"\" class=\"wp-image-1911\" srcset=\"https:\/\/lyceelespierresvives.fr\/wp-content\/uploads\/2025\/01\/IMG_7799-1024x576.jpeg 1024w, https:\/\/lyceelespierresvives.fr\/wp-content\/uploads\/2025\/01\/IMG_7799-300x169.jpeg 300w, https:\/\/lyceelespierresvives.fr\/wp-content\/uploads\/2025\/01\/IMG_7799-768x432.jpeg 768w, https:\/\/lyceelespierresvives.fr\/wp-content\/uploads\/2025\/01\/IMG_7799-1536x864.jpeg 1536w, https:\/\/lyceelespierresvives.fr\/wp-content\/uploads\/2025\/01\/IMG_7799-2048x1152.jpeg 2048w\" sizes=\"auto, (max-width: 1024px) 100vw, 1024px\" \/><\/figure>\n\n<figure class=\"wp-block-image size-large\"><img loading=\"lazy\" decoding=\"async\" width=\"1024\" height=\"768\" data-id=\"1910\" src=\"https:\/\/lyceelespierresvives.fr\/wp-content\/uploads\/2025\/01\/IMG_7793-1024x768.jpeg\" alt=\"\" class=\"wp-image-1910\" srcset=\"https:\/\/lyceelespierresvives.fr\/wp-content\/uploads\/2025\/01\/IMG_7793-1024x768.jpeg 1024w, https:\/\/lyceelespierresvives.fr\/wp-content\/uploads\/2025\/01\/IMG_7793-300x225.jpeg 300w, https:\/\/lyceelespierresvives.fr\/wp-content\/uploads\/2025\/01\/IMG_7793-768x576.jpeg 768w, https:\/\/lyceelespierresvives.fr\/wp-content\/uploads\/2025\/01\/IMG_7793-1536x1152.jpeg 1536w, https:\/\/lyceelespierresvives.fr\/wp-content\/uploads\/2025\/01\/IMG_7793.jpeg 2048w\" sizes=\"auto, (max-width: 1024px) 100vw, 1024px\" \/><\/figure>\n\n<figure class=\"wp-block-image size-large\"><img loading=\"lazy\" decoding=\"async\" width=\"1024\" height=\"768\" data-id=\"1909\" src=\"https:\/\/lyceelespierresvives.fr\/wp-content\/uploads\/2025\/01\/IMG_7811-1024x768.jpeg\" alt=\"\" class=\"wp-image-1909\" srcset=\"https:\/\/lyceelespierresvives.fr\/wp-content\/uploads\/2025\/01\/IMG_7811-1024x768.jpeg 1024w, https:\/\/lyceelespierresvives.fr\/wp-content\/uploads\/2025\/01\/IMG_7811-300x225.jpeg 300w, https:\/\/lyceelespierresvives.fr\/wp-content\/uploads\/2025\/01\/IMG_7811-768x576.jpeg 768w, https:\/\/lyceelespierresvives.fr\/wp-content\/uploads\/2025\/01\/IMG_7811-1536x1152.jpeg 1536w, https:\/\/lyceelespierresvives.fr\/wp-content\/uploads\/2025\/01\/IMG_7811.jpeg 2048w\" sizes=\"auto, (max-width: 1024px) 100vw, 1024px\" \/><\/figure>\n\n<figure class=\"wp-block-image size-large\"><img loading=\"lazy\" decoding=\"async\" width=\"1024\" height=\"768\" data-id=\"1908\" src=\"https:\/\/lyceelespierresvives.fr\/wp-content\/uploads\/2025\/01\/IMG_7795-1024x768.jpeg\" alt=\"\" class=\"wp-image-1908\" srcset=\"https:\/\/lyceelespierresvives.fr\/wp-content\/uploads\/2025\/01\/IMG_7795-1024x768.jpeg 1024w, https:\/\/lyceelespierresvives.fr\/wp-content\/uploads\/2025\/01\/IMG_7795-300x225.jpeg 300w, https:\/\/lyceelespierresvives.fr\/wp-content\/uploads\/2025\/01\/IMG_7795-768x576.jpeg 768w, https:\/\/lyceelespierresvives.fr\/wp-content\/uploads\/2025\/01\/IMG_7795-1536x1152.jpeg 1536w, https:\/\/lyceelespierresvives.fr\/wp-content\/uploads\/2025\/01\/IMG_7795.jpeg 2048w\" sizes=\"auto, (max-width: 1024px) 100vw, 1024px\" \/><\/figure>\n\n<figure class=\"wp-block-image size-large\"><img loading=\"lazy\" decoding=\"async\" width=\"1024\" height=\"768\" data-id=\"1906\" src=\"https:\/\/lyceelespierresvives.fr\/wp-content\/uploads\/2025\/01\/IMG_7776-1024x768.jpeg\" alt=\"\" class=\"wp-image-1906\" srcset=\"https:\/\/lyceelespierresvives.fr\/wp-content\/uploads\/2025\/01\/IMG_7776-1024x768.jpeg 1024w, https:\/\/lyceelespierresvives.fr\/wp-content\/uploads\/2025\/01\/IMG_7776-300x225.jpeg 300w, https:\/\/lyceelespierresvives.fr\/wp-content\/uploads\/2025\/01\/IMG_7776-768x576.jpeg 768w, https:\/\/lyceelespierresvives.fr\/wp-content\/uploads\/2025\/01\/IMG_7776-1536x1152.jpeg 1536w, https:\/\/lyceelespierresvives.fr\/wp-content\/uploads\/2025\/01\/IMG_7776.jpeg 2048w\" sizes=\"auto, (max-width: 1024px) 100vw, 1024px\" \/><\/figure>\n\n<figure class=\"wp-block-image size-large\"><img loading=\"lazy\" decoding=\"async\" width=\"768\" height=\"1024\" data-id=\"1905\" src=\"https:\/\/lyceelespierresvives.fr\/wp-content\/uploads\/2025\/01\/IMG_7769-768x1024.jpeg\" alt=\"\" class=\"wp-image-1905\" srcset=\"https:\/\/lyceelespierresvives.fr\/wp-content\/uploads\/2025\/01\/IMG_7769-768x1024.jpeg 768w, https:\/\/lyceelespierresvives.fr\/wp-content\/uploads\/2025\/01\/IMG_7769-225x300.jpeg 225w, https:\/\/lyceelespierresvives.fr\/wp-content\/uploads\/2025\/01\/IMG_7769-1152x1536.jpeg 1152w, https:\/\/lyceelespierresvives.fr\/wp-content\/uploads\/2025\/01\/IMG_7769.jpeg 1536w\" sizes=\"auto, (max-width: 768px) 100vw, 768px\" \/><\/figure>\n\n<figure class=\"wp-block-image size-large\"><img loading=\"lazy\" decoding=\"async\" width=\"1024\" height=\"768\" data-id=\"1904\" src=\"https:\/\/lyceelespierresvives.fr\/wp-content\/uploads\/2025\/01\/IMG_7765-1024x768.jpeg\" alt=\"\" class=\"wp-image-1904\" srcset=\"https:\/\/lyceelespierresvives.fr\/wp-content\/uploads\/2025\/01\/IMG_7765-1024x768.jpeg 1024w, https:\/\/lyceelespierresvives.fr\/wp-content\/uploads\/2025\/01\/IMG_7765-300x225.jpeg 300w, https:\/\/lyceelespierresvives.fr\/wp-content\/uploads\/2025\/01\/IMG_7765-768x576.jpeg 768w, https:\/\/lyceelespierresvives.fr\/wp-content\/uploads\/2025\/01\/IMG_7765-1536x1152.jpeg 1536w, https:\/\/lyceelespierresvives.fr\/wp-content\/uploads\/2025\/01\/IMG_7765.jpeg 2048w\" sizes=\"auto, (max-width: 1024px) 100vw, 1024px\" \/><\/figure>\n\n<figure class=\"wp-block-image size-large\"><img loading=\"lazy\" decoding=\"async\" width=\"1024\" height=\"768\" data-id=\"1903\" src=\"https:\/\/lyceelespierresvives.fr\/wp-content\/uploads\/2025\/01\/IMG_7759-1024x768.jpeg\" alt=\"\" class=\"wp-image-1903\" srcset=\"https:\/\/lyceelespierresvives.fr\/wp-content\/uploads\/2025\/01\/IMG_7759-1024x768.jpeg 1024w, https:\/\/lyceelespierresvives.fr\/wp-content\/uploads\/2025\/01\/IMG_7759-300x225.jpeg 300w, https:\/\/lyceelespierresvives.fr\/wp-content\/uploads\/2025\/01\/IMG_7759-768x576.jpeg 768w, https:\/\/lyceelespierresvives.fr\/wp-content\/uploads\/2025\/01\/IMG_7759-1536x1152.jpeg 1536w, https:\/\/lyceelespierresvives.fr\/wp-content\/uploads\/2025\/01\/IMG_7759.jpeg 2048w\" sizes=\"auto, (max-width: 1024px) 100vw, 1024px\" \/><\/figure>\n\n<figure class=\"wp-block-image size-large\"><img loading=\"lazy\" decoding=\"async\" width=\"1024\" height=\"768\" data-id=\"1902\" src=\"https:\/\/lyceelespierresvives.fr\/wp-content\/uploads\/2025\/01\/IMG_7752-1024x768.jpeg\" alt=\"\" class=\"wp-image-1902\" srcset=\"https:\/\/lyceelespierresvives.fr\/wp-content\/uploads\/2025\/01\/IMG_7752-1024x768.jpeg 1024w, https:\/\/lyceelespierresvives.fr\/wp-content\/uploads\/2025\/01\/IMG_7752-300x225.jpeg 300w, https:\/\/lyceelespierresvives.fr\/wp-content\/uploads\/2025\/01\/IMG_7752-768x576.jpeg 768w, https:\/\/lyceelespierresvives.fr\/wp-content\/uploads\/2025\/01\/IMG_7752-1536x1152.jpeg 1536w, https:\/\/lyceelespierresvives.fr\/wp-content\/uploads\/2025\/01\/IMG_7752.jpeg 2048w\" sizes=\"auto, (max-width: 1024px) 100vw, 1024px\" \/><\/figure>\n\n<figure class=\"wp-block-image size-large\"><img loading=\"lazy\" decoding=\"async\" width=\"1024\" height=\"768\" data-id=\"1912\" src=\"https:\/\/lyceelespierresvives.fr\/wp-content\/uploads\/2025\/01\/IMG_7828-1024x768.jpeg\" alt=\"\" class=\"wp-image-1912\" srcset=\"https:\/\/lyceelespierresvives.fr\/wp-content\/uploads\/2025\/01\/IMG_7828-1024x768.jpeg 1024w, https:\/\/lyceelespierresvives.fr\/wp-content\/uploads\/2025\/01\/IMG_7828-300x225.jpeg 300w, https:\/\/lyceelespierresvives.fr\/wp-content\/uploads\/2025\/01\/IMG_7828-768x576.jpeg 768w, https:\/\/lyceelespierresvives.fr\/wp-content\/uploads\/2025\/01\/IMG_7828-1536x1152.jpeg 1536w, https:\/\/lyceelespierresvives.fr\/wp-content\/uploads\/2025\/01\/IMG_7828.jpeg 2048w\" sizes=\"auto, (max-width: 1024px) 100vw, 1024px\" \/><\/figure><\/figure>","protected":false},"excerpt":{"rendered":"<p>Le lyc\u00e9e les Pierres Vives propose plusieurs possibilit\u00e9s pour faire de la musique, \u00e0 tous les niveaux et dans toutes les fili\u00e8res ! La musique en Seconde Au moment de l\u2019inscription p\u00e9dagogique sur EduConnect fin juin de l\u2019ann\u00e9e de Troisi\u00e8me, les \u00e9l\u00e8ves peuvent choisir : Ci-dessous une pr\u00e9sentation du contenu des cours de Seconde :<\/p>\n","protected":false},"author":3,"featured_media":0,"parent":0,"menu_order":4300,"comment_status":"closed","ping_status":"closed","template":"","meta":{"inline_featured_image":false,"footnotes":""},"class_list":["post-818","page","type-page","status-publish","hentry"],"_links":{"self":[{"href":"https:\/\/lyceelespierresvives.fr\/index.php?rest_route=\/wp\/v2\/pages\/818","targetHints":{"allow":["GET"]}}],"collection":[{"href":"https:\/\/lyceelespierresvives.fr\/index.php?rest_route=\/wp\/v2\/pages"}],"about":[{"href":"https:\/\/lyceelespierresvives.fr\/index.php?rest_route=\/wp\/v2\/types\/page"}],"author":[{"embeddable":true,"href":"https:\/\/lyceelespierresvives.fr\/index.php?rest_route=\/wp\/v2\/users\/3"}],"replies":[{"embeddable":true,"href":"https:\/\/lyceelespierresvives.fr\/index.php?rest_route=%2Fwp%2Fv2%2Fcomments&post=818"}],"version-history":[{"count":43,"href":"https:\/\/lyceelespierresvives.fr\/index.php?rest_route=\/wp\/v2\/pages\/818\/revisions"}],"predecessor-version":[{"id":1994,"href":"https:\/\/lyceelespierresvives.fr\/index.php?rest_route=\/wp\/v2\/pages\/818\/revisions\/1994"}],"wp:attachment":[{"href":"https:\/\/lyceelespierresvives.fr\/index.php?rest_route=%2Fwp%2Fv2%2Fmedia&parent=818"}],"curies":[{"name":"wp","href":"https:\/\/api.w.org\/{rel}","templated":true}]}}