{"id":803,"date":"2024-10-05T21:38:19","date_gmt":"2024-10-05T19:38:19","guid":{"rendered":"https:\/\/lyceelespierresvives.fr\/?page_id=803"},"modified":"2025-12-18T09:39:37","modified_gmt":"2025-12-18T08:39:37","slug":"orientation-contacts","status":"publish","type":"page","link":"https:\/\/lyceelespierresvives.fr\/?page_id=803","title":{"rendered":"Orientation &#8211; Contacts et ressources"},"content":{"rendered":"<h3 class=\"wp-block-heading has-text-align-center has-base-color has-custom-color-1-background-color has-text-color has-background has-link-color wp-elements-4f3b1c3109b9b204eeb92250ef77818b\">Qui contacter ?<\/h3><details class=\"wp-block-details is-layout-flow wp-block-details-is-layout-flow\" style=\"font-style:normal;font-weight:700\"><summary>Centre d&rsquo;Information \u00e0 l&rsquo;Orientation (CIO) de Poissy<\/summary><ul style=\"font-weight:normal;color:#909090;\">\n<li>Courriel : <a href='mailto:cio-poissy@ac-versailles.fr'>cio-poissy@ac-versailles.fr<\/a><\/li>\n<li>T\u00e9l\u00e9phone : 01 78 63 22 56 <\/li>\n<li>Adresse : 37 rue Charles-Edouard Jeanneret, 78300 POISSY (\u00e0 partir du 26 janvier 2026 suite \u00e0 un d\u00e9m\u00e9nagement)<\/li>\n<li>Site web : <a href='https:\/\/www.ac-versailles.fr\/cio-poissy-sartrouville' target='_blank'>https:\/\/www.ac-versailles.fr\/cio-poissy-sartrouville<\/a><\/li>\n<li>Acc\u00e8s par les transports en commun :\n<ul>\n<li>Bus : 5 ou 54 (depuis RER Poissy)<\/li>\n<li>Bus : A2 (depuis RER Ach\u00e8res ville)<\/li>\n<li>Arr\u00eat : \u00ab\u00a0rond-point Technoparc\u00a0\u00bb<\/li>\n<\/ul>\n<\/li>\n<\/ul>\n<p style=\"font-weight:normal;color:#909090;\">Au CIO se trouvent des PsyEn. Elles assurent des permanences au lyc\u00e9e. Vous pouvez prendre rendez-vous avec elles <a href='https:\/\/lyceelespierresvives.fr\/?page_id=112' target='_blank'>ici<\/a>.<\/p><\/details><details class=\"wp-block-details is-layout-flow wp-block-details-is-layout-flow\" style=\"font-style:normal;font-weight:700\"><summary>Le professeur principal de votre enfant<\/summary><p style=\"font-weight:normal;color:#909090;\">Il conna\u00eet bien le profil scolaire de votre enfant, et il ma\u00eetrise \u00e9galement les diff\u00e9rentes possibilit\u00e9s d&rsquo;orientation. Il saura vous guider dans le choix de la fili\u00e8re (g\u00e9n\u00e9rale ou technologique) ainsi que dans les choix des sp\u00e9cialit\u00e9s ou du bac technologique. Vous pouvez prendre rendez-vous avec lui en le contactant directement via Pronote ou via l&rsquo;ENT.<\/p><\/details><details class=\"wp-block-details is-layout-flow wp-block-details-is-layout-flow\" style=\"font-style:normal;font-weight:700\"><summary>Les f\u00e9d\u00e9rations de parents d&rsquo;\u00e9l\u00e8ves<\/summary><div class=\"wp-block-columns is-layout-flex wp-container-core-columns-is-layout-28f84493 wp-block-columns-is-layout-flex\" style=\"border-style:none;border-width:0px\"><div class=\"wp-block-column has-border-color is-layout-flow wp-block-column-is-layout-flow\" style=\"border-color:#909090;border-style:solid;border-width:1px;padding-top:0.5rem;padding-bottom:0.5rem;flex-basis:33.34%\"><center style=\"font-weight:normal;color:#909090;\"><strong>PEEP<\/strong><\/center>\n<ul style=\"font-weight:normal;color:#909090;\">\n<li>Sonia RODRIGUEZ :  06 22 71 26 12<\/li>\n<li>Virginie KREMMER : 06 59 36 47 38<\/li>\n<li>Courriel : <a href='mailto:peep.lyceepierresvives@gmail.com'>peep.lyceepierresvives@gmail.com<\/a><\/li>\n<\/ul><\/div>\n\n<div class=\"wp-block-column has-border-color is-layout-flow wp-block-column-is-layout-flow\" style=\"border-color:#909090;border-style:solid;border-width:1px;padding-top:0.5rem;padding-bottom:0.5rem;flex-basis:33.34%\"><center style=\"font-weight:normal;color:#909090;\"><strong>AAPEH<\/strong><\/center>\n<ul style=\"font-weight:normal;color:#909090;\">\n<li>Agn\u00e8s SOREAU : 06 11 93 22 20<\/li>\n<li>Courriel : <a href='mailto:Aapeh.pierresvives@gmail.com'>Aapeh.pierresvives@gmail.com<\/a><\/li>\n<\/ul><\/li>\n<\/ul><\/div>\n\n<div class=\"wp-block-column has-border-color is-layout-flow wp-block-column-is-layout-flow\" style=\"border-color:#909090;border-style:solid;border-width:1px;padding-top:0.5rem;padding-bottom:0.5rem;flex-basis:33.33%\"><center style=\"font-weight:normal;color:#909090;\"><strong>FCPE<\/strong><\/center>\n<ul style=\"font-weight:normal;color:#909090;\">\n<li>Anne AUBERT : 06 50 00 31 48<\/li>\n<li>Florence GAUVARD : 06 79 16 60 00<\/li>\n<li>Courriel : <a href='mailto:fcpepierresvives@gmail.com'>fcpepierresvives@gmail.com<\/a><\/li>\n<\/ul><\/li>\n<\/ul><\/div><\/div><\/details><div style=\"height:10px\" aria-hidden=\"true\" class=\"wp-block-spacer\"><\/div><h3 class=\"wp-block-heading has-text-align-center has-base-color has-custom-color-1-background-color has-text-color has-background has-link-color wp-elements-9450259e27d70b5202ed3ce7064b15fe\">Ressources externes<\/h3><div class=\"wp-block-columns are-vertically-aligned-center is-layout-flex wp-container-core-columns-is-layout-28f84493 wp-block-columns-is-layout-flex\"><div class=\"wp-block-column is-vertically-aligned-center is-layout-flow wp-block-column-is-layout-flow\"><div class=\"wp-block-group is-layout-flow wp-block-group-is-layout-flow\" style=\"border-radius:10px;padding-top:var(--wp--preset--spacing--30);padding-right:var(--wp--preset--spacing--30);padding-bottom:var(--wp--preset--spacing--30);padding-left:var(--wp--preset--spacing--30)\"><figure class=\"wp-block-image aligncenter size-full is-resized\"><a href=\"https:\/\/www.onisep.fr\/mon-orientation-en-ligne\" target=\"_blank\" rel=\"noreferrer noopener\"><img loading=\"lazy\" decoding=\"async\" width=\"476\" height=\"100\" src=\"https:\/\/lyceelespierresvives.fr\/wp-content\/uploads\/2025\/01\/onisep.png\" alt=\"\" class=\"wp-image-1315\" style=\"width:auto;height:80px\" srcset=\"https:\/\/lyceelespierresvives.fr\/wp-content\/uploads\/2025\/01\/onisep.png 476w, https:\/\/lyceelespierresvives.fr\/wp-content\/uploads\/2025\/01\/onisep-300x63.png 300w\" sizes=\"auto, (max-width: 476px) 100vw, 476px\" \/><\/a><\/figure>\n\n<div style=\"height:2px\" aria-hidden=\"true\" class=\"wp-block-spacer\"><\/div>\n\n<h6 class=\"wp-block-heading has-text-align-center has-custom-couleur-1-color has-text-color has-link-color has-roboto-slab-font-family wp-elements-3f6e3c14c9d986507e26ac383050b483\" style=\"margin-top:0;margin-bottom:0\">Onisep<\/h6><\/div><\/div>\n\n<div class=\"wp-block-column is-vertically-aligned-center is-layout-flow wp-block-column-is-layout-flow\"><div class=\"wp-block-group is-layout-flow wp-block-group-is-layout-flow\" style=\"border-radius:10px;padding-top:var(--wp--preset--spacing--30);padding-right:var(--wp--preset--spacing--30);padding-bottom:var(--wp--preset--spacing--30);padding-left:var(--wp--preset--spacing--30)\"><figure class=\"wp-block-image aligncenter size-full is-resized\"><a href=\"https:\/\/www.horizons21.fr\/\" target=\"_blank\" rel=\"noreferrer noopener\"><img loading=\"lazy\" decoding=\"async\" width=\"410\" height=\"100\" src=\"https:\/\/lyceelespierresvives.fr\/wp-content\/uploads\/2025\/01\/horizon21.png\" alt=\"\" class=\"wp-image-1316\" style=\"width:auto;height:80px\" srcset=\"https:\/\/lyceelespierresvives.fr\/wp-content\/uploads\/2025\/01\/horizon21.png 410w, https:\/\/lyceelespierresvives.fr\/wp-content\/uploads\/2025\/01\/horizon21-300x73.png 300w\" sizes=\"auto, (max-width: 410px) 100vw, 410px\" \/><\/a><\/figure>\n\n<div style=\"height:2px\" aria-hidden=\"true\" class=\"wp-block-spacer\"><\/div>\n\n<h6 class=\"wp-block-heading has-text-align-center has-custom-couleur-1-color has-text-color has-link-color has-roboto-slab-font-family wp-elements-d1b947bf2fe7d8f41b792ffc6923133d\" style=\"margin-top:0;margin-bottom:0\">Horizons21<\/h6><\/div><\/div>\n\n<div class=\"wp-block-column is-layout-flow wp-block-column-is-layout-flow\"><div class=\"wp-block-group is-layout-flow wp-block-group-is-layout-flow\" style=\"border-radius:10px;padding-top:var(--wp--preset--spacing--30);padding-right:var(--wp--preset--spacing--30);padding-bottom:var(--wp--preset--spacing--30);padding-left:var(--wp--preset--spacing--30)\"><figure class=\"wp-block-image aligncenter size-full is-resized\"><a href=\" https:\/\/educonnect.education.gouv.fr\/idp\/profile\/SAML2\/POST\/SSO?execution=e3s1\" target=\"_blank\" rel=\" noreferrer noopener\"><img loading=\"lazy\" decoding=\"async\" width=\"221\" height=\"100\" src=\"https:\/\/lyceelespierresvives.fr\/wp-content\/uploads\/2025\/01\/avenirs.png\" alt=\"\" class=\"wp-image-1317\" style=\"width:auto;height:80px\"\/><\/a><\/figure>\n\n<div style=\"height:2px\" aria-hidden=\"true\" class=\"wp-block-spacer\"><\/div>\n\n<h6 class=\"wp-block-heading has-text-align-center has-custom-couleur-1-color has-text-color has-link-color has-roboto-slab-font-family wp-elements-e2f49e0ba2a3f1ab87e0f8e04ca1b721\" style=\"margin-top:0;margin-bottom:0\">Avenirs<\/h6><\/div><\/div>\n\n<div class=\"wp-block-column is-vertically-aligned-center is-layout-flow wp-block-column-is-layout-flow\"><div class=\"wp-block-group is-layout-flow wp-block-group-is-layout-flow\" style=\"border-radius:10px;padding-top:var(--wp--preset--spacing--30);padding-right:var(--wp--preset--spacing--30);padding-bottom:var(--wp--preset--spacing--30);padding-left:var(--wp--preset--spacing--30)\"><figure class=\"wp-block-image aligncenter size-full is-resized\"><a href=\"https:\/\/www.parcoursup.gouv.fr\/\" target=\"_blank\" rel=\" noreferrer noopener\"><img loading=\"lazy\" decoding=\"async\" width=\"188\" height=\"100\" src=\"https:\/\/lyceelespierresvives.fr\/wp-content\/uploads\/2024\/06\/logo_parcoursup.png\" alt=\"\" class=\"wp-image-349\" style=\"width:auto;height:80px\"\/><\/a><\/figure>\n\n<div style=\"height:2px\" aria-hidden=\"true\" class=\"wp-block-spacer\"><\/div>\n\n<h6 class=\"wp-block-heading has-text-align-center has-custom-couleur-1-color has-text-color has-link-color has-roboto-slab-font-family wp-elements-9ccdb45dd0f0acc607102bd9e91cce4f\" style=\"margin-top:0;margin-bottom:0\">Parcoursup<\/h6><\/div><\/div>\n\n<div class=\"wp-block-column is-vertically-aligned-center is-layout-flow wp-block-column-is-layout-flow\"><div class=\"wp-block-group is-layout-flow wp-block-group-is-layout-flow\" style=\"border-radius:10px;padding-top:var(--wp--preset--spacing--30);padding-right:var(--wp--preset--spacing--30);padding-bottom:var(--wp--preset--spacing--30);padding-left:var(--wp--preset--spacing--30)\"><figure class=\"wp-block-image aligncenter size-full is-resized\"><a href=\"https:\/\/www.fun-mooc.fr\/fr\/cours\/?limit=21&amp;offset=0&amp;query=les%20m%C3%A9tiers%20d\" target=\"_blank\" rel=\" noreferrer noopener\"><img loading=\"lazy\" decoding=\"async\" width=\"228\" height=\"100\" src=\"https:\/\/lyceelespierresvives.fr\/wp-content\/uploads\/2025\/01\/fun.png\" alt=\"\" class=\"wp-image-1318\" style=\"width:auto;height:80px\"\/><\/a><\/figure>\n\n<div style=\"height:2px\" aria-hidden=\"true\" class=\"wp-block-spacer\"><\/div>\n\n<h6 class=\"wp-block-heading has-text-align-center has-custom-couleur-1-color has-text-color has-link-color has-roboto-slab-font-family wp-elements-9eee03206e5f0d297f177139eb7574b5\" style=\"margin-top:0;margin-bottom:0\">Fun<\/h6><\/div><\/div><\/div><div style=\"height:10px\" aria-hidden=\"true\" class=\"wp-block-spacer\"><\/div><div class=\"wp-block-columns has-sidebar-shadow-color-background-color has-background is-layout-flex wp-container-core-columns-is-layout-28f84493 wp-block-columns-is-layout-flex\"><div class=\"wp-block-column is-layout-flow wp-block-column-is-layout-flow\"><p class=\"has-text-align-center has-base-color has-custom-color-1-background-color has-text-color has-background has-link-color wp-elements-410e8d15d3d6a322dc71cb050b333b2a\"><a href=\"https:\/\/lyceelespierresvives.fr\/?page_id=797\">Entr\u00e9e en Seconde<\/a><\/p><\/div>\n\n<div class=\"wp-block-column is-layout-flow wp-block-column-is-layout-flow\"><p class=\"has-text-align-center has-base-color has-custom-color-1-background-color has-text-color has-background has-link-color wp-elements-b0f591a0b26f49f4d752042a9ba26cc2\"><a href=\"https:\/\/lyceelespierresvives.fr\/?page_id=799\">Post Seconde<\/a><\/p><\/div>\n\n<div class=\"wp-block-column is-layout-flow wp-block-column-is-layout-flow\"><p class=\"has-text-align-center has-base-color has-custom-color-1-background-color has-text-color has-background has-link-color wp-elements-36ad51ca40cb605b334e4f636be9f515\"><a href=\"https:\/\/lyceelespierresvives.fr\/?page_id=801\">Post Bac<\/a><\/p><\/div><\/div>","protected":false},"excerpt":{"rendered":"<p>Qui contacter ? Ressources externes Onisep Horizons21 Avenirs Parcoursup Fun Entr\u00e9e en Seconde Post Seconde Post Bac<\/p>\n","protected":false},"author":3,"featured_media":0,"parent":0,"menu_order":5400,"comment_status":"closed","ping_status":"closed","template":"","meta":{"inline_featured_image":false,"footnotes":""},"class_list":["post-803","page","type-page","status-publish","hentry"],"_links":{"self":[{"href":"https:\/\/lyceelespierresvives.fr\/index.php?rest_route=\/wp\/v2\/pages\/803","targetHints":{"allow":["GET"]}}],"collection":[{"href":"https:\/\/lyceelespierresvives.fr\/index.php?rest_route=\/wp\/v2\/pages"}],"about":[{"href":"https:\/\/lyceelespierresvives.fr\/index.php?rest_route=\/wp\/v2\/types\/page"}],"author":[{"embeddable":true,"href":"https:\/\/lyceelespierresvives.fr\/index.php?rest_route=\/wp\/v2\/users\/3"}],"replies":[{"embeddable":true,"href":"https:\/\/lyceelespierresvives.fr\/index.php?rest_route=%2Fwp%2Fv2%2Fcomments&post=803"}],"version-history":[{"count":21,"href":"https:\/\/lyceelespierresvives.fr\/index.php?rest_route=\/wp\/v2\/pages\/803\/revisions"}],"predecessor-version":[{"id":2740,"href":"https:\/\/lyceelespierresvives.fr\/index.php?rest_route=\/wp\/v2\/pages\/803\/revisions\/2740"}],"wp:attachment":[{"href":"https:\/\/lyceelespierresvives.fr\/index.php?rest_route=%2Fwp%2Fv2%2Fmedia&parent=803"}],"curies":[{"name":"wp","href":"https:\/\/api.w.org\/{rel}","templated":true}]}}