{"id":799,"date":"2024-10-05T21:32:35","date_gmt":"2024-10-05T19:32:35","guid":{"rendered":"https:\/\/lyceelespierresvives.fr\/?page_id=799"},"modified":"2025-01-09T22:02:35","modified_gmt":"2025-01-09T21:02:35","slug":"orientation-post-seconde","status":"publish","type":"page","link":"https:\/\/lyceelespierresvives.fr\/?page_id=799","title":{"rendered":"Orientation &#8211; Post Seconde"},"content":{"rendered":"<p>Cette section est destin\u00e9e \u00e0 accompagner les parents dans la proc\u00e9dure d&rsquo;orientation de leur enfant \u00e0 l&rsquo;issue de la classe de Seconde.<\/p><p><strong>Rappel : les voeux d&rsquo;orientation doivent \u00eatre saisis sur <a href=\"https:\/\/educonnect.education.gouv.fr\/idp\/profile\/SAML2\/Redirect\/SSO?execution=e1s1\" target=\"_blank\" rel=\"noreferrer noopener\">EduConnect<\/a> avant le 8 janvier 2025 \u00e0 minuit<\/strong>.<\/p><p class=\"has-base-color has-custom-color-1-background-color has-text-color has-background has-link-color has-large-font-size wp-elements-7518a6c7a58ab859abab985183cae0e4\">1. <a href=\"https:\/\/lyceelespierresvives.fr\/?page_id=1340\" data-type=\"page\" data-id=\"1340\">Modalit\u00e9s d&rsquo;orientation (diaporamas et calendrier)<\/a><\/p><p class=\"has-base-color has-custom-color-1-background-color has-text-color has-background has-link-color has-large-font-size wp-elements-88b1674a7fec999e635852f8d001ecd7\">2. <a href=\"https:\/\/lyceelespierresvives.fr\/?page_id=1256\" data-type=\"page\" data-id=\"1256\">Bac g\u00e9n\u00e9ral<\/a><\/p><p class=\"has-base-color has-custom-color-1-background-color has-text-color has-background has-link-color has-large-font-size wp-elements-64d739bf5d89687d621f9ece67514bb4\">3. <a href=\"https:\/\/lyceelespierresvives.fr\/?page_id=1231\" data-type=\"page\" data-id=\"1231\">Bacs technologiques<\/a><\/p><p class=\"has-base-color has-custom-color-1-background-color has-text-color has-background has-link-color has-large-font-size wp-elements-9b33a57f900d6746404acf1914630443\">4. <a href=\"https:\/\/lyceelespierresvives.fr\/?page_id=803\" data-type=\"page\" data-id=\"803\">Contacts et ressources<\/a><\/p>","protected":false},"excerpt":{"rendered":"<p>Cette section est destin\u00e9e \u00e0 accompagner les parents dans la proc\u00e9dure d&rsquo;orientation de leur enfant \u00e0 l&rsquo;issue de la classe de Seconde. Rappel : les voeux d&rsquo;orientation doivent \u00eatre saisis sur EduConnect avant le 8 janvier 2025 \u00e0 minuit. 1. Modalit\u00e9s d&rsquo;orientation (diaporamas et calendrier) 2. Bac g\u00e9n\u00e9ral 3. Bacs technologiques 4. Contacts et ressources<\/p>\n","protected":false},"author":3,"featured_media":0,"parent":0,"menu_order":5200,"comment_status":"closed","ping_status":"closed","template":"","meta":{"inline_featured_image":false,"footnotes":""},"class_list":["post-799","page","type-page","status-publish","hentry"],"_links":{"self":[{"href":"https:\/\/lyceelespierresvives.fr\/index.php?rest_route=\/wp\/v2\/pages\/799","targetHints":{"allow":["GET"]}}],"collection":[{"href":"https:\/\/lyceelespierresvives.fr\/index.php?rest_route=\/wp\/v2\/pages"}],"about":[{"href":"https:\/\/lyceelespierresvives.fr\/index.php?rest_route=\/wp\/v2\/types\/page"}],"author":[{"embeddable":true,"href":"https:\/\/lyceelespierresvives.fr\/index.php?rest_route=\/wp\/v2\/users\/3"}],"replies":[{"embeddable":true,"href":"https:\/\/lyceelespierresvives.fr\/index.php?rest_route=%2Fwp%2Fv2%2Fcomments&post=799"}],"version-history":[{"count":14,"href":"https:\/\/lyceelespierresvives.fr\/index.php?rest_route=\/wp\/v2\/pages\/799\/revisions"}],"predecessor-version":[{"id":1342,"href":"https:\/\/lyceelespierresvives.fr\/index.php?rest_route=\/wp\/v2\/pages\/799\/revisions\/1342"}],"wp:attachment":[{"href":"https:\/\/lyceelespierresvives.fr\/index.php?rest_route=%2Fwp%2Fv2%2Fmedia&parent=799"}],"curies":[{"name":"wp","href":"https:\/\/api.w.org\/{rel}","templated":true}]}}