{"id":775,"date":"2024-10-05T15:01:46","date_gmt":"2024-10-05T13:01:46","guid":{"rendered":"https:\/\/lyceelespierresvives.fr\/?page_id=775"},"modified":"2025-01-24T12:00:13","modified_gmt":"2025-01-24T11:00:13","slug":"venir-au-lycee","status":"publish","type":"page","link":"https:\/\/lyceelespierresvives.fr\/?page_id=775","title":{"rendered":"Venir au lyc\u00e9e"},"content":{"rendered":"<h3 class=\"wp-block-heading has-text-align-center has-base-color has-custom-color-1-background-color has-text-color has-background has-link-color wp-elements-072a2697f12bf510cd1fcf9c96b5ce78\">Localisation<\/h3><p>Le lyc\u00e9e est situ\u00e9 au 1 rue des Alouettes \u00e0 Carri\u00e8res-sur-Seine<\/p><p><iframe src=\"https:\/\/www.google.com\/maps\/embed?pb=!1m14!1m12!1m3!1d1069.0434774467406!2d2.1703609903589633!3d48.91428581820704!2m3!1f0!2f0!3f0!3m2!1i1024!2i768!4f13.1!5e1!3m2!1sfr!2sfr!4v1728416188462!5m2!1sfr!2sfr\" width=\"600\" height=\"450\" style=\"border:0;\" allowfullscreen=\"\" loading=\"lazy\" referrerpolicy=\"no-referrer-when-downgrade\"><\/iframe><\/p><div style=\"height:10px\" aria-hidden=\"true\" class=\"wp-block-spacer\"><\/div><h3 class=\"wp-block-heading has-text-align-center has-base-color has-custom-color-1-background-color has-text-color has-background has-link-color wp-elements-f11d18867706ec60b29c722a34559fc3\">Acc\u00e9der au lyc\u00e9e depuis la gare de Houilles-Carri\u00e8res<\/h3><figure class=\"wp-block-image aligncenter size-full is-resized\"><img loading=\"lazy\" decoding=\"async\" width=\"719\" height=\"115\" src=\"https:\/\/lyceelespierresvives.fr\/wp-content\/uploads\/2025\/01\/Veniraulycee2.png\" alt=\"\" class=\"wp-image-1835\" style=\"width:574px;height:auto\" srcset=\"https:\/\/lyceelespierresvives.fr\/wp-content\/uploads\/2025\/01\/Veniraulycee2.png 719w, https:\/\/lyceelespierresvives.fr\/wp-content\/uploads\/2025\/01\/Veniraulycee2-300x48.png 300w\" sizes=\"auto, (max-width: 719px) 100vw, 719px\" \/><\/figure><p>La gare de Houilles-Carri\u00e8res est accessible via le <a href=\"https:\/\/www.transilien.com\/fr\/page-lignes\/ligne-a\">RER A<\/a>, la <a href=\"https:\/\/www.transilien.com\/fr\/page-lignes\/ligne-l\">ligne L<\/a> et la <a href=\"https:\/\/www.transilien.com\/fr\/page-lignes\/ligne-j\">ligne J<\/a>.<\/p><p>Depuis la gare, le lyc\u00e9e est accessible :<\/p><ul class=\"wp-block-list\"><li>\u00e0 pied en 15 minutes<\/li>\n\n<li>en v\u00e9lo en 5 minutes<\/li>\n\n<li>en bus en 10 minutes (lignes <a href=\"https:\/\/me-deplacer.iledefrance-mobilites.fr\/fiches-horaires\/bus\/line%3AIDFM%3AC00335?direction=1&amp;line&amp;transporter=network%3AIDFM%3A1054%7CArgenteuil+-+Boucles+de+Seine\">C<\/a>, <a href=\"https:\/\/me-deplacer.iledefrance-mobilites.fr\/fiches-horaires\/bus\/line%3AIDFM%3AC00317?direction=1&amp;stopId\">H<\/a>, <a href=\"https:\/\/me-deplacer.iledefrance-mobilites.fr\/fiches-horaires\/bus\/line%3AIDFM%3AC02152?direction=1&amp;line&amp;transporter=network%3AIDFM%3A1054%7CArgenteuil+-+Boucles+de+Seine\">P<\/a> et <a href=\"https:\/\/me-deplacer.iledefrance-mobilites.fr\/fiches-horaires\/bus\/line%3AIDFM%3AC01775?date=2023-01-26T10%3A00&amp;direction=1&amp;line&amp;transporter=%7CArgenteuil+-+Boucles+de+Seine\">S6<\/a>)<\/li><\/ul>","protected":false},"excerpt":{"rendered":"<p>Localisation Le lyc\u00e9e est situ\u00e9 au 1 rue des Alouettes \u00e0 Carri\u00e8res-sur-Seine Acc\u00e9der au lyc\u00e9e depuis la gare de Houilles-Carri\u00e8res La gare de Houilles-Carri\u00e8res est accessible via le RER A, la ligne L et la ligne J. Depuis la gare, le lyc\u00e9e est accessible :<\/p>\n","protected":false},"author":2,"featured_media":0,"parent":0,"menu_order":2300,"comment_status":"closed","ping_status":"closed","template":"","meta":{"inline_featured_image":false,"footnotes":""},"class_list":["post-775","page","type-page","status-publish","hentry"],"_links":{"self":[{"href":"https:\/\/lyceelespierresvives.fr\/index.php?rest_route=\/wp\/v2\/pages\/775","targetHints":{"allow":["GET"]}}],"collection":[{"href":"https:\/\/lyceelespierresvives.fr\/index.php?rest_route=\/wp\/v2\/pages"}],"about":[{"href":"https:\/\/lyceelespierresvives.fr\/index.php?rest_route=\/wp\/v2\/types\/page"}],"author":[{"embeddable":true,"href":"https:\/\/lyceelespierresvives.fr\/index.php?rest_route=\/wp\/v2\/users\/2"}],"replies":[{"embeddable":true,"href":"https:\/\/lyceelespierresvives.fr\/index.php?rest_route=%2Fwp%2Fv2%2Fcomments&post=775"}],"version-history":[{"count":12,"href":"https:\/\/lyceelespierresvives.fr\/index.php?rest_route=\/wp\/v2\/pages\/775\/revisions"}],"predecessor-version":[{"id":1836,"href":"https:\/\/lyceelespierresvives.fr\/index.php?rest_route=\/wp\/v2\/pages\/775\/revisions\/1836"}],"wp:attachment":[{"href":"https:\/\/lyceelespierresvives.fr\/index.php?rest_route=%2Fwp%2Fv2%2Fmedia&parent=775"}],"curies":[{"name":"wp","href":"https:\/\/api.w.org\/{rel}","templated":true}]}}