{"id":772,"date":"2024-10-05T21:28:51","date_gmt":"2024-10-05T19:28:51","guid":{"rendered":"https:\/\/lyceelespierresvives.fr\/?page_id=772"},"modified":"2025-01-06T12:54:39","modified_gmt":"2025-01-06T11:54:39","slug":"horaires-du-lycee","status":"publish","type":"page","link":"https:\/\/lyceelespierresvives.fr\/?page_id=772","title":{"rendered":"Horaires du lyc\u00e9e"},"content":{"rendered":"<h3 class=\"wp-block-heading has-text-align-center has-base-color has-custom-color-1-background-color has-text-color has-background has-link-color wp-elements-90ddb5c301f3208058f1c6caf5326843\">Horaires d&rsquo;ouverture<\/h3><p>Le lyc\u00e9e est ouvert tous les jours de 7h45 \u00e0 18h, sauf le mercredi o\u00f9 il est ouvert de 7h45 \u00e0 16h.<\/p><div style=\"height:10px\" aria-hidden=\"true\" class=\"wp-block-spacer\"><\/div><h3 class=\"wp-block-heading has-text-align-center has-base-color has-custom-color-1-background-color has-text-color has-background has-link-color wp-elements-3e3040b1f6ed56788c304ecbad1e0840\">Horaires des sonneries<\/h3><p>Le tableau ci-dessous indique les horaires des sonneries en vigueur au lyc\u00e9e.<\/p><p>La sonnerie de d\u00e9but marque le d\u00e9but des cours : les \u00e9l\u00e8ves doivent donc \u00eatre pr\u00e9sents dans leur salle de cours.<\/p><div style=\"height:10px\" aria-hidden=\"true\" class=\"wp-block-spacer\"><\/div><div class=\"wp-block-columns is-layout-flex wp-container-core-columns-is-layout-28f84493 wp-block-columns-is-layout-flex\"><div class=\"wp-block-column is-layout-flow wp-block-column-is-layout-flow\" style=\"flex-basis:25%\"><\/div>\n\n<div class=\"wp-block-column is-layout-flow wp-block-column-is-layout-flow\" style=\"flex-basis:50%\">\n<div class=\"wpdt-c row wpDataTableContainerSimpleTable wpDataTables wpDataTablesWrapper\n\"\n    >\n        <table id=\"wpdtSimpleTable-23\"\n           style=\"border-collapse:collapse;\n                   border-spacing:0px;\"\n           class=\"wpdtSimpleTable wpDataTable\"\n           data-column=\"3\"\n           data-rows=\"14\"\n           data-wpID=\"23\"\n           data-responsive=\"0\"\n           data-has-header=\"1\">\n\n                    <thead>        <tr class=\"wpdt-cell-row \" >\n                                <th class=\"wpdt-cell wpdt-align-left wpdt-bold wpdt-empty-cell \"\n                                            data-cell-id=\"A1\"\n                    data-col-index=\"0\"\n                    data-row-index=\"0\"\n                    style=\" width:33.333333333333%;                    padding:10px;\n                    \"\n                    >\n                                                            <\/th>\n                                                <th class=\"wpdt-cell wpdt-align-center wpdt-valign-middle wpdt-bold\"\n                                            data-cell-id=\"B1\"\n                    data-col-index=\"1\"\n                    data-row-index=\"0\"\n                    style=\" width:33.333333333333%;                    padding:10px;\n                    \"\n                    >\n                                        Sonnerie de d\u00e9but                    <\/th>\n                                                <th class=\"wpdt-cell wpdt-align-center wpdt-valign-middle wpdt-bold\"\n                                            data-cell-id=\"C1\"\n                    data-col-index=\"2\"\n                    data-row-index=\"0\"\n                    style=\" width:33.333333333333%;                    padding:10px;\n                    \"\n                    >\n                                        Sonnerie de fin                    <\/th>\n                                        <\/tr>\n                    <tbody>        <tr class=\"wpdt-cell-row odd\" >\n                                <td class=\"wpdt-cell wpdt-align-left wpdt-bold\"\n                                            data-cell-id=\"A2\"\n                    data-col-index=\"0\"\n                    data-row-index=\"1\"\n                    style=\"                    padding:10px;\n                    \"\n                    >\n                                        M1                    <\/td>\n                                                <td class=\"wpdt-cell wpdt-align-center wpdt-valign-middle\"\n                                            data-cell-id=\"B2\"\n                    data-col-index=\"1\"\n                    data-row-index=\"1\"\n                    style=\"                    padding:10px;\n                    \"\n                    >\n                                        8h05                    <\/td>\n                                                <td class=\"wpdt-cell wpdt-align-center wpdt-valign-middle\"\n                                            data-cell-id=\"C2\"\n                    data-col-index=\"2\"\n                    data-row-index=\"1\"\n                    style=\"                    padding:10px;\n                    \"\n                    >\n                                        8h55                    <\/td>\n                                        <\/tr>\n                            <tr class=\"wpdt-cell-row even\" >\n                                <td class=\"wpdt-cell wpdt-align-left wpdt-bold\"\n                                            data-cell-id=\"A3\"\n                    data-col-index=\"0\"\n                    data-row-index=\"2\"\n                    style=\"                    padding:10px;\n                    \"\n                    >\n                                        M2                    <\/td>\n                                                <td class=\"wpdt-cell wpdt-align-center wpdt-valign-middle\"\n                                            data-cell-id=\"B3\"\n                    data-col-index=\"1\"\n                    data-row-index=\"2\"\n                    style=\"                    padding:10px;\n                    \"\n                    >\n                                        9h00                    <\/td>\n                                                <td class=\"wpdt-cell wpdt-align-center wpdt-valign-middle\"\n                                            data-cell-id=\"C3\"\n                    data-col-index=\"2\"\n                    data-row-index=\"2\"\n                    style=\"                    padding:10px;\n                    \"\n                    >\n                                        9h50                    <\/td>\n                                        <\/tr>\n                            <tr class=\"wpdt-cell-row odd\" >\n                                <td class=\"wpdt-cell wpdt-align-left wpdt-bold\"\n                                            data-cell-id=\"A4\"\n                    data-col-index=\"0\"\n                    data-row-index=\"3\"\n                    style=\"                    padding:10px;\n                    \"\n                    >\n                                        R\u00e9cr\u00e9ation                    <\/td>\n                                                <td class=\"wpdt-cell wpdt-align-center wpdt-valign-middle\"\n                                            data-cell-id=\"B4\"\n                    data-col-index=\"1\"\n                    data-row-index=\"3\"\n                    style=\"                    padding:10px;\n                    \"\n                    >\n                                        9h50                    <\/td>\n                                                <td class=\"wpdt-cell wpdt-align-center wpdt-valign-middle\"\n                                            data-cell-id=\"C4\"\n                    data-col-index=\"2\"\n                    data-row-index=\"3\"\n                    style=\"                    padding:10px;\n                    \"\n                    >\n                                        10h05                    <\/td>\n                                        <\/tr>\n                            <tr class=\"wpdt-cell-row even\" >\n                                <td class=\"wpdt-cell wpdt-align-left wpdt-bold\"\n                                            data-cell-id=\"A5\"\n                    data-col-index=\"0\"\n                    data-row-index=\"4\"\n                    style=\"                    padding:10px;\n                    \"\n                    >\n                                        M3                    <\/td>\n                                                <td class=\"wpdt-cell wpdt-align-center wpdt-valign-middle\"\n                                            data-cell-id=\"B5\"\n                    data-col-index=\"1\"\n                    data-row-index=\"4\"\n                    style=\"                    padding:10px;\n                    \"\n                    >\n                                        10h05                    <\/td>\n                                                <td class=\"wpdt-cell wpdt-align-center wpdt-valign-middle\"\n                                            data-cell-id=\"C5\"\n                    data-col-index=\"2\"\n                    data-row-index=\"4\"\n                    style=\"                    padding:10px;\n                    \"\n                    >\n                                        10h55                    <\/td>\n                                        <\/tr>\n                            <tr class=\"wpdt-cell-row odd\" >\n                                <td class=\"wpdt-cell wpdt-align-left wpdt-bold\"\n                                            data-cell-id=\"A6\"\n                    data-col-index=\"0\"\n                    data-row-index=\"5\"\n                    style=\"                    padding:10px;\n                    \"\n                    >\n                                        M4                    <\/td>\n                                                <td class=\"wpdt-cell wpdt-align-center wpdt-valign-middle\"\n                                            data-cell-id=\"B6\"\n                    data-col-index=\"1\"\n                    data-row-index=\"5\"\n                    style=\"                    padding:10px;\n                    \"\n                    >\n                                        11h00                    <\/td>\n                                                <td class=\"wpdt-cell wpdt-align-center wpdt-valign-middle\"\n                                            data-cell-id=\"C6\"\n                    data-col-index=\"2\"\n                    data-row-index=\"5\"\n                    style=\"                    padding:10px;\n                    \"\n                    >\n                                        11h50                    <\/td>\n                                        <\/tr>\n                            <tr class=\"wpdt-cell-row even\" >\n                                <td class=\"wpdt-cell wpdt-align-left wpdt-bold\"\n                                            data-cell-id=\"A7\"\n                    data-col-index=\"0\"\n                    data-row-index=\"6\"\n                    style=\"                    padding:10px;\n                    \"\n                    >\n                                        M5                    <\/td>\n                                                <td class=\"wpdt-cell wpdt-align-center wpdt-valign-middle\"\n                                            data-cell-id=\"B7\"\n                    data-col-index=\"1\"\n                    data-row-index=\"6\"\n                    style=\"                    padding:10px;\n                    \"\n                    >\n                                        11h55                    <\/td>\n                                                <td class=\"wpdt-cell wpdt-align-center wpdt-valign-middle\"\n                                            data-cell-id=\"C7\"\n                    data-col-index=\"2\"\n                    data-row-index=\"6\"\n                    style=\"                    padding:10px;\n                    \"\n                    >\n                                        12h45                    <\/td>\n                                        <\/tr>\n                            <tr class=\"wpdt-cell-row odd\" >\n                                <td class=\"wpdt-cell wpdt-align-left wpdt-bold\"\n                                            data-cell-id=\"A8\"\n                    data-col-index=\"0\"\n                    data-row-index=\"7\"\n                    style=\"                    padding:10px;\n                    \"\n                    >\n                                        Pause m\u00e9ridienne                    <\/td>\n                                                <td class=\"wpdt-cell wpdt-align-center wpdt-valign-middle\"\n                                            data-cell-id=\"B8\"\n                    data-col-index=\"1\"\n                    data-row-index=\"7\"\n                    style=\"                    padding:10px;\n                    \"\n                    >\n                                        12h45                    <\/td>\n                                                <td class=\"wpdt-cell wpdt-align-center wpdt-valign-middle\"\n                                            data-cell-id=\"C8\"\n                    data-col-index=\"2\"\n                    data-row-index=\"7\"\n                    style=\"                    padding:10px;\n                    \"\n                    >\n                                        13h05                    <\/td>\n                                        <\/tr>\n                            <tr class=\"wpdt-cell-row even\" >\n                                <td class=\"wpdt-cell wpdt-align-left wpdt-bold\"\n                                            data-cell-id=\"A9\"\n                    data-col-index=\"0\"\n                    data-row-index=\"8\"\n                    style=\"                    padding:10px;\n                    \"\n                    >\n                                        M6                    <\/td>\n                                                <td class=\"wpdt-cell wpdt-align-center wpdt-valign-middle\"\n                                            data-cell-id=\"B9\"\n                    data-col-index=\"1\"\n                    data-row-index=\"8\"\n                    style=\"                    padding:10px;\n                    \"\n                    >\n                                        13h05                    <\/td>\n                                                <td class=\"wpdt-cell wpdt-align-center wpdt-valign-middle\"\n                                            data-cell-id=\"C9\"\n                    data-col-index=\"2\"\n                    data-row-index=\"8\"\n                    style=\"                    padding:10px;\n                    \"\n                    >\n                                        13h55                    <\/td>\n                                        <\/tr>\n                            <tr class=\"wpdt-cell-row odd\" >\n                                <td class=\"wpdt-cell wpdt-align-left wpdt-bold\"\n                                            data-cell-id=\"A10\"\n                    data-col-index=\"0\"\n                    data-row-index=\"9\"\n                    style=\"                    padding:10px;\n                    \"\n                    >\n                                        M7                    <\/td>\n                                                <td class=\"wpdt-cell wpdt-align-center wpdt-valign-middle\"\n                                            data-cell-id=\"B10\"\n                    data-col-index=\"1\"\n                    data-row-index=\"9\"\n                    style=\"                    padding:10px;\n                    \"\n                    >\n                                        14h00                    <\/td>\n                                                <td class=\"wpdt-cell wpdt-align-center wpdt-valign-middle\"\n                                            data-cell-id=\"C10\"\n                    data-col-index=\"2\"\n                    data-row-index=\"9\"\n                    style=\"                    padding:10px;\n                    \"\n                    >\n                                        14h50                    <\/td>\n                                        <\/tr>\n                            <tr class=\"wpdt-cell-row even\" >\n                                <td class=\"wpdt-cell wpdt-align-left wpdt-bold\"\n                                            data-cell-id=\"A11\"\n                    data-col-index=\"0\"\n                    data-row-index=\"10\"\n                    style=\"                    padding:10px;\n                    \"\n                    >\n                                        M8                    <\/td>\n                                                <td class=\"wpdt-cell wpdt-align-center wpdt-valign-middle\"\n                                            data-cell-id=\"B11\"\n                    data-col-index=\"1\"\n                    data-row-index=\"10\"\n                    style=\"                    padding:10px;\n                    \"\n                    >\n                                        14h55                    <\/td>\n                                                <td class=\"wpdt-cell wpdt-align-center wpdt-valign-middle\"\n                                            data-cell-id=\"C11\"\n                    data-col-index=\"2\"\n                    data-row-index=\"10\"\n                    style=\"                    padding:10px;\n                    \"\n                    >\n                                        15h45                    <\/td>\n                                        <\/tr>\n                            <tr class=\"wpdt-cell-row odd\" >\n                                <td class=\"wpdt-cell wpdt-align-left wpdt-bold\"\n                                            data-cell-id=\"A12\"\n                    data-col-index=\"0\"\n                    data-row-index=\"11\"\n                    style=\"                    padding:10px;\n                    \"\n                    >\n                                        R\u00e9cr\u00e9ation                    <\/td>\n                                                <td class=\"wpdt-cell wpdt-align-center wpdt-valign-middle\"\n                                            data-cell-id=\"B12\"\n                    data-col-index=\"1\"\n                    data-row-index=\"11\"\n                    style=\"                    padding:10px;\n                    \"\n                    >\n                                        15h45                    <\/td>\n                                                <td class=\"wpdt-cell wpdt-align-center wpdt-valign-middle\"\n                                            data-cell-id=\"C12\"\n                    data-col-index=\"2\"\n                    data-row-index=\"11\"\n                    style=\"                    padding:10px;\n                    \"\n                    >\n                                        16h00                    <\/td>\n                                        <\/tr>\n                            <tr class=\"wpdt-cell-row even\" >\n                                <td class=\"wpdt-cell wpdt-align-left wpdt-bold\"\n                                            data-cell-id=\"A13\"\n                    data-col-index=\"0\"\n                    data-row-index=\"12\"\n                    style=\"                    padding:10px;\n                    \"\n                    >\n                                        M9                    <\/td>\n                                                <td class=\"wpdt-cell wpdt-align-center wpdt-valign-middle\"\n                                            data-cell-id=\"B13\"\n                    data-col-index=\"1\"\n                    data-row-index=\"12\"\n                    style=\"                    padding:10px;\n                    \"\n                    >\n                                        16h00                    <\/td>\n                                                <td class=\"wpdt-cell wpdt-align-center wpdt-valign-middle\"\n                                            data-cell-id=\"C13\"\n                    data-col-index=\"2\"\n                    data-row-index=\"12\"\n                    style=\"                    padding:10px;\n                    \"\n                    >\n                                        16h50                    <\/td>\n                                        <\/tr>\n                            <tr class=\"wpdt-cell-row odd\" >\n                                <td class=\"wpdt-cell wpdt-align-left wpdt-bold\"\n                                            data-cell-id=\"A14\"\n                    data-col-index=\"0\"\n                    data-row-index=\"13\"\n                    style=\"                    padding:10px;\n                    \"\n                    >\n                                        M10                    <\/td>\n                                                <td class=\"wpdt-cell wpdt-align-center wpdt-valign-middle\"\n                                            data-cell-id=\"B14\"\n                    data-col-index=\"1\"\n                    data-row-index=\"13\"\n                    style=\"                    padding:10px;\n                    \"\n                    >\n                                        16h55                    <\/td>\n                                                <td class=\"wpdt-cell wpdt-align-center wpdt-valign-middle\"\n                                            data-cell-id=\"C14\"\n                    data-col-index=\"2\"\n                    data-row-index=\"13\"\n                    style=\"                    padding:10px;\n                    \"\n                    >\n                                        17h45                    <\/td>\n                                        <\/tr>\n                    <\/table>\n<\/div><style id='wpdt-custom-style-23'>\n<\/style>\n<\/div>\n\n<div class=\"wp-block-column is-layout-flow wp-block-column-is-layout-flow\" style=\"flex-basis:25%\"><\/div><\/div>","protected":false},"excerpt":{"rendered":"<p>Horaires d&rsquo;ouverture Le lyc\u00e9e est ouvert tous les jours de 7h45 \u00e0 18h, sauf le mercredi o\u00f9 il est ouvert de 7h45 \u00e0 16h. Horaires des sonneries Le tableau ci-dessous indique les horaires des sonneries en vigueur au lyc\u00e9e. La sonnerie de d\u00e9but marque le d\u00e9but des cours : les \u00e9l\u00e8ves doivent donc \u00eatre pr\u00e9sents [&hellip;]<\/p>\n","protected":false},"author":2,"featured_media":0,"parent":0,"menu_order":2400,"comment_status":"closed","ping_status":"closed","template":"","meta":{"inline_featured_image":false,"footnotes":""},"class_list":["post-772","page","type-page","status-publish","hentry"],"_links":{"self":[{"href":"https:\/\/lyceelespierresvives.fr\/index.php?rest_route=\/wp\/v2\/pages\/772","targetHints":{"allow":["GET"]}}],"collection":[{"href":"https:\/\/lyceelespierresvives.fr\/index.php?rest_route=\/wp\/v2\/pages"}],"about":[{"href":"https:\/\/lyceelespierresvives.fr\/index.php?rest_route=\/wp\/v2\/types\/page"}],"author":[{"embeddable":true,"href":"https:\/\/lyceelespierresvives.fr\/index.php?rest_route=\/wp\/v2\/users\/2"}],"replies":[{"embeddable":true,"href":"https:\/\/lyceelespierresvives.fr\/index.php?rest_route=%2Fwp%2Fv2%2Fcomments&post=772"}],"version-history":[{"count":10,"href":"https:\/\/lyceelespierresvives.fr\/index.php?rest_route=\/wp\/v2\/pages\/772\/revisions"}],"predecessor-version":[{"id":995,"href":"https:\/\/lyceelespierresvives.fr\/index.php?rest_route=\/wp\/v2\/pages\/772\/revisions\/995"}],"wp:attachment":[{"href":"https:\/\/lyceelespierresvives.fr\/index.php?rest_route=%2Fwp%2Fv2%2Fmedia&parent=772"}],"curies":[{"name":"wp","href":"https:\/\/api.w.org\/{rel}","templated":true}]}}