{"id":2825,"date":"2026-04-09T20:48:35","date_gmt":"2026-04-09T18:48:35","guid":{"rendered":"https:\/\/lyceelespierresvives.fr\/?page_id=2825"},"modified":"2026-04-09T20:48:35","modified_gmt":"2026-04-09T18:48:35","slug":"federations","status":"publish","type":"page","link":"https:\/\/lyceelespierresvives.fr\/?page_id=2825","title":{"rendered":"F\u00e9d\u00e9rations de parents d&rsquo;\u00e9l\u00e8ves"},"content":{"rendered":"<div class=\"wp-block-columns is-layout-flex wp-container-core-columns-is-layout-28f84493 wp-block-columns-is-layout-flex\" style=\"border-style:none;border-width:0px\"><div class=\"wp-block-column has-border-color is-layout-flow wp-block-column-is-layout-flow\" style=\"border-color:#909090;border-style:solid;border-width:1px;padding-top:0.5rem;padding-bottom:0.5rem;flex-basis:33.34%\"><center style=\"font-weight:normal;color:#909090;\"><strong>PEEP<\/strong><\/center>\r\n<ul style=\"font-weight:normal;color:#909090;\">\r\n<li>Sonia RODRIGUEZ :  06 22 71 26 12<\/li>\r\n<li>Virginie KREMMER : 06 59 36 47 38<\/li>\r\n<li>Courriel : <a href='mailto:peep.lyceepierresvives@gmail.com'>peep.lyceepierresvives@gmail.com<\/a><\/li>\r\n<\/ul><\/div>\n\n<div class=\"wp-block-column has-border-color is-layout-flow wp-block-column-is-layout-flow\" style=\"border-color:#909090;border-style:solid;border-width:1px;padding-top:0.5rem;padding-bottom:0.5rem;flex-basis:33.34%\"><center style=\"font-weight:normal;color:#909090;\"><strong>AAPEH<\/strong><\/center>\r\n<ul style=\"font-weight:normal;color:#909090;\">\r\n<li>Agn\u00e8s SOREAU : 06 11 93 22 20<\/li>\r\n<li>Courriel : <a href='mailto:Aapeh.pierresvives@gmail.com'>Aapeh.pierresvives@gmail.com<\/a><\/li>\r\n<\/ul><\/li>\r\n<\/ul><\/div>\n\n<div class=\"wp-block-column has-border-color is-layout-flow wp-block-column-is-layout-flow\" style=\"border-color:#909090;border-style:solid;border-width:1px;padding-top:0.5rem;padding-bottom:0.5rem;flex-basis:33.33%\"><center style=\"font-weight:normal;color:#909090;\"><strong>FCPE<\/strong><\/center>\r\n<ul style=\"font-weight:normal;color:#909090;\">\r\n<li>Anne AUBERT : 06 50 00 31 48<\/li>\r\n<li>Florence GAUVARD : 06 79 16 60 00<\/li>\r\n<li>Courriel : <a href='mailto:fcpepierresvives@gmail.com'>fcpepierresvives@gmail.com<\/a><\/li>\r\n<\/ul><\/li>\r\n<\/ul><\/div><\/div>","protected":false},"excerpt":{"rendered":"<p>PEEP Sonia RODRIGUEZ : 06 22 71 26 12 Virginie KREMMER : 06 59 36 47 38 Courriel : peep.lyceepierresvives@gmail.com AAPEH Agn\u00e8s SOREAU : 06 11 93 22 20 Courriel : Aapeh.pierresvives@gmail.com FCPE Anne AUBERT : 06 50 00 31 48 Florence GAUVARD : 06 79 16 60 00 Courriel : fcpepierresvives@gmail.com<\/p>\n","protected":false},"author":3,"featured_media":0,"parent":0,"menu_order":0,"comment_status":"closed","ping_status":"closed","template":"","meta":{"inline_featured_image":false,"footnotes":""},"class_list":["post-2825","page","type-page","status-publish","hentry"],"_links":{"self":[{"href":"https:\/\/lyceelespierresvives.fr\/index.php?rest_route=\/wp\/v2\/pages\/2825","targetHints":{"allow":["GET"]}}],"collection":[{"href":"https:\/\/lyceelespierresvives.fr\/index.php?rest_route=\/wp\/v2\/pages"}],"about":[{"href":"https:\/\/lyceelespierresvives.fr\/index.php?rest_route=\/wp\/v2\/types\/page"}],"author":[{"embeddable":true,"href":"https:\/\/lyceelespierresvives.fr\/index.php?rest_route=\/wp\/v2\/users\/3"}],"replies":[{"embeddable":true,"href":"https:\/\/lyceelespierresvives.fr\/index.php?rest_route=%2Fwp%2Fv2%2Fcomments&post=2825"}],"version-history":[{"count":1,"href":"https:\/\/lyceelespierresvives.fr\/index.php?rest_route=\/wp\/v2\/pages\/2825\/revisions"}],"predecessor-version":[{"id":2826,"href":"https:\/\/lyceelespierresvives.fr\/index.php?rest_route=\/wp\/v2\/pages\/2825\/revisions\/2826"}],"wp:attachment":[{"href":"https:\/\/lyceelespierresvives.fr\/index.php?rest_route=%2Fwp%2Fv2%2Fmedia&parent=2825"}],"curies":[{"name":"wp","href":"https:\/\/api.w.org\/{rel}","templated":true}]}}