{"id":28,"date":"2024-06-20T10:55:13","date_gmt":"2024-06-20T08:55:13","guid":{"rendered":"https:\/\/lyceelespierresvives.fr\/?page_id=28"},"modified":"2025-01-06T12:53:03","modified_gmt":"2025-01-06T11:53:03","slug":"faq","status":"publish","type":"page","link":"https:\/\/lyceelespierresvives.fr\/?page_id=28","title":{"rendered":"FAQ"},"content":{"rendered":"<p>Vous trouverez ici les r\u00e9ponses aux questions les plus fr\u00e9quentes que vous vous posez.<br><br>Ces questions ont \u00e9t\u00e9 r\u00e9parties en quatre th\u00e8mes :<\/p><div class=\"wp-block-group has-global-padding is-layout-constrained wp-block-group-is-layout-constrained\"><div class=\"wp-block-group has-global-padding is-layout-constrained wp-container-core-group-is-layout-c385debf wp-block-group-is-layout-constrained\" style=\"border-width:1px;border-radius:20px;padding-top:var(--wp--preset--spacing--20);padding-right:var(--wp--preset--spacing--20);padding-bottom:var(--wp--preset--spacing--20);padding-left:var(--wp--preset--spacing--20)\"><p class=\"has-text-align-center has-large-font-size\"><strong><a href=\"https:\/\/lyceelespierresvives.fr\/?page_id=34\">Admission<\/a><\/strong><\/p>\n\n<div class=\"wp-block-media-text is-stacked-on-mobile\" style=\"grid-template-columns:21% auto\"><figure class=\"wp-block-media-text__media\"><a href=\"https:\/\/lyceelespierresvives.fr\/?page_id=34\"><img loading=\"lazy\" decoding=\"async\" width=\"300\" height=\"177\" src=\"https:\/\/lyceelespierresvives.fr\/wp-content\/uploads\/2024\/10\/Sky-Blue-Illustration-Field-Trip-Poster-1.png\" alt=\"\" class=\"wp-image-702 size-full\"\/><\/a><\/figure><div class=\"wp-block-media-text__content\"><p>Vous trouverez ici les r\u00e9ponses \u00e0 de nombreuses questions concernant les admissions des \u00e9l\u00e8ves en Seconde, en Premi\u00e8re et\/ou Terminale de la voie g\u00e9n\u00e9rale et en Premi\u00e8re et\/ou Terminale de la voie technologique STI2D.<\/p><\/div><\/div><\/div>\n\n<div class=\"wp-block-group has-global-padding is-layout-constrained wp-container-core-group-is-layout-c385debf wp-block-group-is-layout-constrained\" style=\"border-width:1px;border-radius:20px;padding-top:var(--wp--preset--spacing--20);padding-right:var(--wp--preset--spacing--20);padding-bottom:var(--wp--preset--spacing--20);padding-left:var(--wp--preset--spacing--20)\"><p class=\"has-text-align-center has-large-font-size\"><strong><a href=\"https:\/\/lyceelespierresvives.fr\/?page_id=55\">Vie scolaire<\/a><\/strong><\/p>\n\n<div class=\"wp-block-media-text is-stacked-on-mobile\" style=\"grid-template-columns:21% auto\"><figure class=\"wp-block-media-text__media\"><a href=\"https:\/\/lyceelespierresvives.fr\/?page_id=55\"><img loading=\"lazy\" decoding=\"async\" width=\"300\" height=\"153\" src=\"https:\/\/lyceelespierresvives.fr\/wp-content\/uploads\/2024\/10\/1-copie.png\" alt=\"\" class=\"wp-image-714 size-full\"\/><\/a><\/figure><div class=\"wp-block-media-text__content\"><p>Vous trouverez ici les r\u00e9ponses \u00e0 de nombreuses questions concernant la vie scolaire, comme les justifications d\u2019absences et de retards, les horaires de sonneries, etc.<\/p><\/div><\/div><\/div>\n\n<div class=\"wp-block-group has-global-padding is-layout-constrained wp-container-core-group-is-layout-c385debf wp-block-group-is-layout-constrained\" style=\"border-width:1px;border-radius:20px;padding-top:var(--wp--preset--spacing--20);padding-right:var(--wp--preset--spacing--20);padding-bottom:var(--wp--preset--spacing--20);padding-left:var(--wp--preset--spacing--20)\"><p class=\"has-text-align-center has-large-font-size\"><strong><a href=\"https:\/\/lyceelespierresvives.fr\/?page_id=58\">Intendance et restauration<\/a><\/strong><\/p>\n\n<div class=\"wp-block-media-text is-stacked-on-mobile\" style=\"grid-template-columns:21% auto\"><figure class=\"wp-block-media-text__media\"><a href=\"https:\/\/lyceelespierresvives.fr\/?page_id=58\"><img loading=\"lazy\" decoding=\"async\" width=\"300\" height=\"192\" src=\"https:\/\/lyceelespierresvives.fr\/wp-content\/uploads\/2024\/10\/2-copie-2.png\" alt=\"\" class=\"wp-image-715 size-full\"\/><\/a><\/figure><div class=\"wp-block-media-text__content\"><p>Vous trouverez ici les r\u00e9ponses \u00e0 de nombreuses questions concernant l\u2019intendance et la restauration : bourses, cantine, manuels scolaires, Pass Navigo et PC R\u00e9gion<\/p><\/div><\/div><\/div>\n\n<div class=\"wp-block-group has-global-padding is-layout-constrained wp-container-core-group-is-layout-c385debf wp-block-group-is-layout-constrained\" style=\"border-width:1px;border-radius:20px;padding-top:var(--wp--preset--spacing--20);padding-right:var(--wp--preset--spacing--20);padding-bottom:var(--wp--preset--spacing--20);padding-left:var(--wp--preset--spacing--20)\"><p class=\"has-text-align-center has-large-font-size\"><strong><a href=\"https:\/\/lyceelespierresvives.fr\/?page_id=61\">Utilisation des outils num\u00e9riques<\/a><\/strong><\/p>\n\n<div class=\"wp-block-media-text is-stacked-on-mobile\" style=\"grid-template-columns:21% auto\"><figure class=\"wp-block-media-text__media\"><a href=\"https:\/\/lyceelespierresvives.fr\/?page_id=61\"><img loading=\"lazy\" decoding=\"async\" width=\"300\" height=\"256\" src=\"https:\/\/lyceelespierresvives.fr\/wp-content\/uploads\/2024\/10\/2-copie.png\" alt=\"\" class=\"wp-image-716 size-full\"\/><\/a><\/figure><div class=\"wp-block-media-text__content\"><p>Vous trouverez ici les r\u00e9ponses \u00e0 de nombreuses questions concernant l\u2019utilisation des outils num\u00e9riques tels que l\u2019ENT Ile-de-France (connexion, identifiant, mails, etc.) ou Pronote.<\/p><\/div><\/div><\/div>\n\n<div class=\"wp-block-query is-layout-flow wp-block-query-is-layout-flow\"><ul class=\"wp-block-post-template is-layout-flow wp-block-post-template-is-layout-flow\"><li class=\"wp-block-post post-2732 post type-post status-publish format-standard has-post-thumbnail hentry category-general\"><div class=\"wp-block-query is-layout-flow wp-block-query-is-layout-flow\"><ul class=\"wp-block-post-template is-layout-flow wp-block-post-template-is-layout-flow\"><li class=\"wp-block-post post-2732 post type-post status-publish format-standard has-post-thumbnail hentry category-general\"><p><\/p><\/li><li class=\"wp-block-post post-2716 post type-post status-publish format-standard has-post-thumbnail hentry category-general\"><p><\/p><\/li><li class=\"wp-block-post post-2701 post type-post status-publish format-standard has-post-thumbnail hentry category-culturel\"><p><\/p><\/li><\/ul><\/div><\/li><li class=\"wp-block-post post-2716 post type-post status-publish format-standard has-post-thumbnail hentry category-general\"><div class=\"wp-block-query is-layout-flow wp-block-query-is-layout-flow\"><ul class=\"wp-block-post-template is-layout-flow wp-block-post-template-is-layout-flow\"><li class=\"wp-block-post post-2732 post type-post status-publish format-standard has-post-thumbnail hentry category-general\"><p><\/p><\/li><li class=\"wp-block-post post-2716 post type-post status-publish format-standard has-post-thumbnail hentry category-general\"><p><\/p><\/li><li class=\"wp-block-post post-2701 post type-post status-publish format-standard has-post-thumbnail hentry category-culturel\"><p><\/p><\/li><\/ul><\/div><\/li><li class=\"wp-block-post post-2701 post type-post status-publish format-standard has-post-thumbnail hentry category-culturel\"><div class=\"wp-block-query is-layout-flow wp-block-query-is-layout-flow\"><ul class=\"wp-block-post-template is-layout-flow wp-block-post-template-is-layout-flow\"><li class=\"wp-block-post post-2732 post type-post status-publish format-standard has-post-thumbnail hentry category-general\"><p><\/p><\/li><li class=\"wp-block-post post-2716 post type-post status-publish format-standard has-post-thumbnail hentry category-general\"><p><\/p><\/li><li class=\"wp-block-post post-2701 post type-post status-publish format-standard has-post-thumbnail hentry category-culturel\"><p><\/p><\/li><\/ul><\/div><\/li><\/ul><\/div><\/div>","protected":false},"excerpt":{"rendered":"<p>Vous trouverez ici les r\u00e9ponses aux questions les plus fr\u00e9quentes que vous vous posez. Ces questions ont \u00e9t\u00e9 r\u00e9parties en quatre th\u00e8mes : Admission Vous trouverez ici les r\u00e9ponses \u00e0 de nombreuses questions concernant les admissions des \u00e9l\u00e8ves en Seconde, en Premi\u00e8re et\/ou Terminale de la voie g\u00e9n\u00e9rale et en Premi\u00e8re et\/ou Terminale de la [&hellip;]<\/p>\n","protected":false},"author":1,"featured_media":0,"parent":0,"menu_order":6000,"comment_status":"closed","ping_status":"closed","template":"","meta":{"inline_featured_image":false,"footnotes":""},"class_list":["post-28","page","type-page","status-publish","hentry"],"_links":{"self":[{"href":"https:\/\/lyceelespierresvives.fr\/index.php?rest_route=\/wp\/v2\/pages\/28","targetHints":{"allow":["GET"]}}],"collection":[{"href":"https:\/\/lyceelespierresvives.fr\/index.php?rest_route=\/wp\/v2\/pages"}],"about":[{"href":"https:\/\/lyceelespierresvives.fr\/index.php?rest_route=\/wp\/v2\/types\/page"}],"author":[{"embeddable":true,"href":"https:\/\/lyceelespierresvives.fr\/index.php?rest_route=\/wp\/v2\/users\/1"}],"replies":[{"embeddable":true,"href":"https:\/\/lyceelespierresvives.fr\/index.php?rest_route=%2Fwp%2Fv2%2Fcomments&post=28"}],"version-history":[{"count":33,"href":"https:\/\/lyceelespierresvives.fr\/index.php?rest_route=\/wp\/v2\/pages\/28\/revisions"}],"predecessor-version":[{"id":721,"href":"https:\/\/lyceelespierresvives.fr\/index.php?rest_route=\/wp\/v2\/pages\/28\/revisions\/721"}],"wp:attachment":[{"href":"https:\/\/lyceelespierresvives.fr\/index.php?rest_route=%2Fwp%2Fv2%2Fmedia&parent=28"}],"curies":[{"name":"wp","href":"https:\/\/api.w.org\/{rel}","templated":true}]}}