{"id":2665,"date":"2025-10-23T19:12:05","date_gmt":"2025-10-23T17:12:05","guid":{"rendered":"https:\/\/lyceelespierresvives.fr\/?page_id=2665"},"modified":"2026-03-31T13:36:36","modified_gmt":"2026-03-31T11:36:36","slug":"boutique-chocolats","status":"publish","type":"page","link":"https:\/\/lyceelespierresvives.fr\/?page_id=2665","title":{"rendered":"Boutique &#8211; Chocolats"},"content":{"rendered":"<p>Le lyc\u00e9e a plaisir de vous proposer un partenariat avec la chocolaterie Daskalid\u00e8s situ\u00e9e \u00e0 Houilles. Retrouvez une s\u00e9lection de chocolats, mendiants ou p\u00e2tes de fruits \u00e0 tarifs pr\u00e9f\u00e9rentiels.<\/p><p>Les commandes seront \u00e0 retirer et \u00e0 payer directement \u00e0 la boutique.<\/p><p><\/p><div class=\"wp-block-columns is-layout-flex wp-container-core-columns-is-layout-28f84493 wp-block-columns-is-layout-flex rbc-is-hidden-on-wide rbc-is-hidden-on-desktop rbc-is-hidden-on-tablet rbc-is-hidden-on-mobile\"><div class=\"wp-block-column is-layout-flow wp-block-column-is-layout-flow\"><figure class=\"wp-block-image size-full\"><img loading=\"lazy\" decoding=\"async\" width=\"500\" height=\"500\" src=\"https:\/\/lyceelespierresvives.fr\/wp-content\/uploads\/2025\/10\/Ballotins.png\" alt=\"\" class=\"wp-image-2667\" srcset=\"https:\/\/lyceelespierresvives.fr\/wp-content\/uploads\/2025\/10\/Ballotins.png 500w, https:\/\/lyceelespierresvives.fr\/wp-content\/uploads\/2025\/10\/Ballotins-300x300.png 300w, https:\/\/lyceelespierresvives.fr\/wp-content\/uploads\/2025\/10\/Ballotins-150x150.png 150w\" sizes=\"auto, (max-width: 500px) 100vw, 500px\" \/><\/figure>\n\n<p class=\"has-text-align-center has-custom-color-1-color has-text-color has-link-color wp-elements-3abb9b0b781d85a1429877b4ea6e5759\"><strong>Ballotins sans alcool<\/strong><br>250 gr =&gt; 19\u20ac<br>350 gr =&gt; 26,60\u20ac<br>500 gr =&gt; 38\u20ac<\/p><\/div>\n\n<div class=\"wp-block-column is-layout-flow wp-block-column-is-layout-flow\"><figure class=\"wp-block-image size-full\"><img loading=\"lazy\" decoding=\"async\" width=\"500\" height=\"500\" src=\"https:\/\/lyceelespierresvives.fr\/wp-content\/uploads\/2025\/10\/Mendiants.png\" alt=\"\" class=\"wp-image-2668\" srcset=\"https:\/\/lyceelespierresvives.fr\/wp-content\/uploads\/2025\/10\/Mendiants.png 500w, https:\/\/lyceelespierresvives.fr\/wp-content\/uploads\/2025\/10\/Mendiants-300x300.png 300w, https:\/\/lyceelespierresvives.fr\/wp-content\/uploads\/2025\/10\/Mendiants-150x150.png 150w\" sizes=\"auto, (max-width: 500px) 100vw, 500px\" \/><\/figure>\n\n<p class=\"has-text-align-center has-custom-color-1-color has-text-color has-link-color wp-elements-676fe8f3770f980cc90c453d3f50a9ba\"><strong>Mendiants<\/strong><br>300 gr =&gt; 22,80\u20ac<br>500 gr =&gt; 38\u20ac<\/p><\/div>\n\n<div class=\"wp-block-column is-layout-flow wp-block-column-is-layout-flow\"><figure class=\"wp-block-image size-full\"><img loading=\"lazy\" decoding=\"async\" width=\"500\" height=\"500\" src=\"https:\/\/lyceelespierresvives.fr\/wp-content\/uploads\/2025\/10\/Orangettes.png\" alt=\"\" class=\"wp-image-2669\" srcset=\"https:\/\/lyceelespierresvives.fr\/wp-content\/uploads\/2025\/10\/Orangettes.png 500w, https:\/\/lyceelespierresvives.fr\/wp-content\/uploads\/2025\/10\/Orangettes-300x300.png 300w, https:\/\/lyceelespierresvives.fr\/wp-content\/uploads\/2025\/10\/Orangettes-150x150.png 150w\" sizes=\"auto, (max-width: 500px) 100vw, 500px\" \/><\/figure>\n\n<p class=\"has-text-align-center has-custom-color-1-color has-text-color has-link-color wp-elements-26766b2ae6d8dc8375f9d1eaf06bbd00\"><strong>Orangettes<\/strong><br>300 gr =&gt; 22,80\u20ac<br>500 gr =&gt; 38\u20ac<\/p><\/div>\n\n<div class=\"wp-block-column is-layout-flow wp-block-column-is-layout-flow\"><figure class=\"wp-block-image size-full\"><img loading=\"lazy\" decoding=\"async\" width=\"500\" height=\"500\" src=\"https:\/\/lyceelespierresvives.fr\/wp-content\/uploads\/2025\/10\/Pates_de_fruits.png\" alt=\"\" class=\"wp-image-2670\" srcset=\"https:\/\/lyceelespierresvives.fr\/wp-content\/uploads\/2025\/10\/Pates_de_fruits.png 500w, https:\/\/lyceelespierresvives.fr\/wp-content\/uploads\/2025\/10\/Pates_de_fruits-300x300.png 300w, https:\/\/lyceelespierresvives.fr\/wp-content\/uploads\/2025\/10\/Pates_de_fruits-150x150.png 150w\" sizes=\"auto, (max-width: 500px) 100vw, 500px\" \/><\/figure>\n\n<p class=\"has-text-align-center has-custom-color-1-color has-text-color has-link-color wp-elements-cba718566f76f3859e8097b4b292272a\"><strong>P\u00e2tes de fruits<\/strong><br>300 gr =&gt; 16,50\u20ac<br>500 gr =&gt; 27,50\u20ac<\/p><\/div>\n\n<div class=\"wp-block-column is-layout-flow wp-block-column-is-layout-flow\"><figure class=\"wp-block-image size-full\"><img loading=\"lazy\" decoding=\"async\" width=\"500\" height=\"500\" src=\"https:\/\/lyceelespierresvives.fr\/wp-content\/uploads\/2025\/10\/Truffes.png\" alt=\"\" class=\"wp-image-2671\" srcset=\"https:\/\/lyceelespierresvives.fr\/wp-content\/uploads\/2025\/10\/Truffes.png 500w, https:\/\/lyceelespierresvives.fr\/wp-content\/uploads\/2025\/10\/Truffes-300x300.png 300w, https:\/\/lyceelespierresvives.fr\/wp-content\/uploads\/2025\/10\/Truffes-150x150.png 150w\" sizes=\"auto, (max-width: 500px) 100vw, 500px\" \/><\/figure>\n\n<p class=\"has-text-align-center has-custom-color-1-color has-text-color has-link-color wp-elements-997df331ba9e8f99d2e59eec7f6362cd\"><strong>Truffes<\/strong><br>300 gr =&gt; 22,80\u20ac<br>500 gr =&gt; 38\u20ac<br><\/p><\/div><\/div><p class=\"has-text-align-center has-custom-color-1-color has-text-color has-link-color has-huge-font-size wp-elements-9a02072fab5c06d57742230ea28b0cb0\">Collection de P\u00e2ques<\/p><div class=\"wp-block-columns is-layout-flex wp-container-core-columns-is-layout-28f84493 wp-block-columns-is-layout-flex\"><div class=\"wp-block-column is-layout-flow wp-block-column-is-layout-flow\"><figure class=\"wp-block-image size-full\"><img loading=\"lazy\" decoding=\"async\" width=\"500\" height=\"500\" src=\"https:\/\/lyceelespierresvives.fr\/wp-content\/uploads\/2026\/02\/Design-sans-titre-3.png\" alt=\"\" class=\"wp-image-2766\" srcset=\"https:\/\/lyceelespierresvives.fr\/wp-content\/uploads\/2026\/02\/Design-sans-titre-3.png 500w, https:\/\/lyceelespierresvives.fr\/wp-content\/uploads\/2026\/02\/Design-sans-titre-3-300x300.png 300w, https:\/\/lyceelespierresvives.fr\/wp-content\/uploads\/2026\/02\/Design-sans-titre-3-150x150.png 150w\" sizes=\"auto, (max-width: 500px) 100vw, 500px\" \/><\/figure>\n\n<p class=\"has-text-align-center has-custom-color-1-color has-text-color has-link-color wp-elements-18f36e3f46e8632152a713c5a8f42987\"><strong>Sachet d&rsquo;oeufs nus<\/strong><br>200 gr =&gt; 15,80\u20ac<\/p><\/div>\n\n<div class=\"wp-block-column is-layout-flow wp-block-column-is-layout-flow\"><figure class=\"wp-block-image size-full\"><img loading=\"lazy\" decoding=\"async\" width=\"500\" height=\"500\" src=\"https:\/\/lyceelespierresvives.fr\/wp-content\/uploads\/2026\/02\/Design-sans-titre-5.png\" alt=\"\" class=\"wp-image-2769\" srcset=\"https:\/\/lyceelespierresvives.fr\/wp-content\/uploads\/2026\/02\/Design-sans-titre-5.png 500w, https:\/\/lyceelespierresvives.fr\/wp-content\/uploads\/2026\/02\/Design-sans-titre-5-300x300.png 300w, https:\/\/lyceelespierresvives.fr\/wp-content\/uploads\/2026\/02\/Design-sans-titre-5-150x150.png 150w\" sizes=\"auto, (max-width: 500px) 100vw, 500px\" \/><\/figure>\n\n<p class=\"has-text-align-center has-custom-color-1-color has-text-color has-link-color wp-elements-db410100001b2fbd186254cd99e99b42\"><strong>Sachet d&rsquo;oaeufs avec alu<\/strong><br>200 gr =&gt; 15,80\u20ac<br><\/p><\/div>\n\n<div class=\"wp-block-column is-layout-flow wp-block-column-is-layout-flow\"><figure class=\"wp-block-image size-full\"><img loading=\"lazy\" decoding=\"async\" width=\"500\" height=\"500\" src=\"https:\/\/lyceelespierresvives.fr\/wp-content\/uploads\/2026\/02\/Design-sans-titre.png\" alt=\"\" class=\"wp-image-2763\" srcset=\"https:\/\/lyceelespierresvives.fr\/wp-content\/uploads\/2026\/02\/Design-sans-titre.png 500w, https:\/\/lyceelespierresvives.fr\/wp-content\/uploads\/2026\/02\/Design-sans-titre-300x300.png 300w, https:\/\/lyceelespierresvives.fr\/wp-content\/uploads\/2026\/02\/Design-sans-titre-150x150.png 150w\" sizes=\"auto, (max-width: 500px) 100vw, 500px\" \/><\/figure>\n\n<p class=\"has-text-align-center has-custom-color-1-color has-text-color has-link-color wp-elements-33e0524c20d96bd2628e1ad624cf2d5c\"><strong>Sachet de friture<\/strong><br>200 gr =&gt; 15,80\u20ac<\/p><\/div>\n\n<div class=\"wp-block-column is-layout-flow wp-block-column-is-layout-flow\"><figure class=\"wp-block-image size-full\"><img loading=\"lazy\" decoding=\"async\" width=\"500\" height=\"500\" src=\"https:\/\/lyceelespierresvives.fr\/wp-content\/uploads\/2026\/02\/Design-sans-titre-4.png\" alt=\"\" class=\"wp-image-2767\" srcset=\"https:\/\/lyceelespierresvives.fr\/wp-content\/uploads\/2026\/02\/Design-sans-titre-4.png 500w, https:\/\/lyceelespierresvives.fr\/wp-content\/uploads\/2026\/02\/Design-sans-titre-4-300x300.png 300w, https:\/\/lyceelespierresvives.fr\/wp-content\/uploads\/2026\/02\/Design-sans-titre-4-150x150.png 150w\" sizes=\"auto, (max-width: 500px) 100vw, 500px\" \/><\/figure>\n\n<p class=\"has-text-align-center has-custom-color-1-color has-text-color has-link-color wp-elements-3ffb5454b4e87b6f621ee450120ea81d\"><strong>Sachet d&rsquo;oeufs au sirop<\/strong><br>200 gr =&gt; 6,90\u20ac<\/p><\/div><\/div><div style=\"height:100px\" aria-hidden=\"true\" class=\"wp-block-spacer\"><\/div><p class=\"has-text-align-center has-custom-color-1-color has-text-color has-link-color has-huge-font-size wp-elements-d91d6d0be64e5c8a0569f69f1ff4c401\">La collection traditionnelle<\/p><div class=\"wp-block-columns is-layout-flex wp-container-core-columns-is-layout-28f84493 wp-block-columns-is-layout-flex\"><div class=\"wp-block-column is-layout-flow wp-block-column-is-layout-flow\"><figure class=\"wp-block-image size-full is-style-default\"><img loading=\"lazy\" decoding=\"async\" width=\"500\" height=\"500\" src=\"https:\/\/lyceelespierresvives.fr\/wp-content\/uploads\/2025\/10\/Ballotins.png\" alt=\"\" class=\"wp-image-2667\" srcset=\"https:\/\/lyceelespierresvives.fr\/wp-content\/uploads\/2025\/10\/Ballotins.png 500w, https:\/\/lyceelespierresvives.fr\/wp-content\/uploads\/2025\/10\/Ballotins-300x300.png 300w, https:\/\/lyceelespierresvives.fr\/wp-content\/uploads\/2025\/10\/Ballotins-150x150.png 150w\" sizes=\"auto, (max-width: 500px) 100vw, 500px\" \/><\/figure>\n\n<p class=\"has-text-align-center has-custom-color-1-color has-text-color has-link-color wp-elements-3abb9b0b781d85a1429877b4ea6e5759\"><strong>Ballotins sans alcool<\/strong><br>250 gr =&gt; 19\u20ac<br>350 gr =&gt; 26,60\u20ac<br>500 gr =&gt; 38\u20ac<\/p><\/div>\n\n<div class=\"wp-block-column is-layout-flow wp-block-column-is-layout-flow\"><figure class=\"wp-block-image size-full\"><img loading=\"lazy\" decoding=\"async\" width=\"500\" height=\"500\" src=\"https:\/\/lyceelespierresvives.fr\/wp-content\/uploads\/2025\/10\/Mendiants.png\" alt=\"\" class=\"wp-image-2668\" srcset=\"https:\/\/lyceelespierresvives.fr\/wp-content\/uploads\/2025\/10\/Mendiants.png 500w, https:\/\/lyceelespierresvives.fr\/wp-content\/uploads\/2025\/10\/Mendiants-300x300.png 300w, https:\/\/lyceelespierresvives.fr\/wp-content\/uploads\/2025\/10\/Mendiants-150x150.png 150w\" sizes=\"auto, (max-width: 500px) 100vw, 500px\" \/><\/figure>\n\n<p class=\"has-text-align-center has-custom-color-1-color has-text-color has-link-color wp-elements-1478a10ae5fa2ff503942dbe4208d6c2\"><strong>Mendiants<\/strong><br>300 gr =&gt; 22,80\u20ac<\/p><\/div>\n\n<div class=\"wp-block-column is-layout-flow wp-block-column-is-layout-flow\"><figure class=\"wp-block-image size-full\"><img loading=\"lazy\" decoding=\"async\" width=\"500\" height=\"500\" src=\"https:\/\/lyceelespierresvives.fr\/wp-content\/uploads\/2025\/10\/Orangettes.png\" alt=\"\" class=\"wp-image-2669\" srcset=\"https:\/\/lyceelespierresvives.fr\/wp-content\/uploads\/2025\/10\/Orangettes.png 500w, https:\/\/lyceelespierresvives.fr\/wp-content\/uploads\/2025\/10\/Orangettes-300x300.png 300w, https:\/\/lyceelespierresvives.fr\/wp-content\/uploads\/2025\/10\/Orangettes-150x150.png 150w\" sizes=\"auto, (max-width: 500px) 100vw, 500px\" \/><\/figure>\n\n<p class=\"has-text-align-center has-custom-color-1-color has-text-color has-link-color wp-elements-3c8170351963ddd5a235937e9921206b\"><strong>Orangettes<\/strong><br>300 gr =&gt; 22,80\u20ac<\/p><\/div>\n\n<div class=\"wp-block-column is-layout-flow wp-block-column-is-layout-flow\"><figure class=\"wp-block-image size-full\"><img loading=\"lazy\" decoding=\"async\" width=\"500\" height=\"500\" src=\"https:\/\/lyceelespierresvives.fr\/wp-content\/uploads\/2025\/10\/Pates_de_fruits.png\" alt=\"\" class=\"wp-image-2670\" srcset=\"https:\/\/lyceelespierresvives.fr\/wp-content\/uploads\/2025\/10\/Pates_de_fruits.png 500w, https:\/\/lyceelespierresvives.fr\/wp-content\/uploads\/2025\/10\/Pates_de_fruits-300x300.png 300w, https:\/\/lyceelespierresvives.fr\/wp-content\/uploads\/2025\/10\/Pates_de_fruits-150x150.png 150w\" sizes=\"auto, (max-width: 500px) 100vw, 500px\" \/><\/figure>\n\n<p class=\"has-text-align-center has-custom-color-1-color has-text-color has-link-color wp-elements-1d5d5ff0426826bef26b18c737b7a319\"><strong>P\u00e2tes de fruits<\/strong><br>300 gr =&gt; 16,50\u20ac<\/p><\/div>\n\n<div class=\"wp-block-column is-layout-flow wp-block-column-is-layout-flow\"><figure class=\"wp-block-image size-full\"><img loading=\"lazy\" decoding=\"async\" width=\"500\" height=\"500\" src=\"https:\/\/lyceelespierresvives.fr\/wp-content\/uploads\/2025\/10\/Truffes.png\" alt=\"\" class=\"wp-image-2671\" srcset=\"https:\/\/lyceelespierresvives.fr\/wp-content\/uploads\/2025\/10\/Truffes.png 500w, https:\/\/lyceelespierresvives.fr\/wp-content\/uploads\/2025\/10\/Truffes-300x300.png 300w, https:\/\/lyceelespierresvives.fr\/wp-content\/uploads\/2025\/10\/Truffes-150x150.png 150w\" sizes=\"auto, (max-width: 500px) 100vw, 500px\" \/><\/figure>\n\n<p class=\"has-text-align-center has-custom-color-1-color has-text-color has-link-color wp-elements-e0187b26a083fa2f259d219fc6f8cbfa\"><strong>Truffes<\/strong><br>300 gr =&gt; 22,80\u20ac<br><\/p><\/div><\/div><blockquote class=\"wp-block-quote is-layout-flow wp-block-quote-is-layout-flow\"><p class=\"has-large-font-size\"><strong>Fonctionnement de la vente<\/strong><\/p>\n\n<p>\ud83d\udcc5&nbsp;<strong>P\u00e9riode de commande<\/strong> : pour cette s\u00e9lection de produits jusqu\u2019en mars.<br>Une \u00e9dition de P\u00e2ques et une \u00e9dition estivale seront \u00e9galement propos\u00e9es plus tard dans l\u2019ann\u00e9e.<\/p>\n\n<p>\ud83d\udcdd&nbsp;<strong>Comment commander<\/strong> : Il suffit de cliquer sur le bouton ci-dessous.<\/p>\n\n<p>\ud83d\udd52\u00a0<strong>Traitement des commandes<\/strong> : <br>\u2022 Les commandes re\u00e7ues sont trait\u00e9es imm\u00e9diatement.<\/p>\n\n<p>\ud83c\udf6b <strong>R\u00e9cup\u00e9ration des commandes<\/strong> : <br>\u2022 \u00e0 la boutique : 4 avenue Mar\u00e9chal Foch \u00e0 Houilles<br>\u2022 Jeudi apr\u00e8s-midi 15h15 &#8211; 19h, vendredi et samedi toute la journ\u00e9e 9h30 &#8211; 12h45 ; 15h15 &#8211; 19h.<\/p><\/blockquote><p><\/p><div class=\"wp-block-buttons is-content-justification-center is-layout-flex wp-container-core-buttons-is-layout-a89b3969 wp-block-buttons-is-layout-flex\"><div class=\"wp-block-button has-custom-width wp-block-button__width-50 is-style-fill\"><a class=\"wp-block-button__link has-custom-color-1-color has-custom-color-3-background-color has-text-color has-background has-link-color has-regular-font-size has-text-align-center has-custom-font-size wp-element-button\" href=\"https:\/\/forms.gle\/BThq1NuniuFBkBbQ7\">Cliquez ici pour commander<\/a><\/div><\/div>","protected":false},"excerpt":{"rendered":"<p>Le lyc\u00e9e a plaisir de vous proposer un partenariat avec la chocolaterie Daskalid\u00e8s situ\u00e9e \u00e0 Houilles. Retrouvez une s\u00e9lection de chocolats, mendiants ou p\u00e2tes de fruits \u00e0 tarifs pr\u00e9f\u00e9rentiels. Les commandes seront \u00e0 retirer et \u00e0 payer directement \u00e0 la boutique. Ballotins sans alcool250 gr =&gt; 19\u20ac350 gr =&gt; 26,60\u20ac500 gr =&gt; 38\u20ac Mendiants300 gr [&hellip;]<\/p>\n","protected":false},"author":2,"featured_media":0,"parent":0,"menu_order":0,"comment_status":"closed","ping_status":"closed","template":"","meta":{"inline_featured_image":false,"footnotes":""},"class_list":["post-2665","page","type-page","status-publish","hentry"],"_links":{"self":[{"href":"https:\/\/lyceelespierresvives.fr\/index.php?rest_route=\/wp\/v2\/pages\/2665","targetHints":{"allow":["GET"]}}],"collection":[{"href":"https:\/\/lyceelespierresvives.fr\/index.php?rest_route=\/wp\/v2\/pages"}],"about":[{"href":"https:\/\/lyceelespierresvives.fr\/index.php?rest_route=\/wp\/v2\/types\/page"}],"author":[{"embeddable":true,"href":"https:\/\/lyceelespierresvives.fr\/index.php?rest_route=\/wp\/v2\/users\/2"}],"replies":[{"embeddable":true,"href":"https:\/\/lyceelespierresvives.fr\/index.php?rest_route=%2Fwp%2Fv2%2Fcomments&post=2665"}],"version-history":[{"count":25,"href":"https:\/\/lyceelespierresvives.fr\/index.php?rest_route=\/wp\/v2\/pages\/2665\/revisions"}],"predecessor-version":[{"id":2823,"href":"https:\/\/lyceelespierresvives.fr\/index.php?rest_route=\/wp\/v2\/pages\/2665\/revisions\/2823"}],"wp:attachment":[{"href":"https:\/\/lyceelespierresvives.fr\/index.php?rest_route=%2Fwp%2Fv2%2Fmedia&parent=2665"}],"curies":[{"name":"wp","href":"https:\/\/api.w.org\/{rel}","templated":true}]}}