{"id":2582,"date":"2025-06-30T15:48:47","date_gmt":"2025-06-30T13:48:47","guid":{"rendered":"https:\/\/lyceelespierresvives.fr\/?page_id=2582"},"modified":"2025-06-30T15:51:45","modified_gmt":"2025-06-30T13:51:45","slug":"rentree-seconde","status":"publish","type":"page","link":"https:\/\/lyceelespierresvives.fr\/?page_id=2582","title":{"rendered":"Rentr\u00e9e &#8211; Seconde"},"content":{"rendered":"<p class=\"has-text-align-center has-custom-color-1-color has-custom-color-2-background-color has-text-color has-background has-link-color has-big-font-size wp-elements-1a481b20467ebeec2c245838dfa4becb\"><br><strong>201 \u00e0 208 :<\/strong> Lundi 1 septembre de 8h30 \u00e0 15h30<\/p><p class=\"has-text-align-center has-custom-color-1-color has-custom-color-2-background-color has-text-color has-background has-link-color has-big-font-size wp-elements-a3447083391c5b675ed389df2874d99e\"><br><strong>209 \u00e0 215:<\/strong> Mardi 2 septembre de 8h30 \u00e0 15h30<\/p><p class=\"has-text-align-center has-custom-color-1-color has-text-color has-link-color has-regular-font-size wp-elements-3f7dfa222c49b2ccbb022868c91846c7\"><br>Le num\u00e9ro de classe de l\u2019\u00e9l\u00e8ve lui sera communiqu\u00e9 par<br>SMS la veille de la rentr\u00e9e scolaire.<\/p><p class=\"has-text-align-center has-custom-color-1-color has-text-color has-link-color wp-elements-587c7308872b0bd1786bb86c51854872\"><br>La demi-pension sera ouverte et chaque \u00e9l\u00e8ve devra r\u00e9gulariser ult\u00e9rieurement du paiement d\u2019un repas.<\/p><p class=\"has-text-align-center has-custom-color-1-color has-text-color has-link-color wp-elements-b1b5436c29bfe33f539c1607f821648e\"><br>Les \u00e9l\u00e8ves seront pris en charge par leur professeur principal et durant cette journ\u00e9e plusieurs ateliers leurs seront propos\u00e9s afin de mieux comprendre le fonctionnement du lyc\u00e9e et les attendus de leurs professeurs durant leur ann\u00e9e de seconde.<\/p><p class=\"has-text-align-center has-custom-color-1-color has-text-color has-link-color wp-elements-bd48d596d4e40004f56a19714cf5110e\">Nous leurs distribuerons aussi leurs manuels scolaires.<\/p><p class=\"has-text-align-center has-custom-color-1-color has-text-color has-link-color wp-elements-11cacf22d0dcc0d56d8c870570ad7b24\"><br>Merci de vous pr\u00e9senter avec le mat\u00e9riel n\u00e9cessaire (grand sac, agenda, feuilles et stylos).<\/p>","protected":false},"excerpt":{"rendered":"<p>201 \u00e0 208 : Lundi 1 septembre de 8h30 \u00e0 15h30 209 \u00e0 215: Mardi 2 septembre de 8h30 \u00e0 15h30 Le num\u00e9ro de classe de l\u2019\u00e9l\u00e8ve lui sera communiqu\u00e9 parSMS la veille de la rentr\u00e9e scolaire. La demi-pension sera ouverte et chaque \u00e9l\u00e8ve devra r\u00e9gulariser ult\u00e9rieurement du paiement d\u2019un repas. Les \u00e9l\u00e8ves seront pris [&hellip;]<\/p>\n","protected":false},"author":2,"featured_media":0,"parent":0,"menu_order":0,"comment_status":"closed","ping_status":"closed","template":"","meta":{"inline_featured_image":false,"footnotes":""},"class_list":["post-2582","page","type-page","status-publish","hentry"],"_links":{"self":[{"href":"https:\/\/lyceelespierresvives.fr\/index.php?rest_route=\/wp\/v2\/pages\/2582","targetHints":{"allow":["GET"]}}],"collection":[{"href":"https:\/\/lyceelespierresvives.fr\/index.php?rest_route=\/wp\/v2\/pages"}],"about":[{"href":"https:\/\/lyceelespierresvives.fr\/index.php?rest_route=\/wp\/v2\/types\/page"}],"author":[{"embeddable":true,"href":"https:\/\/lyceelespierresvives.fr\/index.php?rest_route=\/wp\/v2\/users\/2"}],"replies":[{"embeddable":true,"href":"https:\/\/lyceelespierresvives.fr\/index.php?rest_route=%2Fwp%2Fv2%2Fcomments&post=2582"}],"version-history":[{"count":3,"href":"https:\/\/lyceelespierresvives.fr\/index.php?rest_route=\/wp\/v2\/pages\/2582\/revisions"}],"predecessor-version":[{"id":2586,"href":"https:\/\/lyceelespierresvives.fr\/index.php?rest_route=\/wp\/v2\/pages\/2582\/revisions\/2586"}],"wp:attachment":[{"href":"https:\/\/lyceelespierresvives.fr\/index.php?rest_route=%2Fwp%2Fv2%2Fmedia&parent=2582"}],"curies":[{"name":"wp","href":"https:\/\/api.w.org\/{rel}","templated":true}]}}