{"id":2424,"date":"2025-06-25T14:18:52","date_gmt":"2025-06-25T12:18:52","guid":{"rendered":"https:\/\/lyceelespierresvives.fr\/?page_id=2424"},"modified":"2025-07-02T10:25:15","modified_gmt":"2025-07-02T08:25:15","slug":"bien-se-preparer-pour-la-rentree","status":"publish","type":"page","link":"https:\/\/lyceelespierresvives.fr\/?page_id=2424","title":{"rendered":"Bien se pr\u00e9parer pour la rentr\u00e9e"},"content":{"rendered":"<h3 class=\"wp-block-heading has-text-align-center has-base-color has-custom-color-1-background-color has-text-color has-background has-link-color wp-elements-75722b321d6a2a553dbb51f190906e90\">Seconde<\/h3><details class=\"wp-block-details is-layout-flow wp-block-details-is-layout-flow\" style=\"font-style:normal;font-weight:700\"><summary>Anglais<\/summary><div class=\"wp-block-columns is-layout-flex wp-container-core-columns-is-layout-28f84493 wp-block-columns-is-layout-flex\"><div class=\"wp-block-column is-layout-flow wp-block-column-is-layout-flow\"><p style=\"font-style:normal;font-weight:100\">Site pour r\u00e9viser la grammaire et le lexique:<\/p>\n\n<p class=\"has-text-align-center\" style=\"font-style:normal;font-weight:100\"><a href=\"https:\/\/learnenglish.britishcouncil.org\/\" target=\"_blank\" rel=\"noreferrer noopener\">Site grammaire et lexique<\/a><\/p><\/div>\n\n<div class=\"wp-block-column is-layout-flow wp-block-column-is-layout-flow\"><p style=\"font-style:normal;font-weight:100\">Site pour travailler la compr\u00e9hension orale:<\/p>\n\n<p class=\"has-text-align-center\" style=\"font-style:normal;font-weight:100\"><a href=\"https:\/\/www.iledefrance.fr\/toutes-les-actualites\/fermeture-de-qioz-le-site-et-lappli-dapprentissage-des-langues-gratuit-pour-tous\" target=\"_blank\" rel=\"noreferrer noopener\">Site compr\u00e9hension orale<\/a><\/p><\/div><\/div><\/details><details class=\"wp-block-details is-layout-flow wp-block-details-is-layout-flow\" style=\"font-style:normal;font-weight:700\"><summary>Fran\u00e7ais<\/summary><div class=\"wp-block-file\"><a id=\"wp-block-file--media-c8d310dc-a22e-4a88-b02e-8ad0a8d9ece4\" href=\"https:\/\/lyceelespierresvives.fr\/wp-content\/uploads\/2025\/06\/Lectures-conseillees-Francais-Seconde-et-Premiere.pdf\">Lectures conseill\u00e9es Fran\u00e7ais Seconde et Premi\u00e8re<\/a><a href=\"https:\/\/lyceelespierresvives.fr\/wp-content\/uploads\/2025\/06\/Lectures-conseillees-Francais-Seconde-et-Premiere.pdf\" class=\"wp-block-file__button wp-element-button\" download aria-describedby=\"wp-block-file--media-c8d310dc-a22e-4a88-b02e-8ad0a8d9ece4\">T\u00e9l\u00e9charger<\/a><\/div><\/details><details class=\"wp-block-details is-layout-flow wp-block-details-is-layout-flow\" style=\"font-style:normal;font-weight:700\"><summary>Math\u00e9matiques<\/summary><div class=\"wp-block-file\"><a id=\"wp-block-file--media-c8d310dc-a22e-4a88-b02e-8ad0a8d9ece4\" href=\"https:\/\/lyceelespierresvives.fr\/wp-content\/uploads\/2025\/06\/Livret_calcul_litteral.pdf\">Livret_calcul_litteral<\/a><a href=\"https:\/\/lyceelespierresvives.fr\/wp-content\/uploads\/2025\/06\/Livret_calcul_litteral.pdf\" class=\"wp-block-file__button wp-element-button\" download aria-describedby=\"wp-block-file--media-c8d310dc-a22e-4a88-b02e-8ad0a8d9ece4\">T\u00e9l\u00e9charger<\/a><\/div><\/details><div style=\"height:10px\" aria-hidden=\"true\" class=\"wp-block-spacer\"><\/div><h3 class=\"wp-block-heading has-text-align-center has-base-color has-custom-color-1-background-color has-text-color has-background has-link-color wp-elements-62129a54c2401dde0fe6b9ddb77c1120\">Premi\u00e8re<\/h3><details class=\"wp-block-details is-layout-flow wp-block-details-is-layout-flow\" style=\"font-style:normal;font-weight:700\"><summary>Anglais (fili\u00e8re g\u00e9n\u00e9rale et STI2D)<\/summary><div class=\"wp-block-columns is-layout-flex wp-container-core-columns-is-layout-28f84493 wp-block-columns-is-layout-flex\"><div class=\"wp-block-column is-layout-flow wp-block-column-is-layout-flow\"><p style=\"font-style:normal;font-weight:100\">Site pour r\u00e9viser la grammaire et le lexique:<\/p>\n\n<p class=\"has-text-align-center\" style=\"font-style:normal;font-weight:100\"><a href=\"https:\/\/learnenglish.britishcouncil.org\/\" target=\"_blank\" rel=\"noreferrer noopener\">Site grammaire et lexique<\/a><\/p><\/div>\n\n<div class=\"wp-block-column is-layout-flow wp-block-column-is-layout-flow\"><p style=\"font-style:normal;font-weight:100\">Site pour travailler la compr\u00e9hension orale:<\/p>\n\n<p class=\"has-text-align-center\" style=\"font-style:normal;font-weight:100\"><a href=\"https:\/\/www.iledefrance.fr\/toutes-les-actualites\/fermeture-de-qioz-le-site-et-lappli-dapprentissage-des-langues-gratuit-pour-tous\" target=\"_blank\" rel=\"noreferrer noopener\">Site compr\u00e9hension orale<\/a><\/p><\/div><\/div><\/details><details class=\"wp-block-details is-layout-flow wp-block-details-is-layout-flow\" style=\"font-style:normal;font-weight:700\"><summary>Fran\u00e7ais (fili\u00e8re g\u00e9n\u00e9rale et STI2D)<\/summary><div class=\"wp-block-columns is-layout-flex wp-container-core-columns-is-layout-28f84493 wp-block-columns-is-layout-flex\"><div class=\"wp-block-column is-layout-flow wp-block-column-is-layout-flow\"><div class=\"wp-block-file\"><a id=\"wp-block-file--media-c8d310dc-a22e-4a88-b02e-8ad0a8d9ece4\" href=\"https:\/\/lyceelespierresvives.fr\/wp-content\/uploads\/2025\/06\/Lectures-conseillees-Francais-Seconde-et-Premiere.pdf\">Lectures conseill\u00e9es Fran\u00e7ais Seconde et Premi\u00e8re<\/a><a href=\"https:\/\/lyceelespierresvives.fr\/wp-content\/uploads\/2025\/06\/Lectures-conseillees-Francais-Seconde-et-Premiere.pdf\" class=\"wp-block-file__button wp-element-button\" download aria-describedby=\"wp-block-file--media-c8d310dc-a22e-4a88-b02e-8ad0a8d9ece4\">T\u00e9l\u00e9charger<\/a><\/div><\/div>\n\n<div class=\"wp-block-column is-layout-flow wp-block-column-is-layout-flow\"><div class=\"wp-block-file\"><a id=\"wp-block-file--media-74c335e7-0fc7-47a9-9118-1ea7b43d0621\" href=\"https:\/\/lyceelespierresvives.fr\/wp-content\/uploads\/2025\/06\/Premiere-Oeuvres-au-programme-bac-2026.pdf\">Premi\u00e8re Oeuvres au programme bac 2026<\/a><a href=\"https:\/\/lyceelespierresvives.fr\/wp-content\/uploads\/2025\/06\/Premiere-Oeuvres-au-programme-bac-2026.pdf\" class=\"wp-block-file__button wp-element-button\" download aria-describedby=\"wp-block-file--media-74c335e7-0fc7-47a9-9118-1ea7b43d0621\">T\u00e9l\u00e9charger<\/a><\/div><\/div><\/div><\/details><details class=\"wp-block-details is-layout-flow wp-block-details-is-layout-flow\" style=\"font-style:normal;font-weight:700\"><summary>HLP (sp\u00e9cialit\u00e9)<\/summary><div class=\"wp-block-file\"><a id=\"wp-block-file--media-36e4f3cc-55fc-4675-a930-4ecf91a76e10\" href=\"https:\/\/lyceelespierresvives.fr\/wp-content\/uploads\/2025\/06\/Lectures-conseillees-pour-la-specialite-HLP-Premiere.pdf\">Lectures conseill\u00e9es pour la sp\u00e9cialit\u00e9 HLP Premi\u00e8re<\/a><a href=\"https:\/\/lyceelespierresvives.fr\/wp-content\/uploads\/2025\/06\/Lectures-conseillees-pour-la-specialite-HLP-Premiere.pdf\" class=\"wp-block-file__button wp-element-button\" download aria-describedby=\"wp-block-file--media-36e4f3cc-55fc-4675-a930-4ecf91a76e10\">T\u00e9l\u00e9charger<\/a><\/div><\/details><details class=\"wp-block-details is-layout-flow wp-block-details-is-layout-flow\" style=\"font-style:normal;font-weight:700\"><summary>Math\u00e9matiques (sp\u00e9cialit\u00e9, tronc commun et STI2D)<\/summary><div class=\"wp-block-columns is-layout-flex wp-container-core-columns-is-layout-28f84493 wp-block-columns-is-layout-flex\"><div class=\"wp-block-column is-layout-flow wp-block-column-is-layout-flow\"><div class=\"wp-block-file\"><a id=\"wp-block-file--media-24a276b6-b1f2-4c6e-85ef-7015319d8616\" href=\"https:\/\/lyceelespierresvives.fr\/wp-content\/uploads\/2025\/06\/Livret_Seconde_vers_Premieres.pdf\">Livret_Seconde_vers_Premieres<\/a><a href=\"https:\/\/lyceelespierresvives.fr\/wp-content\/uploads\/2025\/06\/Livret_Seconde_vers_Premieres.pdf\" class=\"wp-block-file__button wp-element-button\" download aria-describedby=\"wp-block-file--media-24a276b6-b1f2-4c6e-85ef-7015319d8616\">T\u00e9l\u00e9charger<\/a><\/div><\/div>\n\n<div class=\"wp-block-column is-layout-flow wp-block-column-is-layout-flow\"><div class=\"wp-block-file\"><a id=\"wp-block-file--media-8ba2c534-f246-4ebb-9b32-bfd86850eecd\" href=\"https:\/\/lyceelespierresvives.fr\/wp-content\/uploads\/2025\/06\/Livret_Seconde_vers_Premieres_corrige.pdf\">Livret_Seconde_vers_Premieres_corrig\u00e9<\/a><a href=\"https:\/\/lyceelespierresvives.fr\/wp-content\/uploads\/2025\/06\/Livret_Seconde_vers_Premieres_corrige.pdf\" class=\"wp-block-file__button wp-element-button\" download aria-describedby=\"wp-block-file--media-8ba2c534-f246-4ebb-9b32-bfd86850eecd\">T\u00e9l\u00e9charger<\/a><\/div><\/div><\/div><\/details><details class=\"wp-block-details is-layout-flow wp-block-details-is-layout-flow\" style=\"font-style:normal;font-weight:700\"><summary>NSI (sp\u00e9cialit\u00e9)<\/summary><p style=\"font-style:normal;font-weight:100\">S&rsquo;entra\u00eener \u00e0 la programmation sur les sites suivants :<\/p>\n\n<ul class=\"wp-block-list\"><li style=\"font-style:normal;font-weight:100\"><a href=\"https:\/\/py-rates.fr\/\" target=\"_blank\" rel=\"noreferrer noopener\">https:\/\/py-rates.fr\/<\/a><\/li>\n\n<li style=\"font-style:normal;font-weight:100\"><a href=\"https:\/\/silentteacher.toxicode.fr\/\" target=\"_blank\" rel=\"noreferrer noopener\">https:\/\/silentteacher.toxicode.fr\/<\/a><\/li>\n\n<li style=\"font-style:normal;font-weight:100\"><a href=\"https:\/\/compute-it.toxicode.fr\/\" target=\"_blank\" rel=\"noreferrer noopener\">https:\/\/compute-it.toxicode.fr\/<\/a><\/li><\/ul><\/details><details class=\"wp-block-details is-layout-flow wp-block-details-is-layout-flow\" style=\"font-style:normal;font-weight:700\"><summary>SES (sp\u00e9cialit\u00e9)<\/summary><div class=\"wp-block-file\"><a id=\"wp-block-file--media-497fe1c8-6d70-4aee-a8a7-7929513040ee\" href=\"https:\/\/lyceelespierresvives.fr\/wp-content\/uploads\/2025\/06\/Specialite_SES_premiere.pdf\">Sp\u00e9cialite_SES_premiere<\/a><a href=\"https:\/\/lyceelespierresvives.fr\/wp-content\/uploads\/2025\/06\/Specialite_SES_premiere.pdf\" class=\"wp-block-file__button wp-element-button\" download aria-describedby=\"wp-block-file--media-497fe1c8-6d70-4aee-a8a7-7929513040ee\">T\u00e9l\u00e9charger<\/a><\/div><\/details><div style=\"height:10px\" aria-hidden=\"true\" class=\"wp-block-spacer\"><\/div><h3 class=\"wp-block-heading has-text-align-center has-base-color has-custom-color-1-background-color has-text-color has-background has-link-color wp-elements-bcacc22351a73efa79e5809b7ee3ff92\">Terminale<\/h3><details class=\"wp-block-details is-layout-flow wp-block-details-is-layout-flow\" style=\"font-style:normal;font-weight:700\"><summary>Anglais (fili\u00e8re g\u00e9n\u00e9rale et STI2D)<\/summary><div class=\"wp-block-columns is-layout-flex wp-container-core-columns-is-layout-28f84493 wp-block-columns-is-layout-flex\"><div class=\"wp-block-column is-layout-flow wp-block-column-is-layout-flow\"><p style=\"font-style:normal;font-weight:100\">Site pour r\u00e9viser la grammaire et le lexique:<\/p>\n\n<p class=\"has-text-align-center\" style=\"font-style:normal;font-weight:100\"><a href=\"https:\/\/learnenglish.britishcouncil.org\/\" target=\"_blank\" rel=\"noreferrer noopener\">Site grammaire et lexique<\/a><\/p><\/div>\n\n<div class=\"wp-block-column is-layout-flow wp-block-column-is-layout-flow\"><p style=\"font-style:normal;font-weight:100\">Site pour travailler la compr\u00e9hension orale:<\/p>\n\n<p class=\"has-text-align-center\" style=\"font-style:normal;font-weight:100\"><a href=\"https:\/\/www.iledefrance.fr\/toutes-les-actualites\/fermeture-de-qioz-le-site-et-lappli-dapprentissage-des-langues-gratuit-pour-tous\" target=\"_blank\" rel=\"noreferrer noopener\">Site compr\u00e9hension orale<\/a><\/p><\/div><\/div><\/details><details class=\"wp-block-details is-layout-flow wp-block-details-is-layout-flow\" style=\"font-style:normal;font-weight:700\"><summary>HLP (sp\u00e9cialit\u00e9)<\/summary><div class=\"wp-block-file\"><a id=\"wp-block-file--media-b82b0654-bc88-4b40-b227-7238a1741b2e\" href=\"https:\/\/lyceelespierresvives.fr\/wp-content\/uploads\/2025\/06\/Lectures-conseillees-pour-la-specialite-HLP-Terminale.pdf\">Lectures conseill\u00e9es pour la sp\u00e9cialit\u00e9 HLP Terminale<\/a><a href=\"https:\/\/lyceelespierresvives.fr\/wp-content\/uploads\/2025\/06\/Lectures-conseillees-pour-la-specialite-HLP-Terminale.pdf\" class=\"wp-block-file__button wp-element-button\" download aria-describedby=\"wp-block-file--media-b82b0654-bc88-4b40-b227-7238a1741b2e\">T\u00e9l\u00e9charger<\/a><\/div><\/details><details class=\"wp-block-details is-layout-flow wp-block-details-is-layout-flow\" style=\"font-style:normal;font-weight:700\"><summary>NSI (sp\u00e9cialit\u00e9)<\/summary><p style=\"font-style:normal;font-weight:100\">S&rsquo;entra\u00eener \u00e0 la programmation sur le site <a href=\"https:\/\/codex.forge.apps.education.fr\/\" target=\"_blank\" rel=\"noreferrer noopener\">codex<\/a><\/p><\/details><details class=\"wp-block-details is-layout-flow wp-block-details-is-layout-flow\" style=\"font-style:normal;font-weight:700\"><summary>Philosophie (g\u00e9n\u00e9ral et STI2D)<\/summary><div class=\"wp-block-columns is-layout-flex wp-container-core-columns-is-layout-28f84493 wp-block-columns-is-layout-flex\"><div class=\"wp-block-column is-layout-flow wp-block-column-is-layout-flow\"><p class=\"has-body-text-font-size\" style=\"font-style:normal;font-weight:100\">Conseil de lecture: <strong>Thomas NAGEL,&nbsp;<em>Qu\u2019est-ce que tout cela veut dire ?&nbsp;<\/em>(\u00c9d. de l\u2019Eclat)<\/strong>.&nbsp;Une introduction tr\u00e8s br\u00e8ve et tr\u00e8s accessible aux grands probl\u00e8mes de la philosophie, compos\u00e9e de courts chapitres (sur la libert\u00e9, la justice, le sens de la vie, etc.).<\/p><\/div><\/div><\/details>","protected":false},"excerpt":{"rendered":"<p>Seconde Premi\u00e8re Terminale<\/p>\n","protected":false},"author":3,"featured_media":0,"parent":0,"menu_order":0,"comment_status":"closed","ping_status":"closed","template":"","meta":{"inline_featured_image":false,"footnotes":""},"class_list":["post-2424","page","type-page","status-publish","hentry"],"_links":{"self":[{"href":"https:\/\/lyceelespierresvives.fr\/index.php?rest_route=\/wp\/v2\/pages\/2424","targetHints":{"allow":["GET"]}}],"collection":[{"href":"https:\/\/lyceelespierresvives.fr\/index.php?rest_route=\/wp\/v2\/pages"}],"about":[{"href":"https:\/\/lyceelespierresvives.fr\/index.php?rest_route=\/wp\/v2\/types\/page"}],"author":[{"embeddable":true,"href":"https:\/\/lyceelespierresvives.fr\/index.php?rest_route=\/wp\/v2\/users\/3"}],"replies":[{"embeddable":true,"href":"https:\/\/lyceelespierresvives.fr\/index.php?rest_route=%2Fwp%2Fv2%2Fcomments&post=2424"}],"version-history":[{"count":14,"href":"https:\/\/lyceelespierresvives.fr\/index.php?rest_route=\/wp\/v2\/pages\/2424\/revisions"}],"predecessor-version":[{"id":2603,"href":"https:\/\/lyceelespierresvives.fr\/index.php?rest_route=\/wp\/v2\/pages\/2424\/revisions\/2603"}],"wp:attachment":[{"href":"https:\/\/lyceelespierresvives.fr\/index.php?rest_route=%2Fwp%2Fv2%2Fmedia&parent=2424"}],"curies":[{"name":"wp","href":"https:\/\/api.w.org\/{rel}","templated":true}]}}