{"id":2421,"date":"2025-06-25T13:56:32","date_gmt":"2025-06-25T11:56:32","guid":{"rendered":"https:\/\/lyceelespierresvives.fr\/?page_id=2421"},"modified":"2025-06-30T15:54:52","modified_gmt":"2025-06-30T13:54:52","slug":"rentree-scolaire","status":"publish","type":"page","link":"https:\/\/lyceelespierresvives.fr\/?page_id=2421","title":{"rendered":"Rentr\u00e9e scolaire"},"content":{"rendered":"<div class=\"wp-block-columns is-layout-flex wp-container-core-columns-is-layout-28f84493 wp-block-columns-is-layout-flex\"><div class=\"wp-block-column is-layout-flow wp-block-column-is-layout-flow\"><p class=\"has-text-align-center has-base-color has-custom-color-1-background-color has-text-color has-background has-link-color has-small-font-size wp-elements-47c2638f9a54e79dc0f12a97ee2b56d6\">Conseils pour se pr\u00e9parer<\/p>\n\n<figure class=\"wp-block-image aligncenter size-full is-resized has-custom-border is-style-default wp-duotone-unset-1\"><img loading=\"lazy\" decoding=\"async\" width=\"500\" height=\"500\" src=\"https:\/\/lyceelespierresvives.fr\/wp-content\/uploads\/2025\/06\/50-1.png\" alt=\"\" class=\"wp-image-2430\" style=\"border-style:none;border-width:0px;border-radius:0px;aspect-ratio:1.19;object-fit:cover;width:auto;height:250px\" srcset=\"https:\/\/lyceelespierresvives.fr\/wp-content\/uploads\/2025\/06\/50-1.png 500w, https:\/\/lyceelespierresvives.fr\/wp-content\/uploads\/2025\/06\/50-1-300x300.png 300w, https:\/\/lyceelespierresvives.fr\/wp-content\/uploads\/2025\/06\/50-1-150x150.png 150w\" sizes=\"auto, (max-width: 500px) 100vw, 500px\" \/><\/figure>\n\n<p class=\"has-text-align-center\">Vous trouverez ici diff\u00e9rents conseils donn\u00e9s par les professeurs pour bien se pr\u00e9parer pour la rentr\u00e9e scolaire 2025.<br><br><a href=\"https:\/\/lyceelespierresvives.fr\/?page_id=2424\" target=\"_blank\" rel=\"noreferrer noopener\"><strong>+ d&rsquo;infos<\/strong><\/a><br><\/p>\n\n<p class=\"has-text-align-left\"><br><br><br><br><\/p><\/div>\n\n<div class=\"wp-block-column is-layout-flow wp-block-column-is-layout-flow\"><p class=\"has-text-align-center has-base-color has-custom-color-1-background-color has-text-color has-background has-link-color has-small-font-size wp-elements-cc8822ddf4cb53315dfa4731e930b547\">Fournitures scolaires<\/p>\n\n<figure class=\"wp-block-image aligncenter size-full is-resized\"><img loading=\"lazy\" decoding=\"async\" width=\"500\" height=\"500\" src=\"https:\/\/lyceelespierresvives.fr\/wp-content\/uploads\/2025\/06\/48.png\" alt=\"\" class=\"wp-image-2431\" style=\"width:auto;height:250px\" srcset=\"https:\/\/lyceelespierresvives.fr\/wp-content\/uploads\/2025\/06\/48.png 500w, https:\/\/lyceelespierresvives.fr\/wp-content\/uploads\/2025\/06\/48-300x300.png 300w, https:\/\/lyceelespierresvives.fr\/wp-content\/uploads\/2025\/06\/48-150x150.png 150w\" sizes=\"auto, (max-width: 500px) 100vw, 500px\" \/><\/figure>\n\n<p class=\"has-text-align-center\">Aucune liste de fournitures n&rsquo;est impos\u00e9e.<br><br>Chaque professeur fera ses recommandations les premiers jours de la rentr\u00e9e.<br><br>Chaque \u00e9l\u00e8ve doit cependant avoir de quoi \u00e9crire, ainsi qu&rsquo;un agenda papier pour le jour de la rentr\u00e9e.<\/p><\/div>\n\n<div class=\"wp-block-column is-layout-flow wp-block-column-is-layout-flow\"><p class=\"has-text-align-center has-base-color has-custom-color-1-background-color has-text-color has-background has-link-color has-small-font-size wp-elements-3ea0e540b888d940c6ba6da874f8b8a0\">Horaires de rentr\u00e9e<\/p>\n\n<figure class=\"wp-block-image aligncenter size-full is-resized\"><img loading=\"lazy\" decoding=\"async\" width=\"500\" height=\"500\" src=\"https:\/\/lyceelespierresvives.fr\/wp-content\/uploads\/2025\/06\/49.png\" alt=\"\" class=\"wp-image-2432\" style=\"width:auto;height:250px\" srcset=\"https:\/\/lyceelespierresvives.fr\/wp-content\/uploads\/2025\/06\/49.png 500w, https:\/\/lyceelespierresvives.fr\/wp-content\/uploads\/2025\/06\/49-300x300.png 300w, https:\/\/lyceelespierresvives.fr\/wp-content\/uploads\/2025\/06\/49-150x150.png 150w\" sizes=\"auto, (max-width: 500px) 100vw, 500px\" \/><\/figure>\n\n<p class=\"has-text-align-center has-custom-color-1-color has-custom-color-2-background-color has-text-color has-background has-link-color wp-elements-e69f0d14126c0a7d2936762bf5776724\"><a href=\"https:\/\/lyceelespierresvives.fr\/?page_id=2582\">Secondes<\/a><\/p>\n\n<p class=\"has-text-align-center has-custom-color-1-color has-custom-color-2-background-color has-text-color has-background has-link-color wp-elements-ddc870b14cf3b9693c99969ec07b33f5\"><a href=\"https:\/\/lyceelespierresvives.fr\/?page_id=2587\">Premi\u00e8res<\/a><\/p>\n\n<p class=\"has-text-align-center has-custom-color-1-color has-custom-color-2-background-color has-text-color has-background has-link-color wp-elements-d4ba5ed76bff2b932598729ad3fe578c\"><a href=\"https:\/\/lyceelespierresvives.fr\/?page_id=2590\">Terminales<\/a><\/p><\/div><\/div>","protected":false},"excerpt":{"rendered":"<p>Conseils pour se pr\u00e9parer Vous trouverez ici diff\u00e9rents conseils donn\u00e9s par les professeurs pour bien se pr\u00e9parer pour la rentr\u00e9e scolaire 2025. + d&rsquo;infos Fournitures scolaires Aucune liste de fournitures n&rsquo;est impos\u00e9e. Chaque professeur fera ses recommandations les premiers jours de la rentr\u00e9e. Chaque \u00e9l\u00e8ve doit cependant avoir de quoi \u00e9crire, ainsi qu&rsquo;un agenda papier [&hellip;]<\/p>\n","protected":false},"author":3,"featured_media":0,"parent":0,"menu_order":0,"comment_status":"closed","ping_status":"closed","template":"","meta":{"inline_featured_image":false,"footnotes":""},"class_list":["post-2421","page","type-page","status-publish","hentry"],"_links":{"self":[{"href":"https:\/\/lyceelespierresvives.fr\/index.php?rest_route=\/wp\/v2\/pages\/2421","targetHints":{"allow":["GET"]}}],"collection":[{"href":"https:\/\/lyceelespierresvives.fr\/index.php?rest_route=\/wp\/v2\/pages"}],"about":[{"href":"https:\/\/lyceelespierresvives.fr\/index.php?rest_route=\/wp\/v2\/types\/page"}],"author":[{"embeddable":true,"href":"https:\/\/lyceelespierresvives.fr\/index.php?rest_route=\/wp\/v2\/users\/3"}],"replies":[{"embeddable":true,"href":"https:\/\/lyceelespierresvives.fr\/index.php?rest_route=%2Fwp%2Fv2%2Fcomments&post=2421"}],"version-history":[{"count":8,"href":"https:\/\/lyceelespierresvives.fr\/index.php?rest_route=\/wp\/v2\/pages\/2421\/revisions"}],"predecessor-version":[{"id":2592,"href":"https:\/\/lyceelespierresvives.fr\/index.php?rest_route=\/wp\/v2\/pages\/2421\/revisions\/2592"}],"wp:attachment":[{"href":"https:\/\/lyceelespierresvives.fr\/index.php?rest_route=%2Fwp%2Fv2%2Fmedia&parent=2421"}],"curies":[{"name":"wp","href":"https:\/\/api.w.org\/{rel}","templated":true}]}}