{"id":2199,"date":"2025-03-23T18:09:15","date_gmt":"2025-03-23T17:09:15","guid":{"rendered":"https:\/\/lyceelespierresvives.fr\/?page_id=2199"},"modified":"2025-03-23T18:09:15","modified_gmt":"2025-03-23T17:09:15","slug":"euro-allemand","status":"publish","type":"page","link":"https:\/\/lyceelespierresvives.fr\/?page_id=2199","title":{"rendered":"Euro Allemand"},"content":{"rendered":"<p>Le lyc\u00e9e les Pierres Vives propose de faire de l&rsquo;euro Allemand d\u00e8s la seconde. <br>Voici une pr\u00e9sentation.<\/p><div data-wp-interactive=\"core\/file\" class=\"wp-block-file\"><object data-wp-bind--hidden=\"!state.hasPdfPreview\" hidden class=\"wp-block-file__embed\" data=\"https:\/\/lyceelespierresvives.fr\/wp-content\/uploads\/2025\/03\/Allemand-DNL-presentation-2025.pdf\" type=\"application\/pdf\" style=\"width:100%;height:600px\" aria-label=\"Contenu embarqu\u00e9 Allemand DNL-pre\u0301sentation- 2025.\"><\/object><a id=\"wp-block-file--media-a40528c3-ee0b-4e01-95ec-83e4fbe59836\" href=\"https:\/\/lyceelespierresvives.fr\/wp-content\/uploads\/2025\/03\/Allemand-DNL-presentation-2025.pdf\">Allemand DNL-pre\u0301sentation- 2025<\/a><a href=\"https:\/\/lyceelespierresvives.fr\/wp-content\/uploads\/2025\/03\/Allemand-DNL-presentation-2025.pdf\" class=\"wp-block-file__button wp-element-button\" download aria-describedby=\"wp-block-file--media-a40528c3-ee0b-4e01-95ec-83e4fbe59836\">T\u00e9l\u00e9charger<\/a><\/div>","protected":false},"excerpt":{"rendered":"<p>Le lyc\u00e9e les Pierres Vives propose de faire de l&rsquo;euro Allemand d\u00e8s la seconde. Voici une pr\u00e9sentation.<\/p>\n","protected":false},"author":2,"featured_media":0,"parent":0,"menu_order":0,"comment_status":"closed","ping_status":"closed","template":"","meta":{"inline_featured_image":false,"footnotes":""},"class_list":["post-2199","page","type-page","status-publish","hentry"],"_links":{"self":[{"href":"https:\/\/lyceelespierresvives.fr\/index.php?rest_route=\/wp\/v2\/pages\/2199","targetHints":{"allow":["GET"]}}],"collection":[{"href":"https:\/\/lyceelespierresvives.fr\/index.php?rest_route=\/wp\/v2\/pages"}],"about":[{"href":"https:\/\/lyceelespierresvives.fr\/index.php?rest_route=\/wp\/v2\/types\/page"}],"author":[{"embeddable":true,"href":"https:\/\/lyceelespierresvives.fr\/index.php?rest_route=\/wp\/v2\/users\/2"}],"replies":[{"embeddable":true,"href":"https:\/\/lyceelespierresvives.fr\/index.php?rest_route=%2Fwp%2Fv2%2Fcomments&post=2199"}],"version-history":[{"count":1,"href":"https:\/\/lyceelespierresvives.fr\/index.php?rest_route=\/wp\/v2\/pages\/2199\/revisions"}],"predecessor-version":[{"id":2200,"href":"https:\/\/lyceelespierresvives.fr\/index.php?rest_route=\/wp\/v2\/pages\/2199\/revisions\/2200"}],"wp:attachment":[{"href":"https:\/\/lyceelespierresvives.fr\/index.php?rest_route=%2Fwp%2Fv2%2Fmedia&parent=2199"}],"curies":[{"name":"wp","href":"https:\/\/api.w.org\/{rel}","templated":true}]}}