{"id":2037,"date":"2025-02-04T22:21:58","date_gmt":"2025-02-04T21:21:58","guid":{"rendered":"https:\/\/lyceelespierresvives.fr\/?page_id=2037"},"modified":"2025-02-05T21:04:22","modified_gmt":"2025-02-05T20:04:22","slug":"actualites-2","status":"publish","type":"page","link":"https:\/\/lyceelespierresvives.fr\/?page_id=2037","title":{"rendered":"Actualit\u00e9s"},"content":{"rendered":"<p class=\"has-base-color has-custom-color-1-background-color has-text-color has-background has-link-color has-small-font-size wp-elements-f94964fa60a0180cc55016e01b986024\"><a href=\"https:\/\/lyceelespierresvives.fr\/?page_id=1938\" data-type=\"category\" data-id=\"12\">Actualit\u00e9s g\u00e9n\u00e9rales<\/a><\/p><p class=\"has-base-color has-custom-color-1-background-color has-text-color has-background has-link-color has-small-font-size wp-elements-4ddea255e71fd1738af694a06473ed97\"><a href=\"https:\/\/lyceelespierresvives.fr\/?page_id=1940\" data-type=\"category\" data-id=\"11\">\u00c9v\u00e8nements culturels et sportifs<\/a><\/p><p class=\"has-base-color has-custom-color-1-background-color has-text-color has-background has-link-color has-small-font-size wp-elements-e03ac71213def4bfa6191cea9a1f51c9\"><a href=\"https:\/\/lyceelespierresvives.fr\/?page_id=1942\" data-type=\"category\" data-id=\"13\">Orientation<\/a><\/p><p class=\"has-base-color has-custom-color-1-background-color has-text-color has-background has-link-color has-small-font-size wp-elements-36c52a0a160b4387064d26c3b539534a\"><a href=\"https:\/\/lyceelespierresvives.fr\/?page_id=1944\" data-type=\"category\" data-id=\"9\">Sorties scolaires<\/a><\/p><p class=\"has-base-color has-custom-color-1-background-color has-text-color has-background has-link-color has-small-font-size wp-elements-34b724341b58de1fe0dae0e7b1e70c57\"><a href=\"https:\/\/lyceelespierresvives.fr\/?page_id=1946\" data-type=\"category\" data-id=\"10\">Voyages scolaires<\/a><\/p>","protected":false},"excerpt":{"rendered":"<p>Actualit\u00e9s g\u00e9n\u00e9rales \u00c9v\u00e8nements culturels et sportifs Orientation Sorties scolaires Voyages scolaires<\/p>\n","protected":false},"author":2,"featured_media":0,"parent":0,"menu_order":0,"comment_status":"closed","ping_status":"closed","template":"","meta":{"inline_featured_image":false,"footnotes":""},"class_list":["post-2037","page","type-page","status-publish","hentry"],"_links":{"self":[{"href":"https:\/\/lyceelespierresvives.fr\/index.php?rest_route=\/wp\/v2\/pages\/2037","targetHints":{"allow":["GET"]}}],"collection":[{"href":"https:\/\/lyceelespierresvives.fr\/index.php?rest_route=\/wp\/v2\/pages"}],"about":[{"href":"https:\/\/lyceelespierresvives.fr\/index.php?rest_route=\/wp\/v2\/types\/page"}],"author":[{"embeddable":true,"href":"https:\/\/lyceelespierresvives.fr\/index.php?rest_route=\/wp\/v2\/users\/2"}],"replies":[{"embeddable":true,"href":"https:\/\/lyceelespierresvives.fr\/index.php?rest_route=%2Fwp%2Fv2%2Fcomments&post=2037"}],"version-history":[{"count":3,"href":"https:\/\/lyceelespierresvives.fr\/index.php?rest_route=\/wp\/v2\/pages\/2037\/revisions"}],"predecessor-version":[{"id":2046,"href":"https:\/\/lyceelespierresvives.fr\/index.php?rest_route=\/wp\/v2\/pages\/2037\/revisions\/2046"}],"wp:attachment":[{"href":"https:\/\/lyceelespierresvives.fr\/index.php?rest_route=%2Fwp%2Fv2%2Fmedia&parent=2037"}],"curies":[{"name":"wp","href":"https:\/\/api.w.org\/{rel}","templated":true}]}}