{"id":1944,"date":"2025-01-29T20:28:48","date_gmt":"2025-01-29T19:28:48","guid":{"rendered":"https:\/\/lyceelespierresvives.fr\/?page_id=1944"},"modified":"2025-01-29T20:28:48","modified_gmt":"2025-01-29T19:28:48","slug":"sorties-scolaires","status":"publish","type":"page","link":"https:\/\/lyceelespierresvives.fr\/?page_id=1944","title":{"rendered":"Sorties scolaires"},"content":{"rendered":"<div class=\"wp-block-query is-layout-flow wp-block-query-is-layout-flow\"><ul class=\"columns-5 related-post wp-block-post-template has-small-font-size is-layout-grid wp-container-core-post-template-is-layout-4a112235 wp-block-post-template-is-layout-grid\"><li class=\"wp-block-post post-2336 post type-post status-publish format-standard has-post-thumbnail hentry category-sorties_scolaires\"><div class=\"wp-block-group has-section-bg-background-color has-background is-layout-flow wp-block-group-is-layout-flow\" style=\"border-radius:10px;border-top-color:var(--wp--preset--color--custom-color-1);border-top-width:4px;border-right-color:var(--wp--preset--color--border-color);border-right-width:1px;border-bottom-color:var(--wp--preset--color--custom-color-1);border-bottom-width:4px;border-left-color:var(--wp--preset--color--border-color);border-left-width:1px;padding-top:10px;padding-right:10px;padding-bottom:10px;padding-left:10px\"><figure class=\"wp-block-post-featured-image\"><img loading=\"lazy\" decoding=\"async\" width=\"1920\" height=\"1080\" src=\"https:\/\/lyceelespierresvives.fr\/wp-content\/uploads\/2025\/05\/trame-articles-2.png\" class=\"attachment-post-thumbnail size-post-thumbnail wp-post-image\" alt=\"\" style=\"border-radius:10px;object-fit:cover;\" srcset=\"https:\/\/lyceelespierresvives.fr\/wp-content\/uploads\/2025\/05\/trame-articles-2.png 1920w, https:\/\/lyceelespierresvives.fr\/wp-content\/uploads\/2025\/05\/trame-articles-2-300x169.png 300w, https:\/\/lyceelespierresvives.fr\/wp-content\/uploads\/2025\/05\/trame-articles-2-1024x576.png 1024w, https:\/\/lyceelespierresvives.fr\/wp-content\/uploads\/2025\/05\/trame-articles-2-768x432.png 768w, https:\/\/lyceelespierresvives.fr\/wp-content\/uploads\/2025\/05\/trame-articles-2-1536x864.png 1536w\" sizes=\"auto, (max-width: 1920px) 100vw, 1920px\" \/><\/figure>\n\n<h4 class=\"has-text-align-left has-link-color wp-elements-1f6252433d88076686ab05de4ec3fc0d wp-block-post-title has-text-color has-heading-color\">CITECO : l&rsquo;\u00e9conomie en pratique<\/h4>\n\n<div class=\"wp-block-post-date\"><time datetime=\"2025-05-12T13:46:56+02:00\">12\/05\/2025<\/time><\/div>\n\n<div class=\"wp-block-group archieve-readmore is-nowrap is-layout-flex wp-container-core-group-is-layout-c0d5ccf6 wp-block-group-is-layout-flex\"><hr class=\"wp-block-separator has-text-color has-custom-color-1-color has-alpha-channel-opacity has-custom-color-1-background-color has-background\"\/>\n\n<a style=\"text-decoration:none; padding-right:var(--wp--preset--spacing--20);padding-left:var(--wp--preset--spacing--20);\" class=\"wp-elements-009d2c7f873d45929ea96a0a79e9912a wp-block-read-more has-text-color has-custom-color-1-color has-small-font-size\" href=\"https:\/\/lyceelespierresvives.fr\/?p=2336\" target=\"_self\">Lire la suite<span class=\"screen-reader-text\">\u00a0: CITECO : l&rsquo;\u00e9conomie en pratique<\/span><\/a><\/div><\/div><\/li><li class=\"wp-block-post post-1444 post type-post status-publish format-standard has-post-thumbnail hentry category-sorties_scolaires\"><div class=\"wp-block-group has-section-bg-background-color has-background is-layout-flow wp-block-group-is-layout-flow\" style=\"border-radius:10px;border-top-color:var(--wp--preset--color--custom-color-1);border-top-width:4px;border-right-color:var(--wp--preset--color--border-color);border-right-width:1px;border-bottom-color:var(--wp--preset--color--custom-color-1);border-bottom-width:4px;border-left-color:var(--wp--preset--color--border-color);border-left-width:1px;padding-top:10px;padding-right:10px;padding-bottom:10px;padding-left:10px\"><figure class=\"wp-block-post-featured-image\"><img loading=\"lazy\" decoding=\"async\" width=\"1920\" height=\"1080\" src=\"https:\/\/lyceelespierresvives.fr\/wp-content\/uploads\/2024\/12\/Copie-de-trame-articles.png\" class=\"attachment-post-thumbnail size-post-thumbnail wp-post-image\" alt=\"\" style=\"border-radius:10px;object-fit:cover;\" srcset=\"https:\/\/lyceelespierresvives.fr\/wp-content\/uploads\/2024\/12\/Copie-de-trame-articles.png 1920w, https:\/\/lyceelespierresvives.fr\/wp-content\/uploads\/2024\/12\/Copie-de-trame-articles-300x169.png 300w, https:\/\/lyceelespierresvives.fr\/wp-content\/uploads\/2024\/12\/Copie-de-trame-articles-1024x576.png 1024w, https:\/\/lyceelespierresvives.fr\/wp-content\/uploads\/2024\/12\/Copie-de-trame-articles-768x432.png 768w, https:\/\/lyceelespierresvives.fr\/wp-content\/uploads\/2024\/12\/Copie-de-trame-articles-1536x864.png 1536w\" sizes=\"auto, (max-width: 1920px) 100vw, 1920px\" \/><\/figure>\n\n<h4 class=\"has-text-align-left has-link-color wp-elements-1f6252433d88076686ab05de4ec3fc0d wp-block-post-title has-text-color has-heading-color\">CNRD &#8211; Sortie aux archives<\/h4>\n\n<div class=\"wp-block-post-date\"><time datetime=\"2024-12-10T10:00:00+01:00\">10\/12\/2024<\/time><\/div>\n\n<div class=\"wp-block-group archieve-readmore is-nowrap is-layout-flex wp-container-core-group-is-layout-c0d5ccf6 wp-block-group-is-layout-flex\"><hr class=\"wp-block-separator has-text-color has-custom-color-1-color has-alpha-channel-opacity has-custom-color-1-background-color has-background\"\/>\n\n<a style=\"text-decoration:none; padding-right:var(--wp--preset--spacing--20);padding-left:var(--wp--preset--spacing--20);\" class=\"wp-elements-009d2c7f873d45929ea96a0a79e9912a wp-block-read-more has-text-color has-custom-color-1-color has-small-font-size\" href=\"https:\/\/lyceelespierresvives.fr\/?p=1444\" target=\"_self\">Lire la suite<span class=\"screen-reader-text\">\u00a0: CNRD &#8211; Sortie aux archives<\/span><\/a><\/div><\/div><\/li><li class=\"wp-block-post post-1442 post type-post status-publish format-standard has-post-thumbnail hentry category-sorties_scolaires\"><div class=\"wp-block-group has-section-bg-background-color has-background is-layout-flow wp-block-group-is-layout-flow\" style=\"border-radius:10px;border-top-color:var(--wp--preset--color--custom-color-1);border-top-width:4px;border-right-color:var(--wp--preset--color--border-color);border-right-width:1px;border-bottom-color:var(--wp--preset--color--custom-color-1);border-bottom-width:4px;border-left-color:var(--wp--preset--color--border-color);border-left-width:1px;padding-top:10px;padding-right:10px;padding-bottom:10px;padding-left:10px\"><figure class=\"wp-block-post-featured-image\"><img loading=\"lazy\" decoding=\"async\" width=\"1920\" height=\"1080\" src=\"https:\/\/lyceelespierresvives.fr\/wp-content\/uploads\/2024\/12\/Copie-de-trame-articles-1.png\" class=\"attachment-post-thumbnail size-post-thumbnail wp-post-image\" alt=\"\" style=\"border-radius:10px;object-fit:cover;\" srcset=\"https:\/\/lyceelespierresvives.fr\/wp-content\/uploads\/2024\/12\/Copie-de-trame-articles-1.png 1920w, https:\/\/lyceelespierresvives.fr\/wp-content\/uploads\/2024\/12\/Copie-de-trame-articles-1-300x169.png 300w, https:\/\/lyceelespierresvives.fr\/wp-content\/uploads\/2024\/12\/Copie-de-trame-articles-1-1024x576.png 1024w, https:\/\/lyceelespierresvives.fr\/wp-content\/uploads\/2024\/12\/Copie-de-trame-articles-1-768x432.png 768w, https:\/\/lyceelespierresvives.fr\/wp-content\/uploads\/2024\/12\/Copie-de-trame-articles-1-1536x864.png 1536w\" sizes=\"auto, (max-width: 1920px) 100vw, 1920px\" \/><\/figure>\n\n<h4 class=\"has-text-align-left has-link-color wp-elements-1f6252433d88076686ab05de4ec3fc0d wp-block-post-title has-text-color has-heading-color\">Cyber Campus &#8211; NSI<\/h4>\n\n<div class=\"wp-block-post-date\"><time datetime=\"2024-12-06T14:00:00+01:00\">06\/12\/2024<\/time><\/div>\n\n<div class=\"wp-block-group archieve-readmore is-nowrap is-layout-flex wp-container-core-group-is-layout-c0d5ccf6 wp-block-group-is-layout-flex\"><hr class=\"wp-block-separator has-text-color has-custom-color-1-color has-alpha-channel-opacity has-custom-color-1-background-color has-background\"\/>\n\n<a style=\"text-decoration:none; padding-right:var(--wp--preset--spacing--20);padding-left:var(--wp--preset--spacing--20);\" class=\"wp-elements-009d2c7f873d45929ea96a0a79e9912a wp-block-read-more has-text-color has-custom-color-1-color has-small-font-size\" href=\"https:\/\/lyceelespierresvives.fr\/?p=1442\" target=\"_self\">Lire la suite<span class=\"screen-reader-text\">\u00a0: Cyber Campus &#8211; NSI<\/span><\/a><\/div><\/div><\/li><li class=\"wp-block-post post-1421 post type-post status-publish format-standard has-post-thumbnail hentry category-sorties_scolaires\"><div class=\"wp-block-group has-section-bg-background-color has-background is-layout-flow wp-block-group-is-layout-flow\" style=\"border-radius:10px;border-top-color:var(--wp--preset--color--custom-color-1);border-top-width:4px;border-right-color:var(--wp--preset--color--border-color);border-right-width:1px;border-bottom-color:var(--wp--preset--color--custom-color-1);border-bottom-width:4px;border-left-color:var(--wp--preset--color--border-color);border-left-width:1px;padding-top:10px;padding-right:10px;padding-bottom:10px;padding-left:10px\"><figure class=\"wp-block-post-featured-image\"><img loading=\"lazy\" decoding=\"async\" width=\"1920\" height=\"1080\" src=\"https:\/\/lyceelespierresvives.fr\/wp-content\/uploads\/2024\/11\/Copie-de-trame-articles-2.png\" class=\"attachment-post-thumbnail size-post-thumbnail wp-post-image\" alt=\"\" style=\"border-radius:10px;object-fit:cover;\" srcset=\"https:\/\/lyceelespierresvives.fr\/wp-content\/uploads\/2024\/11\/Copie-de-trame-articles-2.png 1920w, https:\/\/lyceelespierresvives.fr\/wp-content\/uploads\/2024\/11\/Copie-de-trame-articles-2-300x169.png 300w, https:\/\/lyceelespierresvives.fr\/wp-content\/uploads\/2024\/11\/Copie-de-trame-articles-2-1024x576.png 1024w, https:\/\/lyceelespierresvives.fr\/wp-content\/uploads\/2024\/11\/Copie-de-trame-articles-2-768x432.png 768w, https:\/\/lyceelespierresvives.fr\/wp-content\/uploads\/2024\/11\/Copie-de-trame-articles-2-1536x864.png 1536w\" sizes=\"auto, (max-width: 1920px) 100vw, 1920px\" \/><\/figure>\n\n<h4 class=\"has-text-align-left has-link-color wp-elements-1f6252433d88076686ab05de4ec3fc0d wp-block-post-title has-text-color has-heading-color\">Mus\u00e9e du quai Branly<\/h4>\n\n<div class=\"wp-block-post-date\"><time datetime=\"2024-11-28T14:51:00+01:00\">28\/11\/2024<\/time><\/div>\n\n<div class=\"wp-block-group archieve-readmore is-nowrap is-layout-flex wp-container-core-group-is-layout-c0d5ccf6 wp-block-group-is-layout-flex\"><hr class=\"wp-block-separator has-text-color has-custom-color-1-color has-alpha-channel-opacity has-custom-color-1-background-color has-background\"\/>\n\n<a style=\"text-decoration:none; padding-right:var(--wp--preset--spacing--20);padding-left:var(--wp--preset--spacing--20);\" class=\"wp-elements-009d2c7f873d45929ea96a0a79e9912a wp-block-read-more has-text-color has-custom-color-1-color has-small-font-size\" href=\"https:\/\/lyceelespierresvives.fr\/?p=1421\" target=\"_self\">Lire la suite<span class=\"screen-reader-text\">\u00a0: Mus\u00e9e du quai Branly<\/span><\/a><\/div><\/div><\/li><li class=\"wp-block-post post-1418 post type-post status-publish format-standard has-post-thumbnail hentry category-non-classe category-sorties_scolaires\"><div class=\"wp-block-group has-section-bg-background-color has-background is-layout-flow wp-block-group-is-layout-flow\" style=\"border-radius:10px;border-top-color:var(--wp--preset--color--custom-color-1);border-top-width:4px;border-right-color:var(--wp--preset--color--border-color);border-right-width:1px;border-bottom-color:var(--wp--preset--color--custom-color-1);border-bottom-width:4px;border-left-color:var(--wp--preset--color--border-color);border-left-width:1px;padding-top:10px;padding-right:10px;padding-bottom:10px;padding-left:10px\"><figure class=\"wp-block-post-featured-image\"><img loading=\"lazy\" decoding=\"async\" width=\"1920\" height=\"1080\" src=\"https:\/\/lyceelespierresvives.fr\/wp-content\/uploads\/2024\/11\/Copie-de-trame-articles-3.png\" class=\"attachment-post-thumbnail size-post-thumbnail wp-post-image\" alt=\"\" style=\"border-radius:10px;object-fit:cover;\" srcset=\"https:\/\/lyceelespierresvives.fr\/wp-content\/uploads\/2024\/11\/Copie-de-trame-articles-3.png 1920w, https:\/\/lyceelespierresvives.fr\/wp-content\/uploads\/2024\/11\/Copie-de-trame-articles-3-300x169.png 300w, https:\/\/lyceelespierresvives.fr\/wp-content\/uploads\/2024\/11\/Copie-de-trame-articles-3-1024x576.png 1024w, https:\/\/lyceelespierresvives.fr\/wp-content\/uploads\/2024\/11\/Copie-de-trame-articles-3-768x432.png 768w, https:\/\/lyceelespierresvives.fr\/wp-content\/uploads\/2024\/11\/Copie-de-trame-articles-3-1536x864.png 1536w\" sizes=\"auto, (max-width: 1920px) 100vw, 1920px\" \/><\/figure>\n\n<h4 class=\"has-text-align-left has-link-color wp-elements-1f6252433d88076686ab05de4ec3fc0d wp-block-post-title has-text-color has-heading-color\">Th\u00e9\u00e2tre du Ch\u00e2telet<\/h4>\n\n<div class=\"wp-block-post-date\"><time datetime=\"2024-11-28T10:50:00+01:00\">28\/11\/2024<\/time><\/div>\n\n<div class=\"wp-block-group archieve-readmore is-nowrap is-layout-flex wp-container-core-group-is-layout-c0d5ccf6 wp-block-group-is-layout-flex\"><hr class=\"wp-block-separator has-text-color has-custom-color-1-color has-alpha-channel-opacity has-custom-color-1-background-color has-background\"\/>\n\n<a style=\"text-decoration:none; padding-right:var(--wp--preset--spacing--20);padding-left:var(--wp--preset--spacing--20);\" class=\"wp-elements-009d2c7f873d45929ea96a0a79e9912a wp-block-read-more has-text-color has-custom-color-1-color has-small-font-size\" href=\"https:\/\/lyceelespierresvives.fr\/?p=1418\" target=\"_self\">Lire la suite<span class=\"screen-reader-text\">\u00a0: Th\u00e9\u00e2tre du Ch\u00e2telet<\/span><\/a><\/div><\/div><\/li><\/ul>\n\n<nav class=\"has-link-color wp-elements-36918e7febf130aad90a4444adaefa0c wp-block-query-pagination has-text-color has-custom-color-1-color is-horizontal is-content-justification-center is-layout-flex wp-container-core-query-pagination-is-layout-03627597 wp-block-query-pagination-is-layout-flex\" aria-label=\"Pagination\">\n\n\n<div class=\"wp-block-query-pagination-numbers has-background has-base-background-color\"><span aria-current=\"page\" class=\"page-numbers current\">1<\/span>\n<a class=\"page-numbers\" href=\"?query-10-page=2&#038;rest_route=%2Fwp%2Fv2%2Fpages%2F1944\">2<\/a>\n<a class=\"page-numbers\" href=\"?query-10-page=3&#038;rest_route=%2Fwp%2Fv2%2Fpages%2F1944\">3<\/a><\/div>\n\n<a href=\"\/index.php?rest_route=%2Fwp%2Fv2%2Fpages%2F1944&#038;query-10-page=2\" class=\"wp-block-query-pagination-next has-background has-base-background-color\" aria-label=\"Page suivante\"><span class='wp-block-query-pagination-next-arrow is-arrow-chevron' aria-hidden='true'>\u00bb<\/span><\/a>\n<\/nav>\n\n<\/div>","protected":false},"excerpt":{"rendered":"","protected":false},"author":3,"featured_media":0,"parent":0,"menu_order":0,"comment_status":"closed","ping_status":"closed","template":"","meta":{"inline_featured_image":false,"footnotes":""},"class_list":["post-1944","page","type-page","status-publish","hentry"],"_links":{"self":[{"href":"https:\/\/lyceelespierresvives.fr\/index.php?rest_route=\/wp\/v2\/pages\/1944","targetHints":{"allow":["GET"]}}],"collection":[{"href":"https:\/\/lyceelespierresvives.fr\/index.php?rest_route=\/wp\/v2\/pages"}],"about":[{"href":"https:\/\/lyceelespierresvives.fr\/index.php?rest_route=\/wp\/v2\/types\/page"}],"author":[{"embeddable":true,"href":"https:\/\/lyceelespierresvives.fr\/index.php?rest_route=\/wp\/v2\/users\/3"}],"replies":[{"embeddable":true,"href":"https:\/\/lyceelespierresvives.fr\/index.php?rest_route=%2Fwp%2Fv2%2Fcomments&post=1944"}],"version-history":[{"count":1,"href":"https:\/\/lyceelespierresvives.fr\/index.php?rest_route=\/wp\/v2\/pages\/1944\/revisions"}],"predecessor-version":[{"id":1945,"href":"https:\/\/lyceelespierresvives.fr\/index.php?rest_route=\/wp\/v2\/pages\/1944\/revisions\/1945"}],"wp:attachment":[{"href":"https:\/\/lyceelespierresvives.fr\/index.php?rest_route=%2Fwp%2Fv2%2Fmedia&parent=1944"}],"curies":[{"name":"wp","href":"https:\/\/api.w.org\/{rel}","templated":true}]}}