{"id":1938,"date":"2025-01-29T20:26:23","date_gmt":"2025-01-29T19:26:23","guid":{"rendered":"https:\/\/lyceelespierresvives.fr\/?page_id=1938"},"modified":"2025-01-29T20:26:23","modified_gmt":"2025-01-29T19:26:23","slug":"actualites-generales","status":"publish","type":"page","link":"https:\/\/lyceelespierresvives.fr\/?page_id=1938","title":{"rendered":"Actualit\u00e9s g\u00e9n\u00e9rales"},"content":{"rendered":"<div class=\"wp-block-query is-layout-flow wp-block-query-is-layout-flow\"><ul class=\"columns-5 related-post wp-block-post-template has-small-font-size is-layout-grid wp-container-core-post-template-is-layout-4a112235 wp-block-post-template-is-layout-grid\"><li class=\"wp-block-post post-2732 post type-post status-publish format-standard has-post-thumbnail hentry category-general\"><div class=\"wp-block-group has-section-bg-background-color has-background is-layout-flow wp-block-group-is-layout-flow\" style=\"border-radius:10px;border-top-color:var(--wp--preset--color--custom-color-1);border-top-width:4px;border-right-color:var(--wp--preset--color--border-color);border-right-width:1px;border-bottom-color:var(--wp--preset--color--custom-color-1);border-bottom-width:4px;border-left-color:var(--wp--preset--color--border-color);border-left-width:1px;padding-top:10px;padding-right:10px;padding-bottom:10px;padding-left:10px\"><figure class=\"wp-block-post-featured-image\"><img loading=\"lazy\" decoding=\"async\" width=\"1920\" height=\"1080\" src=\"https:\/\/lyceelespierresvives.fr\/wp-content\/uploads\/2025\/12\/Copie-de-trame-articles.png\" class=\"attachment-post-thumbnail size-post-thumbnail wp-post-image\" alt=\"\" style=\"border-radius:10px;object-fit:cover;\" srcset=\"https:\/\/lyceelespierresvives.fr\/wp-content\/uploads\/2025\/12\/Copie-de-trame-articles.png 1920w, https:\/\/lyceelespierresvives.fr\/wp-content\/uploads\/2025\/12\/Copie-de-trame-articles-300x169.png 300w, https:\/\/lyceelespierresvives.fr\/wp-content\/uploads\/2025\/12\/Copie-de-trame-articles-1024x576.png 1024w, https:\/\/lyceelespierresvives.fr\/wp-content\/uploads\/2025\/12\/Copie-de-trame-articles-768x432.png 768w, https:\/\/lyceelespierresvives.fr\/wp-content\/uploads\/2025\/12\/Copie-de-trame-articles-1536x864.png 1536w\" sizes=\"auto, (max-width: 1920px) 100vw, 1920px\" \/><\/figure>\n\n<h4 class=\"has-text-align-left has-link-color wp-elements-1f6252433d88076686ab05de4ec3fc0d wp-block-post-title has-text-color has-heading-color\">Revue espagnole n\u00b03<\/h4>\n\n<div class=\"wp-block-post-date\"><time datetime=\"2025-12-01T10:13:25+01:00\">01\/12\/2025<\/time><\/div>\n\n<div class=\"wp-block-group archieve-readmore is-nowrap is-layout-flex wp-container-core-group-is-layout-c0d5ccf6 wp-block-group-is-layout-flex\"><hr class=\"wp-block-separator has-text-color has-custom-color-1-color has-alpha-channel-opacity has-custom-color-1-background-color has-background\"\/>\n\n<a style=\"text-decoration:none; padding-right:var(--wp--preset--spacing--20);padding-left:var(--wp--preset--spacing--20);\" class=\"wp-elements-009d2c7f873d45929ea96a0a79e9912a wp-block-read-more has-text-color has-custom-color-1-color has-small-font-size\" href=\"https:\/\/lyceelespierresvives.fr\/?p=2732\" target=\"_self\">Lire la suite<span class=\"screen-reader-text\">\u00a0: Revue espagnole n\u00b03<\/span><\/a><\/div><\/div><\/li><li class=\"wp-block-post post-2716 post type-post status-publish format-standard has-post-thumbnail hentry category-general\"><div class=\"wp-block-group has-section-bg-background-color has-background is-layout-flow wp-block-group-is-layout-flow\" style=\"border-radius:10px;border-top-color:var(--wp--preset--color--custom-color-1);border-top-width:4px;border-right-color:var(--wp--preset--color--border-color);border-right-width:1px;border-bottom-color:var(--wp--preset--color--custom-color-1);border-bottom-width:4px;border-left-color:var(--wp--preset--color--border-color);border-left-width:1px;padding-top:10px;padding-right:10px;padding-bottom:10px;padding-left:10px\"><figure class=\"wp-block-post-featured-image\"><img loading=\"lazy\" decoding=\"async\" width=\"1920\" height=\"1080\" src=\"https:\/\/lyceelespierresvives.fr\/wp-content\/uploads\/2025\/11\/Copie-de-trame-articles.png\" class=\"attachment-post-thumbnail size-post-thumbnail wp-post-image\" alt=\"\" style=\"border-radius:10px;object-fit:cover;\" srcset=\"https:\/\/lyceelespierresvives.fr\/wp-content\/uploads\/2025\/11\/Copie-de-trame-articles.png 1920w, https:\/\/lyceelespierresvives.fr\/wp-content\/uploads\/2025\/11\/Copie-de-trame-articles-300x169.png 300w, https:\/\/lyceelespierresvives.fr\/wp-content\/uploads\/2025\/11\/Copie-de-trame-articles-1024x576.png 1024w, https:\/\/lyceelespierresvives.fr\/wp-content\/uploads\/2025\/11\/Copie-de-trame-articles-768x432.png 768w, https:\/\/lyceelespierresvives.fr\/wp-content\/uploads\/2025\/11\/Copie-de-trame-articles-1536x864.png 1536w\" sizes=\"auto, (max-width: 1920px) 100vw, 1920px\" \/><\/figure>\n\n<h4 class=\"has-text-align-left has-link-color wp-elements-1f6252433d88076686ab05de4ec3fc0d wp-block-post-title has-text-color has-heading-color\">Revue espagnole n\u00b02<\/h4>\n\n<div class=\"wp-block-post-date\"><time datetime=\"2025-11-07T13:29:12+01:00\">07\/11\/2025<\/time><\/div>\n\n<div class=\"wp-block-group archieve-readmore is-nowrap is-layout-flex wp-container-core-group-is-layout-c0d5ccf6 wp-block-group-is-layout-flex\"><hr class=\"wp-block-separator has-text-color has-custom-color-1-color has-alpha-channel-opacity has-custom-color-1-background-color has-background\"\/>\n\n<a style=\"text-decoration:none; padding-right:var(--wp--preset--spacing--20);padding-left:var(--wp--preset--spacing--20);\" class=\"wp-elements-009d2c7f873d45929ea96a0a79e9912a wp-block-read-more has-text-color has-custom-color-1-color has-small-font-size\" href=\"https:\/\/lyceelespierresvives.fr\/?p=2716\" target=\"_self\">Lire la suite<span class=\"screen-reader-text\">\u00a0: Revue espagnole n\u00b02<\/span><\/a><\/div><\/div><\/li><li class=\"wp-block-post post-2655 post type-post status-publish format-standard has-post-thumbnail hentry category-general\"><div class=\"wp-block-group has-section-bg-background-color has-background is-layout-flow wp-block-group-is-layout-flow\" style=\"border-radius:10px;border-top-color:var(--wp--preset--color--custom-color-1);border-top-width:4px;border-right-color:var(--wp--preset--color--border-color);border-right-width:1px;border-bottom-color:var(--wp--preset--color--custom-color-1);border-bottom-width:4px;border-left-color:var(--wp--preset--color--border-color);border-left-width:1px;padding-top:10px;padding-right:10px;padding-bottom:10px;padding-left:10px\"><figure class=\"wp-block-post-featured-image\"><img loading=\"lazy\" decoding=\"async\" width=\"1920\" height=\"1080\" src=\"https:\/\/lyceelespierresvives.fr\/wp-content\/uploads\/2025\/10\/Copie-de-trame-articles.png\" class=\"attachment-post-thumbnail size-post-thumbnail wp-post-image\" alt=\"\" style=\"border-radius:10px;object-fit:cover;\" srcset=\"https:\/\/lyceelespierresvives.fr\/wp-content\/uploads\/2025\/10\/Copie-de-trame-articles.png 1920w, https:\/\/lyceelespierresvives.fr\/wp-content\/uploads\/2025\/10\/Copie-de-trame-articles-300x169.png 300w, https:\/\/lyceelespierresvives.fr\/wp-content\/uploads\/2025\/10\/Copie-de-trame-articles-1024x576.png 1024w, https:\/\/lyceelespierresvives.fr\/wp-content\/uploads\/2025\/10\/Copie-de-trame-articles-768x432.png 768w, https:\/\/lyceelespierresvives.fr\/wp-content\/uploads\/2025\/10\/Copie-de-trame-articles-1536x864.png 1536w\" sizes=\"auto, (max-width: 1920px) 100vw, 1920px\" \/><\/figure>\n\n<h4 class=\"has-text-align-left has-link-color wp-elements-1f6252433d88076686ab05de4ec3fc0d wp-block-post-title has-text-color has-heading-color\">Revue espagnole n\u00b01<\/h4>\n\n<div class=\"wp-block-post-date\"><time datetime=\"2025-10-06T06:45:46+02:00\">06\/10\/2025<\/time><\/div>\n\n<div class=\"wp-block-group archieve-readmore is-nowrap is-layout-flex wp-container-core-group-is-layout-c0d5ccf6 wp-block-group-is-layout-flex\"><hr class=\"wp-block-separator has-text-color has-custom-color-1-color has-alpha-channel-opacity has-custom-color-1-background-color has-background\"\/>\n\n<a style=\"text-decoration:none; padding-right:var(--wp--preset--spacing--20);padding-left:var(--wp--preset--spacing--20);\" class=\"wp-elements-009d2c7f873d45929ea96a0a79e9912a wp-block-read-more has-text-color has-custom-color-1-color has-small-font-size\" href=\"https:\/\/lyceelespierresvives.fr\/?p=2655\" target=\"_self\">Lire la suite<span class=\"screen-reader-text\">\u00a0: Revue espagnole n\u00b01<\/span><\/a><\/div><\/div><\/li><li class=\"wp-block-post post-2597 post type-post status-publish format-standard has-post-thumbnail hentry category-general\"><div class=\"wp-block-group has-section-bg-background-color has-background is-layout-flow wp-block-group-is-layout-flow\" style=\"border-radius:10px;border-top-color:var(--wp--preset--color--custom-color-1);border-top-width:4px;border-right-color:var(--wp--preset--color--border-color);border-right-width:1px;border-bottom-color:var(--wp--preset--color--custom-color-1);border-bottom-width:4px;border-left-color:var(--wp--preset--color--border-color);border-left-width:1px;padding-top:10px;padding-right:10px;padding-bottom:10px;padding-left:10px\"><figure class=\"wp-block-post-featured-image\"><img loading=\"lazy\" decoding=\"async\" width=\"1920\" height=\"1080\" src=\"https:\/\/lyceelespierresvives.fr\/wp-content\/uploads\/2025\/07\/trame-articles.png\" class=\"attachment-post-thumbnail size-post-thumbnail wp-post-image\" alt=\"\" style=\"border-radius:10px;object-fit:cover;\" srcset=\"https:\/\/lyceelespierresvives.fr\/wp-content\/uploads\/2025\/07\/trame-articles.png 1920w, https:\/\/lyceelespierresvives.fr\/wp-content\/uploads\/2025\/07\/trame-articles-300x169.png 300w, https:\/\/lyceelespierresvives.fr\/wp-content\/uploads\/2025\/07\/trame-articles-1024x576.png 1024w, https:\/\/lyceelespierresvives.fr\/wp-content\/uploads\/2025\/07\/trame-articles-768x432.png 768w, https:\/\/lyceelespierresvives.fr\/wp-content\/uploads\/2025\/07\/trame-articles-1536x864.png 1536w\" sizes=\"auto, (max-width: 1920px) 100vw, 1920px\" \/><\/figure>\n\n<h4 class=\"has-text-align-left has-link-color wp-elements-1f6252433d88076686ab05de4ec3fc0d wp-block-post-title has-text-color has-heading-color\">Stages de 2nde en Angleterre<\/h4>\n\n<div class=\"wp-block-post-date\"><time datetime=\"2025-07-01T14:53:55+02:00\">01\/07\/2025<\/time><\/div>\n\n<div class=\"wp-block-group archieve-readmore is-nowrap is-layout-flex wp-container-core-group-is-layout-c0d5ccf6 wp-block-group-is-layout-flex\"><hr class=\"wp-block-separator has-text-color has-custom-color-1-color has-alpha-channel-opacity has-custom-color-1-background-color has-background\"\/>\n\n<a style=\"text-decoration:none; padding-right:var(--wp--preset--spacing--20);padding-left:var(--wp--preset--spacing--20);\" class=\"wp-elements-009d2c7f873d45929ea96a0a79e9912a wp-block-read-more has-text-color has-custom-color-1-color has-small-font-size\" href=\"https:\/\/lyceelespierresvives.fr\/?p=2597\" target=\"_self\">Lire la suite<span class=\"screen-reader-text\">\u00a0: Stages de 2nde en Angleterre<\/span><\/a><\/div><\/div><\/li><li class=\"wp-block-post post-2398 post type-post status-publish format-standard has-post-thumbnail hentry category-general\"><div class=\"wp-block-group has-section-bg-background-color has-background is-layout-flow wp-block-group-is-layout-flow\" style=\"border-radius:10px;border-top-color:var(--wp--preset--color--custom-color-1);border-top-width:4px;border-right-color:var(--wp--preset--color--border-color);border-right-width:1px;border-bottom-color:var(--wp--preset--color--custom-color-1);border-bottom-width:4px;border-left-color:var(--wp--preset--color--border-color);border-left-width:1px;padding-top:10px;padding-right:10px;padding-bottom:10px;padding-left:10px\"><figure class=\"wp-block-post-featured-image\"><img loading=\"lazy\" decoding=\"async\" width=\"1920\" height=\"1080\" src=\"https:\/\/lyceelespierresvives.fr\/wp-content\/uploads\/2025\/05\/trame-articles-5.png\" class=\"attachment-post-thumbnail size-post-thumbnail wp-post-image\" alt=\"\" style=\"border-radius:10px;object-fit:cover;\" srcset=\"https:\/\/lyceelespierresvives.fr\/wp-content\/uploads\/2025\/05\/trame-articles-5.png 1920w, https:\/\/lyceelespierresvives.fr\/wp-content\/uploads\/2025\/05\/trame-articles-5-300x169.png 300w, https:\/\/lyceelespierresvives.fr\/wp-content\/uploads\/2025\/05\/trame-articles-5-1024x576.png 1024w, https:\/\/lyceelespierresvives.fr\/wp-content\/uploads\/2025\/05\/trame-articles-5-768x432.png 768w, https:\/\/lyceelespierresvives.fr\/wp-content\/uploads\/2025\/05\/trame-articles-5-1536x864.png 1536w\" sizes=\"auto, (max-width: 1920px) 100vw, 1920px\" \/><\/figure>\n\n<h4 class=\"has-text-align-left has-link-color wp-elements-1f6252433d88076686ab05de4ec3fc0d wp-block-post-title has-text-color has-heading-color\">Partenariat : un avenir ensemble<\/h4>\n\n<div class=\"wp-block-post-date\"><time datetime=\"2025-05-27T14:12:10+02:00\">27\/05\/2025<\/time><\/div>\n\n<div class=\"wp-block-group archieve-readmore is-nowrap is-layout-flex wp-container-core-group-is-layout-c0d5ccf6 wp-block-group-is-layout-flex\"><hr class=\"wp-block-separator has-text-color has-custom-color-1-color has-alpha-channel-opacity has-custom-color-1-background-color has-background\"\/>\n\n<a style=\"text-decoration:none; padding-right:var(--wp--preset--spacing--20);padding-left:var(--wp--preset--spacing--20);\" class=\"wp-elements-009d2c7f873d45929ea96a0a79e9912a wp-block-read-more has-text-color has-custom-color-1-color has-small-font-size\" href=\"https:\/\/lyceelespierresvives.fr\/?p=2398\" target=\"_self\">Lire la suite<span class=\"screen-reader-text\">\u00a0: Partenariat : un avenir ensemble<\/span><\/a><\/div><\/div><\/li><\/ul>\n\n<nav class=\"has-link-color wp-elements-36918e7febf130aad90a4444adaefa0c wp-block-query-pagination has-text-color has-custom-color-1-color is-horizontal is-content-justification-center is-layout-flex wp-container-core-query-pagination-is-layout-03627597 wp-block-query-pagination-is-layout-flex\" aria-label=\"Pagination\">\n\n\n<div class=\"wp-block-query-pagination-numbers has-background has-base-background-color\"><span aria-current=\"page\" class=\"page-numbers current\">1<\/span>\n<a class=\"page-numbers\" href=\"?query-10-page=2&#038;rest_route=%2Fwp%2Fv2%2Fpages%2F1938\">2<\/a>\n<a class=\"page-numbers\" href=\"?query-10-page=3&#038;rest_route=%2Fwp%2Fv2%2Fpages%2F1938\">3<\/a><\/div>\n\n<a href=\"\/index.php?rest_route=%2Fwp%2Fv2%2Fpages%2F1938&#038;query-10-page=2\" class=\"wp-block-query-pagination-next has-background has-base-background-color\" aria-label=\"Page suivante\"><span class='wp-block-query-pagination-next-arrow is-arrow-chevron' aria-hidden='true'>\u00bb<\/span><\/a>\n<\/nav>\n\n<\/div>","protected":false},"excerpt":{"rendered":"","protected":false},"author":3,"featured_media":0,"parent":0,"menu_order":0,"comment_status":"closed","ping_status":"closed","template":"","meta":{"inline_featured_image":false,"footnotes":""},"class_list":["post-1938","page","type-page","status-publish","hentry"],"_links":{"self":[{"href":"https:\/\/lyceelespierresvives.fr\/index.php?rest_route=\/wp\/v2\/pages\/1938","targetHints":{"allow":["GET"]}}],"collection":[{"href":"https:\/\/lyceelespierresvives.fr\/index.php?rest_route=\/wp\/v2\/pages"}],"about":[{"href":"https:\/\/lyceelespierresvives.fr\/index.php?rest_route=\/wp\/v2\/types\/page"}],"author":[{"embeddable":true,"href":"https:\/\/lyceelespierresvives.fr\/index.php?rest_route=\/wp\/v2\/users\/3"}],"replies":[{"embeddable":true,"href":"https:\/\/lyceelespierresvives.fr\/index.php?rest_route=%2Fwp%2Fv2%2Fcomments&post=1938"}],"version-history":[{"count":1,"href":"https:\/\/lyceelespierresvives.fr\/index.php?rest_route=\/wp\/v2\/pages\/1938\/revisions"}],"predecessor-version":[{"id":1939,"href":"https:\/\/lyceelespierresvives.fr\/index.php?rest_route=\/wp\/v2\/pages\/1938\/revisions\/1939"}],"wp:attachment":[{"href":"https:\/\/lyceelespierresvives.fr\/index.php?rest_route=%2Fwp%2Fv2%2Fmedia&parent=1938"}],"curies":[{"name":"wp","href":"https:\/\/api.w.org\/{rel}","templated":true}]}}