{"id":1839,"date":"2025-01-31T11:08:46","date_gmt":"2025-01-31T10:08:46","guid":{"rendered":"https:\/\/lyceelespierresvives.fr\/?page_id=1839"},"modified":"2025-11-22T18:15:52","modified_gmt":"2025-11-22T17:15:52","slug":"notre-boutique","status":"publish","type":"page","link":"https:\/\/lyceelespierresvives.fr\/?page_id=1839","title":{"rendered":"LPV &#8211; boutique"},"content":{"rendered":"<p>Gr\u00e2ce \u00e0 des relations de confiance avec des partenaires locaux nous sommes en mesure de vous proposer plusieurs produits d\u00e9riv\u00e9s.<\/p><p>Chaque achat de produits d\u00e9riv\u00e9s permet au lyc\u00e9e de r\u00e9cup\u00e9rer des fonds afin de financer des projets pour les \u00e9l\u00e8ves.<\/p><p>Les ventes propos\u00e9es par le lyc\u00e9e sont g\u00e9r\u00e9es par l&rsquo;association \u00ab\u00a0Maison des Lyc\u00e9ens du Lyc\u00e9e les Pierres Vives\u00a0\u00bb (association loi 1901).<\/p><p>Les ventes pourront \u00e9voluer en fonction des op\u00e9rations men\u00e9es par les lyc\u00e9ens. Vous retrouverez sur cette page toutes les ventes en cours.<\/p><div class=\"wp-block-columns is-layout-flex wp-container-core-columns-is-layout-28f84493 wp-block-columns-is-layout-flex\"><div class=\"wp-block-column is-layout-flow wp-block-column-is-layout-flow\"><figure class=\"wp-block-image aligncenter size-large is-resized\"><a href=\"https:\/\/lyceelespierresvives.fr\/?page_id=2706\"><img loading=\"lazy\" decoding=\"async\" width=\"1024\" height=\"1024\" src=\"https:\/\/lyceelespierresvives.fr\/wp-content\/uploads\/2025\/04\/IMG_5746-1024x1024.jpeg\" alt=\"\" class=\"wp-image-2266\" style=\"object-fit:cover;width:300px;height:300px\" srcset=\"https:\/\/lyceelespierresvives.fr\/wp-content\/uploads\/2025\/04\/IMG_5746-1024x1024.jpeg 1024w, https:\/\/lyceelespierresvives.fr\/wp-content\/uploads\/2025\/04\/IMG_5746-300x300.jpeg 300w, https:\/\/lyceelespierresvives.fr\/wp-content\/uploads\/2025\/04\/IMG_5746-150x150.jpeg 150w, https:\/\/lyceelespierresvives.fr\/wp-content\/uploads\/2025\/04\/IMG_5746-768x768.jpeg 768w, https:\/\/lyceelespierresvives.fr\/wp-content\/uploads\/2025\/04\/IMG_5746.jpeg 1280w\" sizes=\"auto, (max-width: 1024px) 100vw, 1024px\" \/><\/a><\/figure>\n\n<p class=\"has-text-align-center has-custom-color-1-color has-text-color has-link-color has-large-font-size wp-elements-d53ffe3e3e7021faf0b35be25100c79b\"><a href=\"https:\/\/lyceelespierresvives.fr\/?page_id=2706\">Les Sweats du lyc\u00e9e<\/a><\/p><\/div>\n\n<div class=\"wp-block-column is-layout-flow wp-block-column-is-layout-flow\"><figure class=\"wp-block-image aligncenter size-full is-resized\"><img loading=\"lazy\" decoding=\"async\" width=\"500\" height=\"500\" src=\"https:\/\/lyceelespierresvives.fr\/wp-content\/uploads\/2025\/10\/Ballotins.png\" alt=\"\" class=\"wp-image-2667\" style=\"object-fit:cover;width:300px;height:300px\" srcset=\"https:\/\/lyceelespierresvives.fr\/wp-content\/uploads\/2025\/10\/Ballotins.png 500w, https:\/\/lyceelespierresvives.fr\/wp-content\/uploads\/2025\/10\/Ballotins-300x300.png 300w, https:\/\/lyceelespierresvives.fr\/wp-content\/uploads\/2025\/10\/Ballotins-150x150.png 150w\" sizes=\"auto, (max-width: 500px) 100vw, 500px\" \/><\/figure>\n\n<p class=\"has-text-align-center has-custom-color-1-color has-text-color has-link-color has-large-font-size wp-elements-3318b9680f3e310671ae816e86aaaad6\"><a href=\"https:\/\/lyceelespierresvives.fr\/?page_id=2665\" data-type=\"page\" data-id=\"2665\">Des chocolats<\/a><\/p><\/div><\/div>","protected":false},"excerpt":{"rendered":"<p>Gr\u00e2ce \u00e0 des relations de confiance avec des partenaires locaux nous sommes en mesure de vous proposer plusieurs produits d\u00e9riv\u00e9s. Chaque achat de produits d\u00e9riv\u00e9s permet au lyc\u00e9e de r\u00e9cup\u00e9rer des fonds afin de financer des projets pour les \u00e9l\u00e8ves. Les ventes propos\u00e9es par le lyc\u00e9e sont g\u00e9r\u00e9es par l&rsquo;association \u00ab\u00a0Maison des Lyc\u00e9ens du Lyc\u00e9e [&hellip;]<\/p>\n","protected":false},"author":1,"featured_media":0,"parent":0,"menu_order":0,"comment_status":"closed","ping_status":"closed","template":"","meta":{"inline_featured_image":false,"footnotes":""},"class_list":["post-1839","page","type-page","status-publish","hentry"],"_links":{"self":[{"href":"https:\/\/lyceelespierresvives.fr\/index.php?rest_route=\/wp\/v2\/pages\/1839","targetHints":{"allow":["GET"]}}],"collection":[{"href":"https:\/\/lyceelespierresvives.fr\/index.php?rest_route=\/wp\/v2\/pages"}],"about":[{"href":"https:\/\/lyceelespierresvives.fr\/index.php?rest_route=\/wp\/v2\/types\/page"}],"author":[{"embeddable":true,"href":"https:\/\/lyceelespierresvives.fr\/index.php?rest_route=\/wp\/v2\/users\/1"}],"replies":[{"embeddable":true,"href":"https:\/\/lyceelespierresvives.fr\/index.php?rest_route=%2Fwp%2Fv2%2Fcomments&post=1839"}],"version-history":[{"count":27,"href":"https:\/\/lyceelespierresvives.fr\/index.php?rest_route=\/wp\/v2\/pages\/1839\/revisions"}],"predecessor-version":[{"id":2723,"href":"https:\/\/lyceelespierresvives.fr\/index.php?rest_route=\/wp\/v2\/pages\/1839\/revisions\/2723"}],"wp:attachment":[{"href":"https:\/\/lyceelespierresvives.fr\/index.php?rest_route=%2Fwp%2Fv2%2Fmedia&parent=1839"}],"curies":[{"name":"wp","href":"https:\/\/api.w.org\/{rel}","templated":true}]}}