{"id":1685,"date":"2025-01-20T12:28:53","date_gmt":"2025-01-20T11:28:53","guid":{"rendered":"https:\/\/lyceelespierresvives.fr\/?page_id=1685"},"modified":"2025-01-20T12:29:19","modified_gmt":"2025-01-20T11:29:19","slug":"premiere-et-terminale-sti2d-les-options","status":"publish","type":"page","link":"https:\/\/lyceelespierresvives.fr\/?page_id=1685","title":{"rendered":"Premi\u00e8re et terminale STI2D &#8211; Les options"},"content":{"rendered":"<p class=\"has-text-align-center has-custom-color-1-color has-custom-color-3-background-color has-text-color has-background has-link-color has-large-font-size wp-elements-449bcc47da9aa42d64b6eaa9319c8277\">Les options<\/p><div class=\"wp-block-columns is-layout-flex wp-container-core-columns-is-layout-28f84493 wp-block-columns-is-layout-flex\"><div class=\"wp-block-column is-layout-flow wp-block-column-is-layout-flow\" style=\"flex-basis:25%\"><\/div>\n\n<div class=\"wp-block-column is-layout-flow wp-block-column-is-layout-flow\" style=\"flex-basis:70%\">\n<div class=\"wpdt-c row wpDataTableContainerSimpleTable wpDataTables wpDataTablesWrapper\n\"\n    >\n        <table id=\"wpdtSimpleTable-29\"\n           style=\"border-collapse:collapse;\n                   border-spacing:0px;\"\n           class=\"wpdtSimpleTable wpDataTable\"\n           data-column=\"3\"\n           data-rows=\"3\"\n           data-wpID=\"29\"\n           data-responsive=\"0\"\n           data-has-header=\"1\">\n\n                    <thead>        <tr class=\"wpdt-cell-row \" >\n                                <th class=\"wpdt-cell wpdt-align-center wpdt-bold wpdt-merged-cell \"\n                     colspan=\"3\"  rowspan=\"1\"                     data-cell-id=\"A1\"\n                    data-col-index=\"0\"\n                    data-row-index=\"0\"\n                    style=\" width:100%;                    padding:10px;\n                    \"\n                    >\n                                        Les enseignements optionnels (au choix \u00e0 l'inscription)                    <\/th>\n                                                                <\/tr>\n                    <tbody>        <tr class=\"wpdt-cell-row odd\" >\n                                <td class=\"wpdt-cell wpdt-align-left wpdt-empty-cell \"\n                                            data-cell-id=\"A2\"\n                    data-col-index=\"0\"\n                    data-row-index=\"1\"\n                    style=\"                    padding:10px;\n                    \"\n                    >\n                                                            <\/td>\n                                                <td class=\"wpdt-cell wpdt-align-right\"\n                                            data-cell-id=\"B2\"\n                    data-col-index=\"1\"\n                    data-row-index=\"1\"\n                    style=\"                    padding:10px;\n                    \"\n                    >\n                                        Premi\u00e8re                    <\/td>\n                                                <td class=\"wpdt-cell wpdt-align-right\"\n                                            data-cell-id=\"C2\"\n                    data-col-index=\"2\"\n                    data-row-index=\"1\"\n                    style=\"                    padding:10px;\n                    \"\n                    >\n                                        Terminale                    <\/td>\n                                        <\/tr>\n                            <tr class=\"wpdt-cell-row even\" >\n                                <td class=\"wpdt-cell wpdt-align-left\"\n                                            data-cell-id=\"A3\"\n                    data-col-index=\"0\"\n                    data-row-index=\"2\"\n                    style=\"                    padding:10px;\n                    \"\n                    >\n                                        Musique                    <\/td>\n                                                <td class=\"wpdt-cell wpdt-align-right\"\n                                            data-cell-id=\"B3\"\n                    data-col-index=\"1\"\n                    data-row-index=\"2\"\n                    style=\"                    padding:10px;\n                    \"\n                    >\n                                        3h                    <\/td>\n                                                <td class=\"wpdt-cell wpdt-align-right\"\n                                            data-cell-id=\"C3\"\n                    data-col-index=\"2\"\n                    data-row-index=\"2\"\n                    style=\"                    padding:10px;\n                    \"\n                    >\n                                        3h                    <\/td>\n                                        <\/tr>\n                    <\/table>\n<\/div><style id='wpdt-custom-style-29'>\n<\/style>\n\n\n<p class=\"has-text-align-center has-foreground-color has-text-color has-link-color wp-elements-6f2d5258be9cad1404a4105f3477e1c0\"><\/p><\/div>\n\n<div class=\"wp-block-column is-layout-flow wp-block-column-is-layout-flow\" style=\"flex-basis:25%\"><\/div><\/div><div class=\"wp-block-columns has-sidebar-shadow-color-background-color has-background is-layout-flex wp-container-core-columns-is-layout-28f84493 wp-block-columns-is-layout-flex\"><div class=\"wp-block-column is-layout-flow wp-block-column-is-layout-flow\"><p class=\"has-text-align-center has-custom-color-1-color has-custom-color-3-background-color has-text-color has-background has-link-color wp-elements-03ca7dd41a136a041726f27ac678bbb1\"><a href=\"https:\/\/lyceelespierresvives.fr\/?page_id=1169\">Menu principal<\/a><\/p><\/div>\n\n<div class=\"wp-block-column is-layout-flow wp-block-column-is-layout-flow\"><p class=\"has-text-align-center has-custom-color-1-color has-custom-color-3-background-color has-text-color has-background has-link-color wp-elements-19f4b6fbd566aeb5605f4dcb64256c38\"><a href=\"https:\/\/lyceelespierresvives.fr\/?page_id=1173\">Tronc commun<\/a><\/p><\/div>\n\n<div class=\"wp-block-column is-layout-flow wp-block-column-is-layout-flow\"><p class=\"has-text-align-center has-custom-color-1-color has-custom-color-3-background-color has-text-color has-background has-link-color wp-elements-b2f669f0abb0a24c653ba8f1e90cd8b9\"><a href=\"https:\/\/lyceelespierresvives.fr\/?page_id=1179\" data-type=\"page\" data-id=\"1179\">Sp\u00e9cialit\u00e9s<\/a><\/p><\/div>\n\n<div class=\"wp-block-column is-layout-flow wp-block-column-is-layout-flow\"><p class=\"has-text-align-center has-custom-color-1-color has-custom-color-3-background-color has-text-color has-background has-link-color wp-elements-c266c2d79a8540b8b84ad15b42c9e38e\"><a href=\"https:\/\/lyceelespierresvives.fr\/?page_id=174\" data-type=\"page\" data-id=\"174\">Modules p\u00e9ri-\u00e9ducatifs<\/a><\/p><\/div><\/div><p><\/p>","protected":false},"excerpt":{"rendered":"<p>Les options Menu principal Tronc commun Sp\u00e9cialit\u00e9s Modules p\u00e9ri-\u00e9ducatifs<\/p>\n","protected":false},"author":2,"featured_media":0,"parent":0,"menu_order":0,"comment_status":"closed","ping_status":"closed","template":"","meta":{"inline_featured_image":false,"footnotes":""},"class_list":["post-1685","page","type-page","status-publish","hentry"],"_links":{"self":[{"href":"https:\/\/lyceelespierresvives.fr\/index.php?rest_route=\/wp\/v2\/pages\/1685","targetHints":{"allow":["GET"]}}],"collection":[{"href":"https:\/\/lyceelespierresvives.fr\/index.php?rest_route=\/wp\/v2\/pages"}],"about":[{"href":"https:\/\/lyceelespierresvives.fr\/index.php?rest_route=\/wp\/v2\/types\/page"}],"author":[{"embeddable":true,"href":"https:\/\/lyceelespierresvives.fr\/index.php?rest_route=\/wp\/v2\/users\/2"}],"replies":[{"embeddable":true,"href":"https:\/\/lyceelespierresvives.fr\/index.php?rest_route=%2Fwp%2Fv2%2Fcomments&post=1685"}],"version-history":[{"count":2,"href":"https:\/\/lyceelespierresvives.fr\/index.php?rest_route=\/wp\/v2\/pages\/1685\/revisions"}],"predecessor-version":[{"id":1689,"href":"https:\/\/lyceelespierresvives.fr\/index.php?rest_route=\/wp\/v2\/pages\/1685\/revisions\/1689"}],"wp:attachment":[{"href":"https:\/\/lyceelespierresvives.fr\/index.php?rest_route=%2Fwp%2Fv2%2Fmedia&parent=1685"}],"curies":[{"name":"wp","href":"https:\/\/api.w.org\/{rel}","templated":true}]}}