{"id":1645,"date":"2025-01-19T21:05:30","date_gmt":"2025-01-19T20:05:30","guid":{"rendered":"https:\/\/lyceelespierresvives.fr\/?page_id=1645"},"modified":"2025-01-27T20:44:29","modified_gmt":"2025-01-27T19:44:29","slug":"specialite-sciences-economiques-et-sociales","status":"publish","type":"page","link":"https:\/\/lyceelespierresvives.fr\/?page_id=1645","title":{"rendered":"Sp\u00e9cialit\u00e9 &#8211; Sciences Economiques et Sociales (SES)"},"content":{"rendered":"<div style=\"height:10px\" aria-hidden=\"true\" class=\"wp-block-spacer\"><\/div><figure class=\"wp-block-image aligncenter size-full\"><img loading=\"lazy\" decoding=\"async\" width=\"3179\" height=\"4494\" src=\"https:\/\/lyceelespierresvives.fr\/wp-content\/uploads\/2025\/01\/Plaquette_SES.png\" alt=\"\" class=\"wp-image-1846\" srcset=\"https:\/\/lyceelespierresvives.fr\/wp-content\/uploads\/2025\/01\/Plaquette_SES.png 3179w, https:\/\/lyceelespierresvives.fr\/wp-content\/uploads\/2025\/01\/Plaquette_SES-212x300.png 212w, https:\/\/lyceelespierresvives.fr\/wp-content\/uploads\/2025\/01\/Plaquette_SES-724x1024.png 724w, https:\/\/lyceelespierresvives.fr\/wp-content\/uploads\/2025\/01\/Plaquette_SES-768x1086.png 768w, https:\/\/lyceelespierresvives.fr\/wp-content\/uploads\/2025\/01\/Plaquette_SES-1087x1536.png 1087w, https:\/\/lyceelespierresvives.fr\/wp-content\/uploads\/2025\/01\/Plaquette_SES-1449x2048.png 1449w\" sizes=\"auto, (max-width: 3179px) 100vw, 3179px\" \/><\/figure><div class=\"wp-block-columns has-sidebar-shadow-color-background-color has-background is-layout-flex wp-container-core-columns-is-layout-28f84493 wp-block-columns-is-layout-flex\"><div class=\"wp-block-column is-layout-flow wp-block-column-is-layout-flow\"><p class=\"has-text-align-center has-base-color has-custom-color-1-background-color has-text-color has-background has-link-color wp-elements-7eea10ce88f33c16b9c804241a10ba96\"><a href=\"https:\/\/lyceelespierresvives.fr\/?page_id=1146\">Retour au tableau des enseignements de Premi\u00e8re et Terminale de la voie g\u00e9n\u00e9rale<\/a><\/p><\/div><\/div>","protected":false},"excerpt":{"rendered":"<p>Retour au tableau des enseignements de Premi\u00e8re et Terminale de la voie g\u00e9n\u00e9rale<\/p>\n","protected":false},"author":3,"featured_media":0,"parent":0,"menu_order":0,"comment_status":"closed","ping_status":"closed","template":"","meta":{"inline_featured_image":false,"footnotes":""},"class_list":["post-1645","page","type-page","status-publish","hentry"],"_links":{"self":[{"href":"https:\/\/lyceelespierresvives.fr\/index.php?rest_route=\/wp\/v2\/pages\/1645","targetHints":{"allow":["GET"]}}],"collection":[{"href":"https:\/\/lyceelespierresvives.fr\/index.php?rest_route=\/wp\/v2\/pages"}],"about":[{"href":"https:\/\/lyceelespierresvives.fr\/index.php?rest_route=\/wp\/v2\/types\/page"}],"author":[{"embeddable":true,"href":"https:\/\/lyceelespierresvives.fr\/index.php?rest_route=\/wp\/v2\/users\/3"}],"replies":[{"embeddable":true,"href":"https:\/\/lyceelespierresvives.fr\/index.php?rest_route=%2Fwp%2Fv2%2Fcomments&post=1645"}],"version-history":[{"count":3,"href":"https:\/\/lyceelespierresvives.fr\/index.php?rest_route=\/wp\/v2\/pages\/1645\/revisions"}],"predecessor-version":[{"id":1847,"href":"https:\/\/lyceelespierresvives.fr\/index.php?rest_route=\/wp\/v2\/pages\/1645\/revisions\/1847"}],"wp:attachment":[{"href":"https:\/\/lyceelespierresvives.fr\/index.php?rest_route=%2Fwp%2Fv2%2Fmedia&parent=1645"}],"curies":[{"name":"wp","href":"https:\/\/api.w.org\/{rel}","templated":true}]}}