{"id":15,"date":"2024-06-20T10:54:03","date_gmt":"2024-06-20T08:54:03","guid":{"rendered":"https:\/\/lyceelespierresvives.fr\/?page_id=15"},"modified":"2025-01-06T12:51:30","modified_gmt":"2025-01-06T11:51:30","slug":"contacts","status":"publish","type":"page","link":"https:\/\/lyceelespierresvives.fr\/?page_id=15","title":{"rendered":"Contacts"},"content":{"rendered":"<p><\/p><ul class=\"wp-block-list\"><li><strong>Adresse postale&nbsp;:<\/strong><br>1 rue des Alouettes<br>78420 Carri\u00e8res-sur-Seine<br><\/li>\n\n<li><strong>T\u00e9l\u00e9phone&nbsp;:<\/strong> 01 39 14 07 00<br><\/li>\n\n<li><strong>Courriel&nbsp;:<\/strong> <a href=\"mailto:ce.0781860y@ac-versailles.fr\">ce.0781860y@ac-versailles.fr<\/a><\/li><\/ul><p>Pour toutes questions sp\u00e9cifiques, vous pouvez utiliser les formulaires de contact ci-dessous.<\/p><p>N\u2019h\u00e9sitez pas \u00e0 consulter \u00e9galement notre rubrique <a href=\"https:\/\/lyceelespierresvives.fr\/?page_id=28\">FAQ<\/a>.<\/p><div class=\"wp-block-group has-global-padding is-layout-constrained wp-container-core-group-is-layout-c385debf wp-block-group-is-layout-constrained\" style=\"border-width:1px;border-radius:20px;padding-top:var(--wp--preset--spacing--20);padding-right:var(--wp--preset--spacing--20);padding-bottom:var(--wp--preset--spacing--20);padding-left:var(--wp--preset--spacing--20)\"><p class=\"has-text-align-center has-large-font-size\"><strong><a href=\"https:\/\/lyceelespierresvives.fr\/?page_id=92\">Contacter la direction<\/a><\/strong><\/p>\n\n<div class=\"wp-block-media-text is-stacked-on-mobile\" style=\"grid-template-columns:15% auto\"><figure class=\"wp-block-media-text__media\"><a href=\"https:\/\/lyceelespierresvives.fr\/?page_id=92\"><img loading=\"lazy\" decoding=\"async\" width=\"250\" height=\"250\" src=\"https:\/\/lyceelespierresvives.fr\/wp-content\/uploads\/2024\/10\/Direction-1.png\" alt=\"\" class=\"wp-image-951 size-full\" srcset=\"https:\/\/lyceelespierresvives.fr\/wp-content\/uploads\/2024\/10\/Direction-1.png 250w, https:\/\/lyceelespierresvives.fr\/wp-content\/uploads\/2024\/10\/Direction-1-150x150.png 150w\" sizes=\"auto, (max-width: 250px) 100vw, 250px\" \/><\/a><\/figure><div class=\"wp-block-media-text__content\"><p>Formulaire permettant de contacter directement les personnels de direction et les secr\u00e9tariats de direction et de scolarit\u00e9.<\/p><\/div><\/div><\/div><div class=\"wp-block-group has-global-padding is-layout-constrained wp-container-core-group-is-layout-c385debf wp-block-group-is-layout-constrained\" style=\"border-width:1px;border-radius:20px;padding-top:var(--wp--preset--spacing--20);padding-right:var(--wp--preset--spacing--20);padding-bottom:var(--wp--preset--spacing--20);padding-left:var(--wp--preset--spacing--20)\"><p class=\"has-text-align-center has-large-font-size\"><strong><a href=\"https:\/\/lyceelespierresvives.fr\/?page_id=110\">Contacter l&rsquo;intendance<\/a><\/strong><\/p>\n\n<div class=\"wp-block-media-text is-stacked-on-mobile\" style=\"grid-template-columns:15% auto\"><figure class=\"wp-block-media-text__media\"><a href=\"https:\/\/lyceelespierresvives.fr\/?page_id=110\"><img loading=\"lazy\" decoding=\"async\" width=\"250\" height=\"250\" src=\"https:\/\/lyceelespierresvives.fr\/wp-content\/uploads\/2024\/10\/Intendance.png\" alt=\"\" class=\"wp-image-953 size-full\" srcset=\"https:\/\/lyceelespierresvives.fr\/wp-content\/uploads\/2024\/10\/Intendance.png 250w, https:\/\/lyceelespierresvives.fr\/wp-content\/uploads\/2024\/10\/Intendance-150x150.png 150w\" sizes=\"auto, (max-width: 250px) 100vw, 250px\" \/><\/a><\/figure><div class=\"wp-block-media-text__content\"><p>Formulaire permettant de contacter directement les services d\u2019intendance du lyc\u00e9e.<\/p><\/div><\/div><\/div><div class=\"wp-block-group has-global-padding is-layout-constrained wp-container-core-group-is-layout-c385debf wp-block-group-is-layout-constrained\" style=\"border-width:1px;border-radius:20px;padding-top:var(--wp--preset--spacing--20);padding-right:var(--wp--preset--spacing--20);padding-bottom:var(--wp--preset--spacing--20);padding-left:var(--wp--preset--spacing--20)\"><p class=\"has-text-align-center has-large-font-size\"><strong><a href=\"https:\/\/lyceelespierresvives.fr\/?page_id=111\">Contacter la vie scolaire<\/a><\/strong><\/p>\n\n<div class=\"wp-block-media-text is-stacked-on-mobile\" style=\"grid-template-columns:15% auto\"><figure class=\"wp-block-media-text__media\"><a href=\"https:\/\/lyceelespierresvives.fr\/?page_id=111\"><img loading=\"lazy\" decoding=\"async\" width=\"250\" height=\"252\" src=\"https:\/\/lyceelespierresvives.fr\/wp-content\/uploads\/2024\/10\/Viesco.png\" alt=\"\" class=\"wp-image-954 size-full\" srcset=\"https:\/\/lyceelespierresvives.fr\/wp-content\/uploads\/2024\/10\/Viesco.png 250w, https:\/\/lyceelespierresvives.fr\/wp-content\/uploads\/2024\/10\/Viesco-150x150.png 150w\" sizes=\"auto, (max-width: 250px) 100vw, 250px\" \/><\/a><\/figure><div class=\"wp-block-media-text__content\"><p>Formulaire permettant de contacter directement les CPE et le bureau de la vie scolaire.<\/p><\/div><\/div><\/div><div class=\"wp-block-group has-global-padding is-layout-constrained wp-container-core-group-is-layout-c385debf wp-block-group-is-layout-constrained\" style=\"border-width:1px;border-radius:20px;padding-top:var(--wp--preset--spacing--20);padding-right:var(--wp--preset--spacing--20);padding-bottom:var(--wp--preset--spacing--20);padding-left:var(--wp--preset--spacing--20)\"><p class=\"has-text-align-center has-large-font-size\"><strong><a href=\"https:\/\/lyceelespierresvives.fr\/?page_id=112\">Contacter les services m\u00e9dicaux-sociaux<\/a><\/strong><\/p>\n\n<div class=\"wp-block-media-text is-stacked-on-mobile\" style=\"grid-template-columns:15% auto\"><figure class=\"wp-block-media-text__media\"><a href=\"https:\/\/lyceelespierresvives.fr\/?page_id=112\"><img loading=\"lazy\" decoding=\"async\" width=\"250\" height=\"250\" src=\"https:\/\/lyceelespierresvives.fr\/wp-content\/uploads\/2024\/10\/SMS.png\" alt=\"\" class=\"wp-image-955 size-full\" srcset=\"https:\/\/lyceelespierresvives.fr\/wp-content\/uploads\/2024\/10\/SMS.png 250w, https:\/\/lyceelespierresvives.fr\/wp-content\/uploads\/2024\/10\/SMS-150x150.png 150w\" sizes=\"auto, (max-width: 250px) 100vw, 250px\" \/><\/a><\/figure><div class=\"wp-block-media-text__content\"><p>Formulaire permettant de contacter directement la conseill\u00e8re d\u2019orientation (PsyEN), l\u2019infirmi\u00e8re et le centre m\u00e9dico-scolaire (m\u00e9decine scolaire) de Sartrouville.<\/p><\/div><\/div><\/div>","protected":false},"excerpt":{"rendered":"<p>Pour toutes questions sp\u00e9cifiques, vous pouvez utiliser les formulaires de contact ci-dessous. N\u2019h\u00e9sitez pas \u00e0 consulter \u00e9galement notre rubrique FAQ. Contacter la direction Formulaire permettant de contacter directement les personnels de direction et les secr\u00e9tariats de direction et de scolarit\u00e9. Contacter l&rsquo;intendance Formulaire permettant de contacter directement les services d\u2019intendance du lyc\u00e9e. Contacter la vie [&hellip;]<\/p>\n","protected":false},"author":1,"featured_media":0,"parent":0,"menu_order":1000,"comment_status":"closed","ping_status":"closed","template":"","meta":{"inline_featured_image":false,"footnotes":""},"class_list":["post-15","page","type-page","status-publish","hentry"],"_links":{"self":[{"href":"https:\/\/lyceelespierresvives.fr\/index.php?rest_route=\/wp\/v2\/pages\/15","targetHints":{"allow":["GET"]}}],"collection":[{"href":"https:\/\/lyceelespierresvives.fr\/index.php?rest_route=\/wp\/v2\/pages"}],"about":[{"href":"https:\/\/lyceelespierresvives.fr\/index.php?rest_route=\/wp\/v2\/types\/page"}],"author":[{"embeddable":true,"href":"https:\/\/lyceelespierresvives.fr\/index.php?rest_route=\/wp\/v2\/users\/1"}],"replies":[{"embeddable":true,"href":"https:\/\/lyceelespierresvives.fr\/index.php?rest_route=%2Fwp%2Fv2%2Fcomments&post=15"}],"version-history":[{"count":21,"href":"https:\/\/lyceelespierresvives.fr\/index.php?rest_route=\/wp\/v2\/pages\/15\/revisions"}],"predecessor-version":[{"id":993,"href":"https:\/\/lyceelespierresvives.fr\/index.php?rest_route=\/wp\/v2\/pages\/15\/revisions\/993"}],"wp:attachment":[{"href":"https:\/\/lyceelespierresvives.fr\/index.php?rest_route=%2Fwp%2Fv2%2Fmedia&parent=15"}],"curies":[{"name":"wp","href":"https:\/\/api.w.org\/{rel}","templated":true}]}}