{"id":1340,"date":"2025-01-09T22:01:32","date_gmt":"2025-01-09T21:01:32","guid":{"rendered":"https:\/\/lyceelespierresvives.fr\/?page_id=1340"},"modified":"2025-12-19T13:33:20","modified_gmt":"2025-12-19T12:33:20","slug":"orientation-post-seconde-modalites","status":"publish","type":"page","link":"https:\/\/lyceelespierresvives.fr\/?page_id=1340","title":{"rendered":"Orientation &#8211; Post Seconde:  modalit\u00e9s d&rsquo;orientation"},"content":{"rendered":"<h3 class=\"wp-block-heading has-text-align-center has-base-color has-custom-color-1-background-color has-text-color has-background has-link-color wp-elements-017326e84d1c868fedc143da2d552a25\">Diaporama de pr\u00e9sentation<\/h3><div data-wp-interactive=\"core\/file\" class=\"wp-block-file\"><object data-wp-bind--hidden=\"!state.hasPdfPreview\" hidden class=\"wp-block-file__embed\" data=\"https:\/\/lyceelespierresvives.fr\/wp-content\/uploads\/2025\/12\/Dec-2025-Modalites-dorientation-fin-de-2nde-Parents-deleves-de-2nde.pdf\" type=\"application\/pdf\" style=\"width:100%;height:600px\" aria-label=\"Contenu embarqu\u00e9 Dec 2025 - Modalite\u0301s d&apos;orientation fin de 2nde - Parents d\u2019e\u0301le\u0300ves de 2nde.\"><\/object><a id=\"wp-block-file--media-e23a27df-eff7-4447-92e7-afdb0b77378f\" href=\"https:\/\/lyceelespierresvives.fr\/wp-content\/uploads\/2025\/12\/Dec-2025-Modalites-dorientation-fin-de-2nde-Parents-deleves-de-2nde.pdf\">Dec 2025 &#8211; Modalite\u0301s d&rsquo;orientation fin de 2nde &#8211; Parents d\u2019e\u0301le\u0300ves de 2nde<\/a><a href=\"https:\/\/lyceelespierresvives.fr\/wp-content\/uploads\/2025\/12\/Dec-2025-Modalites-dorientation-fin-de-2nde-Parents-deleves-de-2nde.pdf\" class=\"wp-block-file__button wp-element-button\" download aria-describedby=\"wp-block-file--media-e23a27df-eff7-4447-92e7-afdb0b77378f\">T\u00e9l\u00e9charger<\/a><\/div><div style=\"height:10px\" aria-hidden=\"true\" class=\"wp-block-spacer\"><\/div><h3 class=\"wp-block-heading has-text-align-center has-base-color has-custom-color-1-background-color has-text-color has-background has-link-color wp-elements-2a11b6147359043a09bb0a346d6b84c8\">Calendrier<\/h3><h5 class=\"wp-block-heading has-text-align-center has-vivid-red-color has-text-color has-link-color wp-elements-da5db50e03fcb27df24c1c135ccc861e\">Les dates indiqu\u00e9es dans le tableau ci-dessous sont celles fix\u00e9es par l&rsquo;Acad\u00e9mie.<br>Aucun d\u00e9rogation n&rsquo;est techniquement possible.<\/h5><div style=\"height:10px\" aria-hidden=\"true\" class=\"wp-block-spacer\"><\/div>\n<div class=\"wpdt-c row wpDataTableContainerSimpleTable wpDataTables wpDataTablesWrapper\n\"\n    >\n        <table id=\"wpdtSimpleTable-28\"\n           style=\"border-collapse:collapse;\n                   border-spacing:0px;\"\n           class=\"wpdtSimpleTable wpDataTable\"\n           data-column=\"2\"\n           data-rows=\"4\"\n           data-wpID=\"28\"\n           data-responsive=\"0\"\n           data-has-header=\"0\">\n\n                    <tbody>        <tr class=\"wpdt-cell-row odd remove-borders \" >\n                                <td class=\"wpdt-cell wpdt-align-left wpdt-valign-top remove-borders \"\n                                            data-cell-id=\"A1\"\n                    data-col-index=\"0\"\n                    data-row-index=\"0\"\n                    style=\" width:38.372093023256%;                    padding:10px;\n                    \"\n                    >\n                                        <div data-type-content=\"wpdt-html-content\">\n<h5>Du <span style='color:blue;'>lundi 15 d\u00e9cembre 2025<\/h5>\n<h5>Au <span style='color:blue;'>mardi 6 janvier 2026<\/span><\/h5>\n<\/div>                    <\/td>\n                                                <td class=\"wpdt-cell wpdt-align-left wpdt-valign-top remove-borders \"\n                                            data-cell-id=\"B1\"\n                    data-col-index=\"1\"\n                    data-row-index=\"0\"\n                    style=\" width:61.627906976744%;                    padding:10px;\n                    \"\n                    >\n                                        <div data-type-content=\"wpdt-html-content\">\n<h5>Saisie des voeux provisoires<\/h5>\n<p>Les parents doivent saisir les voeux provisoires sur la plateforme <a href='https:\/\/educonnect.education.gouv.fr\/idp\/profile\/SAML2\/Redirect\/SSO?execution=e1s1' target='_blank'>EduConnect<\/a> <strong>avant le vendredi 10 janvier 2025 \u00e0 minuit<\/strong>. Attention, pass\u00e9 ce d\u00e9lai, vos voeux deviendront d\u00e9finitifs.<\/p>\n<\/div>                    <\/td>\n                                        <\/tr>\n                            <tr class=\"wpdt-cell-row even remove-borders \" >\n                                <td class=\"wpdt-cell wpdt-align-left wpdt-valign-top remove-borders \"\n                                            data-cell-id=\"A2\"\n                    data-col-index=\"0\"\n                    data-row-index=\"1\"\n                    style=\"                    padding:10px;\n                    \"\n                    >\n                                        <div data-type-content=\"wpdt-html-content\">\n<h5>Du <span style='color:blue;'>mercredi 15 janvier 2026<\/h5>\n<h5>Au <span style='color:blue;'>mardi 3 f\u00e9vrier 2026<\/span><\/h5>\n<\/div>                    <\/td>\n                                                <td class=\"wpdt-cell wpdt-align-left wpdt-valign-top remove-borders \"\n                                            data-cell-id=\"B2\"\n                    data-col-index=\"1\"\n                    data-row-index=\"1\"\n                    style=\"                    padding:10px;\n                    \"\n                    >\n                                        <div data-type-content=\"wpdt-html-content\">\n<h5>Conseils de classes du premier semestre<\/h5>\n<p>Les conseils de classes vont se r\u00e9unir et \u00e9mettre un avis <span style='color:green;'>favorable<\/span>, <span style='color:orange;'>r\u00e9serv\u00e9<\/span> ou <span style='color:red;'>d\u00e9favorable<\/span> sur les voeux provisoires d'orientation. Cet avis sera indiqu\u00e9 sur le bulletin de l'\u00e9l\u00e8ve.<\/p>\n<\/div>                    <\/td>\n                                        <\/tr>\n                            <tr class=\"wpdt-cell-row odd remove-borders \" >\n                                <td class=\"wpdt-cell wpdt-align-left wpdt-valign-top remove-borders \"\n                                            data-cell-id=\"A3\"\n                    data-col-index=\"0\"\n                    data-row-index=\"2\"\n                    style=\"                    padding:10px;\n                    \"\n                    >\n                                        <div data-type-content=\"wpdt-html-content\">\n<h5>Tout au long du <span style='color:blue;'>second semestre<\/span><\/h5>\n<\/div>                    <\/td>\n                                                <td class=\"wpdt-cell wpdt-align-left wpdt-valign-top remove-borders \"\n                                            data-cell-id=\"B3\"\n                    data-col-index=\"1\"\n                    data-row-index=\"2\"\n                    style=\"                    padding:10px;\n                    \"\n                    >\n                                        <div data-type-content=\"wpdt-html-content\">\n<h5>Poursuite de la r\u00e9flexion...<\/h5>\n<p>Le second semestre sert \u00e0 poursuivre la r\u00e9flexion sur l'orientation en fonction de l'avis provisoire du conseil de classe. L'\u00e9l\u00e8ve doit, soit confirmer ses intentions, soit r\u00e9fl\u00e9chir \u00e0 une autre orientation.<\/p>\n<\/div>                    <\/td>\n                                        <\/tr>\n                            <tr class=\"wpdt-cell-row even remove-borders \" >\n                                <td class=\"wpdt-cell wpdt-align-left wpdt-valign-top remove-borders \"\n                                            data-cell-id=\"A4\"\n                    data-col-index=\"0\"\n                    data-row-index=\"3\"\n                    style=\"                    padding:10px;\n                    \"\n                    >\n                                        <div data-type-content=\"wpdt-html-content\">\n<h5>Du <span style='color:blue;'>lundi 4 mai janvier 2026<\/h5>\n<h5>Au <span style='color:blue;'>lundi 18 mai 2026<\/span><\/h5>\n<\/div>                    <\/td>\n                                                <td class=\"wpdt-cell wpdt-align-left wpdt-valign-top remove-borders \"\n                                            data-cell-id=\"B4\"\n                    data-col-index=\"1\"\n                    data-row-index=\"3\"\n                    style=\"                    padding:10px;\n                    \"\n                    >\n                                        <div data-type-content=\"wpdt-html-content\">\n<h5>Saisie des voeux d\u00e9finitifs<\/h5>\n<p>Les voeux d\u00e9finitifs doivent \u00eatre saisis sur la plateforme <a href='https:\/\/educonnect.education.gouv.fr\/idp\/profile\/SAML2\/Redirect\/SSO?execution=e1s1' target='_blank'>EduConnect<\/a>. Ces voeux seront ceux sur lesquels s'exprimera le conseil de classe du second semestre.<\/p>\n<\/div>                    <\/td>\n                                        <\/tr>\n                    <\/table>\n<\/div><style id='wpdt-custom-style-28'>\n<\/style>\n<div style=\"height:10px\" aria-hidden=\"true\" class=\"wp-block-spacer\"><\/div><h3 class=\"wp-block-heading has-text-align-center has-base-color has-custom-color-1-background-color has-text-color has-background has-link-color wp-elements-e2a2da447f9fa81badb17e254b3d73ec\">Tutoriel EduConnect &#8211; Service en ligne orientation<\/h3><div data-wp-interactive=\"core\/file\" class=\"wp-block-file\"><object data-wp-bind--hidden=\"!state.hasPdfPreview\" hidden class=\"wp-block-file__embed\" data=\"https:\/\/lyceelespierresvives.fr\/wp-content\/uploads\/2025\/01\/presentation_orientation_en-ligne_2gt_phase-provisoire2024.pdf\" type=\"application\/pdf\" style=\"width:100%;height:600px\" aria-label=\"Contenu embarqu\u00e9 Tutoriel EduConnect - Service en ligne orientation.\"><\/object><a id=\"wp-block-file--media-07accffd-d902-46e6-8036-fe24fd5f4be1\" href=\"https:\/\/lyceelespierresvives.fr\/wp-content\/uploads\/2025\/01\/presentation_orientation_en-ligne_2gt_phase-provisoire2024.pdf\">Tutoriel EduConnect &#8211; Service en ligne orientation<\/a><a href=\"https:\/\/lyceelespierresvives.fr\/wp-content\/uploads\/2025\/01\/presentation_orientation_en-ligne_2gt_phase-provisoire2024.pdf\" class=\"wp-block-file__button wp-element-button\" download aria-describedby=\"wp-block-file--media-07accffd-d902-46e6-8036-fe24fd5f4be1\">T\u00e9l\u00e9charger<\/a><\/div><div style=\"height:10px\" aria-hidden=\"true\" class=\"wp-block-spacer\"><\/div><div class=\"wp-block-columns has-sidebar-shadow-color-background-color has-background is-layout-flex wp-container-core-columns-is-layout-28f84493 wp-block-columns-is-layout-flex\"><div class=\"wp-block-column is-layout-flow wp-block-column-is-layout-flow\"><p class=\"has-text-align-center has-base-color has-custom-color-1-background-color has-text-color has-background has-link-color wp-elements-45609b3f61b33a2b2776418816fb8fb1\"><a href=\"https:\/\/lyceelespierresvives.fr\/?page_id=799\">Retour au menu de l&rsquo;orientation post Seconde<\/a><\/p><\/div><\/div>","protected":false},"excerpt":{"rendered":"<p>Diaporama de pr\u00e9sentation Calendrier Les dates indiqu\u00e9es dans le tableau ci-dessous sont celles fix\u00e9es par l&rsquo;Acad\u00e9mie.Aucun d\u00e9rogation n&rsquo;est techniquement possible. Tutoriel EduConnect &#8211; Service en ligne orientation Retour au menu de l&rsquo;orientation post Seconde<\/p>\n","protected":false},"author":3,"featured_media":0,"parent":0,"menu_order":0,"comment_status":"closed","ping_status":"closed","template":"","meta":{"inline_featured_image":false,"footnotes":""},"class_list":["post-1340","page","type-page","status-publish","hentry"],"_links":{"self":[{"href":"https:\/\/lyceelespierresvives.fr\/index.php?rest_route=\/wp\/v2\/pages\/1340","targetHints":{"allow":["GET"]}}],"collection":[{"href":"https:\/\/lyceelespierresvives.fr\/index.php?rest_route=\/wp\/v2\/pages"}],"about":[{"href":"https:\/\/lyceelespierresvives.fr\/index.php?rest_route=\/wp\/v2\/types\/page"}],"author":[{"embeddable":true,"href":"https:\/\/lyceelespierresvives.fr\/index.php?rest_route=\/wp\/v2\/users\/3"}],"replies":[{"embeddable":true,"href":"https:\/\/lyceelespierresvives.fr\/index.php?rest_route=%2Fwp%2Fv2%2Fcomments&post=1340"}],"version-history":[{"count":9,"href":"https:\/\/lyceelespierresvives.fr\/index.php?rest_route=\/wp\/v2\/pages\/1340\/revisions"}],"predecessor-version":[{"id":2745,"href":"https:\/\/lyceelespierresvives.fr\/index.php?rest_route=\/wp\/v2\/pages\/1340\/revisions\/2745"}],"wp:attachment":[{"href":"https:\/\/lyceelespierresvives.fr\/index.php?rest_route=%2Fwp%2Fv2%2Fmedia&parent=1340"}],"curies":[{"name":"wp","href":"https:\/\/api.w.org\/{rel}","templated":true}]}}