{"id":1256,"date":"2025-01-06T13:41:14","date_gmt":"2025-01-06T12:41:14","guid":{"rendered":"https:\/\/lyceelespierresvives.fr\/?page_id=1256"},"modified":"2025-01-07T14:45:01","modified_gmt":"2025-01-07T13:45:01","slug":"orientation-post-seconde-bac-general","status":"publish","type":"page","link":"https:\/\/lyceelespierresvives.fr\/?page_id=1256","title":{"rendered":"Orientation &#8211; Post Seconde : bac g\u00e9n\u00e9ral"},"content":{"rendered":"<h3 class=\"wp-block-heading has-text-align-center has-base-color has-custom-color-1-background-color has-text-color has-background has-link-color wp-elements-30c99e821d14f1720d4fd99373af6753\">Le baccalaur\u00e9at g\u00e9n\u00e9ral<\/h3><p>Une description compl\u00e8te du baccalaur\u00e9at g\u00e9n\u00e9ral est disponible sur le site de l&rsquo;<a href=\"https:\/\/www.onisep.fr\/ressources\/univers-formation\/formations\/lycees\/bac-general\" target=\"_blank\" rel=\"noreferrer noopener\">Onisep<\/a>.<\/p><div style=\"height:10px\" aria-hidden=\"true\" class=\"wp-block-spacer\"><\/div><h3 class=\"wp-block-heading has-text-align-center has-base-color has-custom-color-1-background-color has-text-color has-background has-link-color wp-elements-da6cc2c8f79b185dcafb932fc06041ee\">Composition du baccalaur\u00e9at g\u00e9n\u00e9ral<\/h3><figure class=\"wp-block-image aligncenter size-large\"><img loading=\"lazy\" decoding=\"async\" width=\"1024\" height=\"576\" src=\"https:\/\/lyceelespierresvives.fr\/wp-content\/uploads\/2025\/01\/compo-bac-general-1024x576.png\" alt=\"\" class=\"wp-image-1276\" srcset=\"https:\/\/lyceelespierresvives.fr\/wp-content\/uploads\/2025\/01\/compo-bac-general-1024x576.png 1024w, https:\/\/lyceelespierresvives.fr\/wp-content\/uploads\/2025\/01\/compo-bac-general-300x169.png 300w, https:\/\/lyceelespierresvives.fr\/wp-content\/uploads\/2025\/01\/compo-bac-general-768x432.png 768w, https:\/\/lyceelespierresvives.fr\/wp-content\/uploads\/2025\/01\/compo-bac-general.png 1280w\" sizes=\"auto, (max-width: 1024px) 100vw, 1024px\" \/><\/figure><div style=\"height:5px\" aria-hidden=\"true\" class=\"wp-block-spacer\"><\/div><figure class=\"wp-block-image aligncenter size-large\"><img loading=\"lazy\" decoding=\"async\" width=\"986\" height=\"1024\" src=\"https:\/\/lyceelespierresvives.fr\/wp-content\/uploads\/2025\/01\/r-partition-de-la-note-finale-gt-octobre-95074-986x1024.jpg\" alt=\"\" class=\"wp-image-1277\" srcset=\"https:\/\/lyceelespierresvives.fr\/wp-content\/uploads\/2025\/01\/r-partition-de-la-note-finale-gt-octobre-95074-986x1024.jpg 986w, https:\/\/lyceelespierresvives.fr\/wp-content\/uploads\/2025\/01\/r-partition-de-la-note-finale-gt-octobre-95074-289x300.jpg 289w, https:\/\/lyceelespierresvives.fr\/wp-content\/uploads\/2025\/01\/r-partition-de-la-note-finale-gt-octobre-95074-768x798.jpg 768w, https:\/\/lyceelespierresvives.fr\/wp-content\/uploads\/2025\/01\/r-partition-de-la-note-finale-gt-octobre-95074.jpg 1280w\" sizes=\"auto, (max-width: 986px) 100vw, 986px\" \/><\/figure><div style=\"height:10px\" aria-hidden=\"true\" class=\"wp-block-spacer\"><\/div><h3 class=\"wp-block-heading has-text-align-center has-base-color has-custom-color-1-background-color has-text-color has-background has-link-color wp-elements-f746c146247d0e41ce2be69676f44ef5\">Description de la fili\u00e8re g\u00e9n\u00e9rale<\/h3><p>Une description compl\u00e8te de la fili\u00e8re g\u00e9n\u00e9rale propos\u00e9e au lyc\u00e9e (tronc commun, sp\u00e9cialit\u00e9s, sections et options) est disponible <a href=\"https:\/\/lyceelespierresvives.fr\/?page_id=1130\" data-type=\"page\" data-id=\"1169\">ici<\/a>.<\/p><div style=\"height:10px\" aria-hidden=\"true\" class=\"wp-block-spacer\"><\/div><div class=\"wp-block-columns has-sidebar-shadow-color-background-color has-background is-layout-flex wp-container-core-columns-is-layout-28f84493 wp-block-columns-is-layout-flex\"><div class=\"wp-block-column is-layout-flow wp-block-column-is-layout-flow\"><p class=\"has-text-align-center has-base-color has-custom-color-1-background-color has-text-color has-background has-link-color wp-elements-45609b3f61b33a2b2776418816fb8fb1\"><a href=\"https:\/\/lyceelespierresvives.fr\/?page_id=799\">Retour au menu de l&rsquo;orientation post Seconde<\/a><\/p><\/div><\/div>","protected":false},"excerpt":{"rendered":"<p>Le baccalaur\u00e9at g\u00e9n\u00e9ral Une description compl\u00e8te du baccalaur\u00e9at g\u00e9n\u00e9ral est disponible sur le site de l&rsquo;Onisep. Composition du baccalaur\u00e9at g\u00e9n\u00e9ral Description de la fili\u00e8re g\u00e9n\u00e9rale Une description compl\u00e8te de la fili\u00e8re g\u00e9n\u00e9rale propos\u00e9e au lyc\u00e9e (tronc commun, sp\u00e9cialit\u00e9s, sections et options) est disponible ici. Retour au menu de l&rsquo;orientation post Seconde<\/p>\n","protected":false},"author":3,"featured_media":0,"parent":0,"menu_order":0,"comment_status":"closed","ping_status":"closed","template":"","meta":{"inline_featured_image":false,"footnotes":""},"class_list":["post-1256","page","type-page","status-publish","hentry"],"_links":{"self":[{"href":"https:\/\/lyceelespierresvives.fr\/index.php?rest_route=\/wp\/v2\/pages\/1256","targetHints":{"allow":["GET"]}}],"collection":[{"href":"https:\/\/lyceelespierresvives.fr\/index.php?rest_route=\/wp\/v2\/pages"}],"about":[{"href":"https:\/\/lyceelespierresvives.fr\/index.php?rest_route=\/wp\/v2\/types\/page"}],"author":[{"embeddable":true,"href":"https:\/\/lyceelespierresvives.fr\/index.php?rest_route=\/wp\/v2\/users\/3"}],"replies":[{"embeddable":true,"href":"https:\/\/lyceelespierresvives.fr\/index.php?rest_route=%2Fwp%2Fv2%2Fcomments&post=1256"}],"version-history":[{"count":7,"href":"https:\/\/lyceelespierresvives.fr\/index.php?rest_route=\/wp\/v2\/pages\/1256\/revisions"}],"predecessor-version":[{"id":1283,"href":"https:\/\/lyceelespierresvives.fr\/index.php?rest_route=\/wp\/v2\/pages\/1256\/revisions\/1283"}],"wp:attachment":[{"href":"https:\/\/lyceelespierresvives.fr\/index.php?rest_route=%2Fwp%2Fv2%2Fmedia&parent=1256"}],"curies":[{"name":"wp","href":"https:\/\/api.w.org\/{rel}","templated":true}]}}