{"id":1231,"date":"2025-01-06T12:50:10","date_gmt":"2025-01-06T11:50:10","guid":{"rendered":"https:\/\/lyceelespierresvives.fr\/?page_id=1231"},"modified":"2025-01-17T15:06:49","modified_gmt":"2025-01-17T14:06:49","slug":"orientation-post-seconde-bacs-technologiques","status":"publish","type":"page","link":"https:\/\/lyceelespierresvives.fr\/?page_id=1231","title":{"rendered":"Orientation &#8211; Post Seconde : bacs technologiques"},"content":{"rendered":"<h3 class=\"wp-block-heading has-text-align-center has-base-color has-custom-color-1-background-color has-text-color has-background has-link-color wp-elements-96f89c8038785874b659ae10d89ad51b\">Les 8 baccalaur\u00e9ats technologiques<\/h3><div class=\"wp-block-columns is-layout-flex wp-container-core-columns-is-layout-28f84493 wp-block-columns-is-layout-flex\"><div class=\"wp-block-column is-layout-flow wp-block-column-is-layout-flow\"><figure class=\"wp-block-image aligncenter size-full\"><img loading=\"lazy\" decoding=\"async\" width=\"384\" height=\"256\" src=\"https:\/\/lyceelespierresvives.fr\/wp-content\/uploads\/2025\/01\/image_STL.jpg\" alt=\"\" class=\"wp-image-1300\" srcset=\"https:\/\/lyceelespierresvives.fr\/wp-content\/uploads\/2025\/01\/image_STL.jpg 384w, https:\/\/lyceelespierresvives.fr\/wp-content\/uploads\/2025\/01\/image_STL-300x200.jpg 300w\" sizes=\"auto, (max-width: 384px) 100vw, 384px\" \/><\/figure>\n\n<center>\n<a href='https:\/\/www.onisep.fr\/formation\/apres-la-3-la-voie-generale-et-technologique\/qu-est-ce-que-la-voie-generale-et-technologique\/la-voie-technologique-en-premiere-et-terminale\/le-bac-stl-sciences-et-technologies-de-laboratoire' target='_blank'><strong>STL<\/strong><\/a>\n<br>\n<span style='color:gray;font-size:10pt;'>Sciences et Technologies de Laboratoire<\/span>\n<\/center><\/div>\n\n<div class=\"wp-block-column is-layout-flow wp-block-column-is-layout-flow\"><figure class=\"wp-block-image aligncenter size-full\"><img loading=\"lazy\" decoding=\"async\" width=\"384\" height=\"256\" src=\"https:\/\/lyceelespierresvives.fr\/wp-content\/uploads\/2025\/01\/image_ST2S.jpg\" alt=\"\" class=\"wp-image-1296\" srcset=\"https:\/\/lyceelespierresvives.fr\/wp-content\/uploads\/2025\/01\/image_ST2S.jpg 384w, https:\/\/lyceelespierresvives.fr\/wp-content\/uploads\/2025\/01\/image_ST2S-300x200.jpg 300w\" sizes=\"auto, (max-width: 384px) 100vw, 384px\" \/><\/figure>\n\n<center>\n<a href='https:\/\/www.onisep.fr\/formation\/apres-la-3-la-voie-generale-et-technologique\/qu-est-ce-que-la-voie-generale-et-technologique\/la-voie-technologique-en-premiere-et-terminale\/le-bac-st2s-sciences-et-technologies-de-la-sante-et-du-social' target='_blank'><strong>ST2S<\/strong><\/a>\n<br>\n<span style='color:gray;font-size:10pt;'>Sciences et Technologies de la Sant\u00e9 et du Social<\/span>\n<\/center><\/div>\n\n<div class=\"wp-block-column is-layout-flow wp-block-column-is-layout-flow\"><figure class=\"wp-block-image aligncenter size-full\"><img loading=\"lazy\" decoding=\"async\" width=\"384\" height=\"256\" src=\"https:\/\/lyceelespierresvives.fr\/wp-content\/uploads\/2025\/01\/image_STAV.jpg\" alt=\"\" class=\"wp-image-1297\" srcset=\"https:\/\/lyceelespierresvives.fr\/wp-content\/uploads\/2025\/01\/image_STAV.jpg 384w, https:\/\/lyceelespierresvives.fr\/wp-content\/uploads\/2025\/01\/image_STAV-300x200.jpg 300w\" sizes=\"auto, (max-width: 384px) 100vw, 384px\" \/><\/figure>\n\n<center>\n<a href='https:\/\/www.onisep.fr\/formation\/apres-la-3-la-voie-generale-et-technologique\/qu-est-ce-que-la-voie-generale-et-technologique\/la-voie-technologique-en-premiere-et-terminale\/le-bac-stav-sciences-et-technologies-de-l-agronomie-et-du-vivant' target='_blank'><strong>STAV<\/strong><\/a>\n<br>\n<span style='color:gray;font-size:10pt;'>Sciences et Technologies de l&rsquo;Agronomie et du Vivant<\/span>\n<\/center><\/div>\n\n<div class=\"wp-block-column is-layout-flow wp-block-column-is-layout-flow\"><figure class=\"wp-block-image size-full\"><img loading=\"lazy\" decoding=\"async\" width=\"384\" height=\"256\" src=\"https:\/\/lyceelespierresvives.fr\/wp-content\/uploads\/2025\/01\/STHR.jpg\" alt=\"\" class=\"wp-image-1637\" srcset=\"https:\/\/lyceelespierresvives.fr\/wp-content\/uploads\/2025\/01\/STHR.jpg 384w, https:\/\/lyceelespierresvives.fr\/wp-content\/uploads\/2025\/01\/STHR-300x200.jpg 300w\" sizes=\"auto, (max-width: 384px) 100vw, 384px\" \/><\/figure>\n\n<center>\n<a href='https:\/\/www.onisep.fr\/formation\/apres-la-3-la-voie-generale-et-technologique\/qu-est-ce-que-la-voie-generale-et-technologique\/la-voie-technologique-en-premiere-et-terminale\/le-bac-sthr-sciences-et-technologies-de-l-hotellerie-et-de-la-restauration' target='_blank'><strong>STHR<\/strong><\/a>\n<br>\n<span style='color:gray;font-size:10pt;'>Sciences et Technologies de l&rsquo;H\u00f4tellerie et de la Restauration<\/span>\n<\/center><\/div><\/div><div style=\"height:5px\" aria-hidden=\"true\" class=\"wp-block-spacer\"><\/div><div class=\"wp-block-columns is-layout-flex wp-container-core-columns-is-layout-28f84493 wp-block-columns-is-layout-flex\"><div class=\"wp-block-column is-layout-flow wp-block-column-is-layout-flow\"><figure class=\"wp-block-image aligncenter size-full\"><img loading=\"lazy\" decoding=\"async\" width=\"384\" height=\"256\" src=\"https:\/\/lyceelespierresvives.fr\/wp-content\/uploads\/2025\/01\/image_STI2D.jpg\" alt=\"\" class=\"wp-image-1299\" srcset=\"https:\/\/lyceelespierresvives.fr\/wp-content\/uploads\/2025\/01\/image_STI2D.jpg 384w, https:\/\/lyceelespierresvives.fr\/wp-content\/uploads\/2025\/01\/image_STI2D-300x200.jpg 300w\" sizes=\"auto, (max-width: 384px) 100vw, 384px\" \/><\/figure>\n\n<center>\n<a href='https:\/\/www.onisep.fr\/formation\/apres-la-3-la-voie-generale-et-technologique\/qu-est-ce-que-la-voie-generale-et-technologique\/la-voie-technologique-en-premiere-et-terminale\/le-bac-sti2d-sciences-et-technologies-de-l-industrie-et-du-developpement-durable' target='_blank'><strong>STI2D<\/strong><\/a>\n<br>\n<span style='color:gray;font-size:10pt;'>Sciences et Technologies de l&rsquo;Industrie et du D\u00e9veloppement Durable<\/span>\n<\/center><\/div>\n\n<div class=\"wp-block-column is-layout-flow wp-block-column-is-layout-flow\"><figure class=\"wp-block-image aligncenter size-full\"><img loading=\"lazy\" decoding=\"async\" width=\"384\" height=\"256\" src=\"https:\/\/lyceelespierresvives.fr\/wp-content\/uploads\/2025\/01\/image_STMG.jpg\" alt=\"\" class=\"wp-image-1301\" srcset=\"https:\/\/lyceelespierresvives.fr\/wp-content\/uploads\/2025\/01\/image_STMG.jpg 384w, https:\/\/lyceelespierresvives.fr\/wp-content\/uploads\/2025\/01\/image_STMG-300x200.jpg 300w\" sizes=\"auto, (max-width: 384px) 100vw, 384px\" \/><\/figure>\n\n<center>\n<a href='https:\/\/www.onisep.fr\/formation\/apres-la-3-la-voie-generale-et-technologique\/qu-est-ce-que-la-voie-generale-et-technologique\/la-voie-technologique-en-premiere-et-terminale\/le-bac-stmg-sciences-et-technologies-du-management-et-de-la-gestion' target='_blank'><strong>STMG<\/strong><\/a>\n<br>\n<span style='color:gray;font-size:10pt;'>Sciences et Technologies du Management et de la Gestion<\/span>\n<\/center><\/div>\n\n<div class=\"wp-block-column is-layout-flow wp-block-column-is-layout-flow\"><figure class=\"wp-block-image aligncenter size-full\"><img loading=\"lazy\" decoding=\"async\" width=\"384\" height=\"256\" src=\"https:\/\/lyceelespierresvives.fr\/wp-content\/uploads\/2025\/01\/image_STD2A.jpg\" alt=\"\" class=\"wp-image-1286\" srcset=\"https:\/\/lyceelespierresvives.fr\/wp-content\/uploads\/2025\/01\/image_STD2A.jpg 384w, https:\/\/lyceelespierresvives.fr\/wp-content\/uploads\/2025\/01\/image_STD2A-300x200.jpg 300w\" sizes=\"auto, (max-width: 384px) 100vw, 384px\" \/><\/figure>\n\n<center>\n<a href='https:\/\/www.onisep.fr\/formation\/apres-la-3-la-voie-generale-et-technologique\/qu-est-ce-que-la-voie-generale-et-technologique\/la-voie-technologique-en-premiere-et-terminale\/le-bac-std2a-sciences-et-technologies-du-design-et-des-arts-appliques' target='_blank'><strong>STD2A<\/strong><\/a>\n<br>\n<span style='color:gray;font-size:10pt;'>Sciences\net Technologies du Design\net des Arts Appliqu\u00e9s<\/span>\n<\/center><\/div>\n\n<div class=\"wp-block-column is-layout-flow wp-block-column-is-layout-flow\"><figure class=\"wp-block-image aligncenter size-full\"><img loading=\"lazy\" decoding=\"async\" width=\"384\" height=\"256\" src=\"https:\/\/lyceelespierresvives.fr\/wp-content\/uploads\/2025\/01\/image_S2TMD.jpg\" alt=\"\" class=\"wp-image-1287\" srcset=\"https:\/\/lyceelespierresvives.fr\/wp-content\/uploads\/2025\/01\/image_S2TMD.jpg 384w, https:\/\/lyceelespierresvives.fr\/wp-content\/uploads\/2025\/01\/image_S2TMD-300x200.jpg 300w\" sizes=\"auto, (max-width: 384px) 100vw, 384px\" \/><\/figure>\n\n<center>\n<a href='https:\/\/www.onisep.fr\/formation\/apres-la-3-la-voie-generale-et-technologique\/qu-est-ce-que-la-voie-generale-et-technologique\/la-voie-technologique-en-premiere-et-terminale\/le-bac-s2tmd-sciences-et-techniques-du-theatre-de-la-musique-et-de-la-danse' target='_blank'><strong>S2TMD<\/strong><\/a>\n<br>\n<span style='color:gray;font-size:10pt;'>Sciences et Techniques\ndu Th\u00e9\u00e2tre, de la Musique\net de la Danse<\/span>\n<\/center><\/div><\/div><div style=\"height:10px\" aria-hidden=\"true\" class=\"wp-block-spacer\"><\/div><p class=\"has-text-align-center\"><strong>Attention : seul le baccalaur\u00e9at STI2D est pr\u00e9sent au Lyc\u00e9e Les Pierres Vives<\/strong><\/p><div style=\"height:10px\" aria-hidden=\"true\" class=\"wp-block-spacer\"><\/div><h3 class=\"wp-block-heading has-text-align-center has-base-color has-custom-color-1-background-color has-text-color has-background has-link-color wp-elements-9bbe652f3e06ccf70c3bb3b1fbbf0b79\">Composition des baccalaur\u00e9ats technologiques<\/h3><figure class=\"wp-block-image aligncenter size-large\"><img loading=\"lazy\" decoding=\"async\" width=\"1024\" height=\"576\" src=\"https:\/\/lyceelespierresvives.fr\/wp-content\/uploads\/2025\/01\/compo-bac-techno-1024x576.png\" alt=\"\" class=\"wp-image-1252\" srcset=\"https:\/\/lyceelespierresvives.fr\/wp-content\/uploads\/2025\/01\/compo-bac-techno-1024x576.png 1024w, https:\/\/lyceelespierresvives.fr\/wp-content\/uploads\/2025\/01\/compo-bac-techno-300x169.png 300w, https:\/\/lyceelespierresvives.fr\/wp-content\/uploads\/2025\/01\/compo-bac-techno-768x432.png 768w, https:\/\/lyceelespierresvives.fr\/wp-content\/uploads\/2025\/01\/compo-bac-techno.png 1280w\" sizes=\"auto, (max-width: 1024px) 100vw, 1024px\" \/><\/figure><div style=\"height:5px\" aria-hidden=\"true\" class=\"wp-block-spacer\"><\/div><figure class=\"wp-block-image aligncenter size-large\"><img loading=\"lazy\" decoding=\"async\" width=\"986\" height=\"1024\" src=\"https:\/\/lyceelespierresvives.fr\/wp-content\/uploads\/2025\/01\/r-partition-de-la-note-finale-gt-octobre-95074-986x1024.jpg\" alt=\"\" class=\"wp-image-1277\" srcset=\"https:\/\/lyceelespierresvives.fr\/wp-content\/uploads\/2025\/01\/r-partition-de-la-note-finale-gt-octobre-95074-986x1024.jpg 986w, https:\/\/lyceelespierresvives.fr\/wp-content\/uploads\/2025\/01\/r-partition-de-la-note-finale-gt-octobre-95074-289x300.jpg 289w, https:\/\/lyceelespierresvives.fr\/wp-content\/uploads\/2025\/01\/r-partition-de-la-note-finale-gt-octobre-95074-768x798.jpg 768w, https:\/\/lyceelespierresvives.fr\/wp-content\/uploads\/2025\/01\/r-partition-de-la-note-finale-gt-octobre-95074.jpg 1280w\" sizes=\"auto, (max-width: 986px) 100vw, 986px\" \/><\/figure><div style=\"height:10px\" aria-hidden=\"true\" class=\"wp-block-spacer\"><\/div><h3 class=\"wp-block-heading has-text-align-center has-base-color has-custom-color-1-background-color has-text-color has-background has-link-color wp-elements-873de970e994a73331a081657ed0bff2\">Carte des baccalaur\u00e9ats technologiques du territoire<\/h3><p>Pour filtrer les diff\u00e9rents baccalaur\u00e9ats technologiques, utilisez les &laquo; calques &raquo; en cliquant sur ce logo : <img src='https:\/\/lyceelespierresvives.fr\/wp-content\/uploads\/2025\/01\/logo-calque.png' alt='logo calque'><\/p>\n<p><iframe src='https:\/\/framacarte.org\/fr\/map\/filieres-de-la-voie-technologique_172923?scaleControl=false&#038;miniMap=false&#038;scrollWheelZoom=true&#038;zoomControl=true&#038;editMode=disabled&#038;moreControl=true&#038;searchControl=null&#038;tilelayersControl=null&#038;embedControl=null&#038;datalayersControl=expanded&#038;onLoadPanel=undefined&#038;captionBar=false&#038;captionMenus=true&#038;locateControl=true#10\/48.9148\/2.1286' width=100% height=900px frameborder='0'><\/iframe><\/p><p class=\"has-text-align-center\"><a href=\"https:\/\/framacarte.org\/fr\/map\/filieres-de-la-voie-technologique_172923?scaleControl=false&amp;miniMap=false&amp;scrollWheelZoom=true&amp;zoomControl=true&amp;editMode=disabled&amp;moreControl=true&amp;searchControl=null&amp;tilelayersControl=null&amp;embedControl=null&amp;datalayersControl=expanded&amp;onLoadPanel=undefined&amp;captionBar=false&amp;captionMenus=true&amp;locateControl=true#13\/48.9275\/2.1164\" target=\"_blank\" rel=\"noreferrer noopener\">Ouvrir la carte dans le navigateur<\/a><\/p><div style=\"height:10px\" aria-hidden=\"true\" class=\"wp-block-spacer\"><\/div><h3 class=\"wp-block-heading has-text-align-center has-base-color has-custom-color-1-background-color has-text-color has-background has-link-color wp-elements-fe1a5ac6a0ea128676800b2acd4dfffb\">Description de la fili\u00e8re STI2D<\/h3><p>Une description compl\u00e8te de la fili\u00e8re STI2D propos\u00e9e au lyc\u00e9e (tronc commun, sp\u00e9cialit\u00e9s et options) est disponible <a href=\"https:\/\/lyceelespierresvives.fr\/?page_id=1169\" data-type=\"page\" data-id=\"1169\">ici<\/a>.<\/p><div style=\"height:10px\" aria-hidden=\"true\" class=\"wp-block-spacer\"><\/div><div class=\"wp-block-columns has-sidebar-shadow-color-background-color has-background is-layout-flex wp-container-core-columns-is-layout-28f84493 wp-block-columns-is-layout-flex\"><div class=\"wp-block-column is-layout-flow wp-block-column-is-layout-flow\"><p class=\"has-text-align-center has-base-color has-custom-color-1-background-color has-text-color has-background has-link-color wp-elements-45609b3f61b33a2b2776418816fb8fb1\"><a href=\"https:\/\/lyceelespierresvives.fr\/?page_id=799\">Retour au menu de l&rsquo;orientation post Seconde<\/a><\/p><\/div><\/div>","protected":false},"excerpt":{"rendered":"<p>Les 8 baccalaur\u00e9ats technologiques STL Sciences et Technologies de Laboratoire ST2S Sciences et Technologies de la Sant\u00e9 et du Social STAV Sciences et Technologies de l&rsquo;Agronomie et du Vivant STHR Sciences et Technologies de l&rsquo;H\u00f4tellerie et de la Restauration STI2D Sciences et Technologies de l&rsquo;Industrie et du D\u00e9veloppement Durable STMG Sciences et Technologies du Management [&hellip;]<\/p>\n","protected":false},"author":3,"featured_media":0,"parent":0,"menu_order":0,"comment_status":"closed","ping_status":"closed","template":"","meta":{"inline_featured_image":false,"footnotes":""},"class_list":["post-1231","page","type-page","status-publish","hentry"],"_links":{"self":[{"href":"https:\/\/lyceelespierresvives.fr\/index.php?rest_route=\/wp\/v2\/pages\/1231","targetHints":{"allow":["GET"]}}],"collection":[{"href":"https:\/\/lyceelespierresvives.fr\/index.php?rest_route=\/wp\/v2\/pages"}],"about":[{"href":"https:\/\/lyceelespierresvives.fr\/index.php?rest_route=\/wp\/v2\/types\/page"}],"author":[{"embeddable":true,"href":"https:\/\/lyceelespierresvives.fr\/index.php?rest_route=\/wp\/v2\/users\/3"}],"replies":[{"embeddable":true,"href":"https:\/\/lyceelespierresvives.fr\/index.php?rest_route=%2Fwp%2Fv2%2Fcomments&post=1231"}],"version-history":[{"count":42,"href":"https:\/\/lyceelespierresvives.fr\/index.php?rest_route=\/wp\/v2\/pages\/1231\/revisions"}],"predecessor-version":[{"id":1638,"href":"https:\/\/lyceelespierresvives.fr\/index.php?rest_route=\/wp\/v2\/pages\/1231\/revisions\/1638"}],"wp:attachment":[{"href":"https:\/\/lyceelespierresvives.fr\/index.php?rest_route=%2Fwp%2Fv2%2Fmedia&parent=1231"}],"curies":[{"name":"wp","href":"https:\/\/api.w.org\/{rel}","templated":true}]}}