{"id":1179,"date":"2024-12-15T22:58:42","date_gmt":"2024-12-15T21:58:42","guid":{"rendered":"https:\/\/lyceelespierresvives.fr\/?page_id=1179"},"modified":"2025-01-20T12:29:55","modified_gmt":"2025-01-20T11:29:55","slug":"premiere-et-terminale-sti2d-les-specialites","status":"publish","type":"page","link":"https:\/\/lyceelespierresvives.fr\/?page_id=1179","title":{"rendered":"Premi\u00e8re et terminale STI2D &#8211; Les sp\u00e9cialit\u00e9s"},"content":{"rendered":"<p class=\"has-text-align-center has-custom-color-1-color has-custom-color-3-background-color has-text-color has-background has-link-color has-large-font-size wp-elements-50f565a401e0a5aad5db5b27df091e5e\">Les sp\u00e9cialit\u00e9s<\/p><div class=\"wp-block-columns is-layout-flex wp-container-core-columns-is-layout-28f84493 wp-block-columns-is-layout-flex\"><div class=\"wp-block-column is-layout-flow wp-block-column-is-layout-flow\" style=\"flex-basis:25%\"><\/div>\n\n<div class=\"wp-block-column is-layout-flow wp-block-column-is-layout-flow\" style=\"flex-basis:70%\">\n<div class=\"wpdt-c row wpDataTableContainerSimpleTable wpDataTables wpDataTablesWrapper\n\"\n    >\n        <table id=\"wpdtSimpleTable-12\"\n           style=\"border-collapse:collapse;\n                   border-spacing:0px;\"\n           class=\"wpdtSimpleTable wpDataTable\"\n           data-column=\"3\"\n           data-rows=\"6\"\n           data-wpID=\"12\"\n           data-responsive=\"0\"\n           data-has-header=\"1\">\n\n                    <thead>        <tr class=\"wpdt-cell-row \" >\n                                <th class=\"wpdt-cell wpdt-align-center wpdt-bold wpdt-merged-cell \"\n                     colspan=\"3\"  rowspan=\"1\"                     data-cell-id=\"A1\"\n                    data-col-index=\"0\"\n                    data-row-index=\"0\"\n                    style=\" width:100%;                    padding:10px;\n                    \"\n                    >\n                                        Les enseignements de sp\u00e9cialit\u00e9                    <\/th>\n                                                                <\/tr>\n                    <tbody>        <tr class=\"wpdt-cell-row odd\" >\n                                <td class=\"wpdt-cell wpdt-align-left wpdt-empty-cell \"\n                                            data-cell-id=\"A2\"\n                    data-col-index=\"0\"\n                    data-row-index=\"1\"\n                    style=\"                    padding:10px;\n                    \"\n                    >\n                                                            <\/td>\n                                                <td class=\"wpdt-cell wpdt-align-right\"\n                                            data-cell-id=\"B2\"\n                    data-col-index=\"1\"\n                    data-row-index=\"1\"\n                    style=\"                    padding:10px;\n                    \"\n                    >\n                                        Premi\u00e8re                    <\/td>\n                                                <td class=\"wpdt-cell wpdt-align-right\"\n                                            data-cell-id=\"C2\"\n                    data-col-index=\"2\"\n                    data-row-index=\"1\"\n                    style=\"                    padding:10px;\n                    \"\n                    >\n                                        Terminale                    <\/td>\n                                        <\/tr>\n                            <tr class=\"wpdt-cell-row even\" >\n                                <td class=\"wpdt-cell wpdt-align-left\"\n                                            data-cell-id=\"A3\"\n                    data-col-index=\"0\"\n                    data-row-index=\"2\"\n                    style=\"                    padding:10px;\n                    \"\n                    >\n                                        Physique-Chimie et Math\u00e9matiques                    <\/td>\n                                                <td class=\"wpdt-cell wpdt-align-right\"\n                                            data-cell-id=\"B3\"\n                    data-col-index=\"1\"\n                    data-row-index=\"2\"\n                    style=\"                    padding:10px;\n                    \"\n                    >\n                                        6h                    <\/td>\n                                                <td class=\"wpdt-cell wpdt-align-right\"\n                                            data-cell-id=\"C3\"\n                    data-col-index=\"2\"\n                    data-row-index=\"2\"\n                    style=\"                    padding:10px;\n                    \"\n                    >\n                                        6h                    <\/td>\n                                        <\/tr>\n                            <tr class=\"wpdt-cell-row odd\" >\n                                <td class=\"wpdt-cell wpdt-align-left\"\n                                            data-cell-id=\"A4\"\n                    data-col-index=\"0\"\n                    data-row-index=\"3\"\n                    style=\"                    padding:10px;\n                    \"\n                    >\n                                        Innovation technologique (IT)                    <\/td>\n                                                <td class=\"wpdt-cell wpdt-align-right\"\n                                            data-cell-id=\"B4\"\n                    data-col-index=\"1\"\n                    data-row-index=\"3\"\n                    style=\"                    padding:10px;\n                    \"\n                    >\n                                        3h                    <\/td>\n                                                <td class=\"wpdt-cell wpdt-align-right\"\n                                            data-cell-id=\"C4\"\n                    data-col-index=\"2\"\n                    data-row-index=\"3\"\n                    style=\"                    padding:10px;\n                    \"\n                    >\n                                        x                    <\/td>\n                                        <\/tr>\n                            <tr class=\"wpdt-cell-row even\" >\n                                <td class=\"wpdt-cell wpdt-align-left\"\n                                            data-cell-id=\"A5\"\n                    data-col-index=\"0\"\n                    data-row-index=\"4\"\n                    style=\"                    padding:10px;\n                    \"\n                    >\n                                        Ing\u00e9nierie et D\u00e9veloppement Durable (I2D)                    <\/td>\n                                                <td class=\"wpdt-cell wpdt-align-right\"\n                                            data-cell-id=\"B5\"\n                    data-col-index=\"1\"\n                    data-row-index=\"4\"\n                    style=\"                    padding:10px;\n                    \"\n                    >\n                                        9h                    <\/td>\n                                                <td class=\"wpdt-cell wpdt-align-right\"\n                                            data-cell-id=\"C5\"\n                    data-col-index=\"2\"\n                    data-row-index=\"4\"\n                    style=\"                    padding:10px;\n                    \"\n                    >\n                                        x                    <\/td>\n                                        <\/tr>\n                            <tr class=\"wpdt-cell-row odd\" >\n                                <td class=\"wpdt-cell wpdt-align-left\"\n                                            data-cell-id=\"A6\"\n                    data-col-index=\"0\"\n                    data-row-index=\"5\"\n                    style=\"                    padding:10px;\n                    \"\n                    >\n                                        <div data-type-content=\"wpdt-html-content\"><p>Ing&eacute;nierie, Innovation et D&eacute;veloppement Durable (2I2D) avec un enseignement sp&eacute;cifique parmi :<\/p>\n<ul>\n<li><a href=\"..\/?page_id=1026\">Energie et Environnement (EE)<\/a><\/li>\n<li><a href=\"..\/?page_id=1029\">Syst&egrave;me d'Information et Num&eacute;rique (SIN)<\/a><\/li>\n<\/ul><\/div>                    <\/td>\n                                                <td class=\"wpdt-cell wpdt-align-right\"\n                                            data-cell-id=\"B6\"\n                    data-col-index=\"1\"\n                    data-row-index=\"5\"\n                    style=\"                    padding:10px;\n                    \"\n                    >\n                                        x                    <\/td>\n                                                <td class=\"wpdt-cell wpdt-align-right\"\n                                            data-cell-id=\"C6\"\n                    data-col-index=\"2\"\n                    data-row-index=\"5\"\n                    style=\"                    padding:10px;\n                    \"\n                    >\n                                        12h                    <\/td>\n                                        <\/tr>\n                    <\/table>\n<\/div><style id='wpdt-custom-style-12'>\n<\/style>\n\n\n<p class=\"has-text-align-center has-foreground-color has-text-color has-link-color wp-elements-3dd628388caf3a497d44cef33d55a4a2\">Cliquez sur chaque sp\u00e9cialit\u00e9 pour en avoir une pr\u00e9sentation.<\/p><\/div>\n\n<div class=\"wp-block-column is-layout-flow wp-block-column-is-layout-flow\" style=\"flex-basis:25%\"><\/div><\/div><div class=\"wp-block-columns has-sidebar-shadow-color-background-color has-background is-layout-flex wp-container-core-columns-is-layout-28f84493 wp-block-columns-is-layout-flex\"><div class=\"wp-block-column is-layout-flow wp-block-column-is-layout-flow\"><p class=\"has-text-align-center has-custom-color-1-color has-custom-color-3-background-color has-text-color has-background has-link-color wp-elements-03ca7dd41a136a041726f27ac678bbb1\"><a href=\"https:\/\/lyceelespierresvives.fr\/?page_id=1169\">Menu principal<\/a><\/p><\/div>\n\n<div class=\"wp-block-column is-layout-flow wp-block-column-is-layout-flow\"><p class=\"has-text-align-center has-custom-color-1-color has-custom-color-3-background-color has-text-color has-background has-link-color wp-elements-19f4b6fbd566aeb5605f4dcb64256c38\"><a href=\"https:\/\/lyceelespierresvives.fr\/?page_id=1173\">Tronc commun<\/a><\/p><\/div>\n\n<div class=\"wp-block-column is-layout-flow wp-block-column-is-layout-flow\"><p class=\"has-text-align-center has-custom-color-1-color has-custom-color-3-background-color has-text-color has-background has-link-color wp-elements-61b24e6212a4ed2999332aab19580f7d\"><a href=\"https:\/\/lyceelespierresvives.fr\/?page_id=1685\" data-type=\"page\" data-id=\"1685\">Options<\/a><\/p><\/div>\n\n<div class=\"wp-block-column is-layout-flow wp-block-column-is-layout-flow\"><p class=\"has-text-align-center has-custom-color-1-color has-custom-color-3-background-color has-text-color has-background has-link-color wp-elements-c266c2d79a8540b8b84ad15b42c9e38e\"><a href=\"https:\/\/lyceelespierresvives.fr\/?page_id=174\" data-type=\"page\" data-id=\"174\">Modules p\u00e9ri-\u00e9ducatifs<\/a><\/p><\/div><\/div>","protected":false},"excerpt":{"rendered":"<p>Les sp\u00e9cialit\u00e9s Cliquez sur chaque sp\u00e9cialit\u00e9 pour en avoir une pr\u00e9sentation. Menu principal Tronc commun Options Modules p\u00e9ri-\u00e9ducatifs<\/p>\n","protected":false},"author":2,"featured_media":0,"parent":0,"menu_order":3302,"comment_status":"closed","ping_status":"closed","template":"","meta":{"inline_featured_image":false,"footnotes":""},"class_list":["post-1179","page","type-page","status-publish","hentry"],"_links":{"self":[{"href":"https:\/\/lyceelespierresvives.fr\/index.php?rest_route=\/wp\/v2\/pages\/1179","targetHints":{"allow":["GET"]}}],"collection":[{"href":"https:\/\/lyceelespierresvives.fr\/index.php?rest_route=\/wp\/v2\/pages"}],"about":[{"href":"https:\/\/lyceelespierresvives.fr\/index.php?rest_route=\/wp\/v2\/types\/page"}],"author":[{"embeddable":true,"href":"https:\/\/lyceelespierresvives.fr\/index.php?rest_route=\/wp\/v2\/users\/2"}],"replies":[{"embeddable":true,"href":"https:\/\/lyceelespierresvives.fr\/index.php?rest_route=%2Fwp%2Fv2%2Fcomments&post=1179"}],"version-history":[{"count":4,"href":"https:\/\/lyceelespierresvives.fr\/index.php?rest_route=\/wp\/v2\/pages\/1179\/revisions"}],"predecessor-version":[{"id":1690,"href":"https:\/\/lyceelespierresvives.fr\/index.php?rest_route=\/wp\/v2\/pages\/1179\/revisions\/1690"}],"wp:attachment":[{"href":"https:\/\/lyceelespierresvives.fr\/index.php?rest_route=%2Fwp%2Fv2%2Fmedia&parent=1179"}],"curies":[{"name":"wp","href":"https:\/\/api.w.org\/{rel}","templated":true}]}}