{"id":1162,"date":"2024-12-15T22:34:47","date_gmt":"2024-12-15T21:34:47","guid":{"rendered":"https:\/\/lyceelespierresvives.fr\/?page_id=1162"},"modified":"2025-01-28T09:40:07","modified_gmt":"2025-01-28T08:40:07","slug":"premiere-et-terminale-generale-les-options","status":"publish","type":"page","link":"https:\/\/lyceelespierresvives.fr\/?page_id=1162","title":{"rendered":"Premi\u00e8re et terminale g\u00e9n\u00e9rale &#8211; Les options"},"content":{"rendered":"<h3 class=\"wp-block-heading has-text-align-center has-base-color has-custom-color-1-background-color has-text-color has-background has-link-color has-large-font-size wp-elements-afaa6f1ef3e102cca3043ead5682d57f\">Les options<\/h3><div class=\"wp-block-columns is-layout-flex wp-container-core-columns-is-layout-28f84493 wp-block-columns-is-layout-flex\"><div class=\"wp-block-column is-layout-flow wp-block-column-is-layout-flow\" style=\"flex-basis:25%\"><\/div>\n\n<div class=\"wp-block-column is-layout-flow wp-block-column-is-layout-flow\" style=\"flex-basis:50%\">\n<div class=\"wpdt-c row wpDataTableContainerSimpleTable wpDataTables wpDataTablesWrapper\n\"\n    >\n        <table id=\"wpdtSimpleTable-10\"\n           style=\"border-collapse:collapse;\n                   border-spacing:0px;\"\n           class=\"wpdtSimpleTable wpDataTable\"\n           data-column=\"3\"\n           data-rows=\"7\"\n           data-wpID=\"10\"\n           data-responsive=\"0\"\n           data-has-header=\"1\">\n\n                    <thead>        <tr class=\"wpdt-cell-row \" >\n                                <th class=\"wpdt-cell wpdt-align-center wpdt-bold wpdt-merged-cell \"\n                     colspan=\"3\"  rowspan=\"1\"                     data-cell-id=\"A1\"\n                    data-col-index=\"0\"\n                    data-row-index=\"0\"\n                    style=\" width:100%;                    padding:10px;\n                    \"\n                    >\n                                        Les enseignements optionnels (au choix \u00e0 l'inscription)                    <\/th>\n                                                                <\/tr>\n                    <tbody>        <tr class=\"wpdt-cell-row odd\" >\n                                <td class=\"wpdt-cell wpdt-align-left wpdt-empty-cell \"\n                                            data-cell-id=\"A2\"\n                    data-col-index=\"0\"\n                    data-row-index=\"1\"\n                    style=\"                    padding:10px;\n                    \"\n                    >\n                                                            <\/td>\n                                                <td class=\"wpdt-cell wpdt-align-right\"\n                                            data-cell-id=\"B2\"\n                    data-col-index=\"1\"\n                    data-row-index=\"1\"\n                    style=\"                    padding:10px;\n                    \"\n                    >\n                                        Premi\u00e8re                    <\/td>\n                                                <td class=\"wpdt-cell wpdt-align-right\"\n                                            data-cell-id=\"C2\"\n                    data-col-index=\"2\"\n                    data-row-index=\"1\"\n                    style=\"                    padding:10px;\n                    \"\n                    >\n                                        Terminale                    <\/td>\n                                        <\/tr>\n                            <tr class=\"wpdt-cell-row even\" >\n                                <td class=\"wpdt-cell wpdt-align-left\"\n                                            data-cell-id=\"A3\"\n                    data-col-index=\"0\"\n                    data-row-index=\"2\"\n                    style=\"                    padding:10px;\n                    \"\n                    >\n                                        Musique                    <\/td>\n                                                <td class=\"wpdt-cell wpdt-align-right\"\n                                            data-cell-id=\"B3\"\n                    data-col-index=\"1\"\n                    data-row-index=\"2\"\n                    style=\"                    padding:10px;\n                    \"\n                    >\n                                        3h                    <\/td>\n                                                <td class=\"wpdt-cell wpdt-align-right\"\n                                            data-cell-id=\"C3\"\n                    data-col-index=\"2\"\n                    data-row-index=\"2\"\n                    style=\"                    padding:10px;\n                    \"\n                    >\n                                        3h                    <\/td>\n                                        <\/tr>\n                            <tr class=\"wpdt-cell-row odd\" >\n                                <td class=\"wpdt-cell wpdt-align-left\"\n                                            data-cell-id=\"A4\"\n                    data-col-index=\"0\"\n                    data-row-index=\"3\"\n                    style=\"                    padding:10px;\n                    \"\n                    >\n                                        Espagnol LV3                    <\/td>\n                                                <td class=\"wpdt-cell wpdt-align-right\"\n                                            data-cell-id=\"B4\"\n                    data-col-index=\"1\"\n                    data-row-index=\"3\"\n                    style=\"                    padding:10px;\n                    \"\n                    >\n                                        3h                    <\/td>\n                                                <td class=\"wpdt-cell wpdt-align-right\"\n                                            data-cell-id=\"C4\"\n                    data-col-index=\"2\"\n                    data-row-index=\"3\"\n                    style=\"                    padding:10px;\n                    \"\n                    >\n                                        3h                    <\/td>\n                                        <\/tr>\n                            <tr class=\"wpdt-cell-row even\" >\n                                <td class=\"wpdt-cell wpdt-align-left\"\n                                            data-cell-id=\"A5\"\n                    data-col-index=\"0\"\n                    data-row-index=\"4\"\n                    style=\"                    padding:10px;\n                    \"\n                    >\n                                        Latin                    <\/td>\n                                                <td class=\"wpdt-cell wpdt-align-right\"\n                                            data-cell-id=\"B5\"\n                    data-col-index=\"1\"\n                    data-row-index=\"4\"\n                    style=\"                    padding:10px;\n                    \"\n                    >\n                                        3h                    <\/td>\n                                                <td class=\"wpdt-cell wpdt-align-right\"\n                                            data-cell-id=\"C5\"\n                    data-col-index=\"2\"\n                    data-row-index=\"4\"\n                    style=\"                    padding:10px;\n                    \"\n                    >\n                                        3h                    <\/td>\n                                        <\/tr>\n                            <tr class=\"wpdt-cell-row odd\" >\n                                <td class=\"wpdt-cell wpdt-align-left\"\n                                            data-cell-id=\"A6\"\n                    data-col-index=\"0\"\n                    data-row-index=\"5\"\n                    style=\"                    padding:10px;\n                    \"\n                    >\n                                        Maths compl\u00e9mentaires                    <\/td>\n                                                <td class=\"wpdt-cell wpdt-align-right\"\n                                            data-cell-id=\"B6\"\n                    data-col-index=\"1\"\n                    data-row-index=\"5\"\n                    style=\"                    padding:10px;\n                    \"\n                    >\n                                        x                    <\/td>\n                                                <td class=\"wpdt-cell wpdt-align-right\"\n                                            data-cell-id=\"C6\"\n                    data-col-index=\"2\"\n                    data-row-index=\"5\"\n                    style=\"                    padding:10px;\n                    \"\n                    >\n                                        3h                    <\/td>\n                                        <\/tr>\n                            <tr class=\"wpdt-cell-row even\" >\n                                <td class=\"wpdt-cell wpdt-align-left\"\n                                            data-cell-id=\"A7\"\n                    data-col-index=\"0\"\n                    data-row-index=\"6\"\n                    style=\"                    padding:10px;\n                    \"\n                    >\n                                        Maths expertes                    <\/td>\n                                                <td class=\"wpdt-cell wpdt-align-right\"\n                                            data-cell-id=\"B7\"\n                    data-col-index=\"1\"\n                    data-row-index=\"6\"\n                    style=\"                    padding:10px;\n                    \"\n                    >\n                                        x                    <\/td>\n                                                <td class=\"wpdt-cell wpdt-align-right\"\n                                            data-cell-id=\"C7\"\n                    data-col-index=\"2\"\n                    data-row-index=\"6\"\n                    style=\"                    padding:10px;\n                    \"\n                    >\n                                        3h                    <\/td>\n                                        <\/tr>\n                    <\/table>\n<\/div><style id='wpdt-custom-style-10'>\n<\/style>\n<\/div>\n\n<div class=\"wp-block-column is-layout-flow wp-block-column-is-layout-flow\" style=\"flex-basis:25%\"><\/div><\/div><div class=\"wp-block-columns has-sidebar-shadow-color-background-color has-background is-layout-flex wp-container-core-columns-is-layout-28f84493 wp-block-columns-is-layout-flex\"><div class=\"wp-block-column is-layout-flow wp-block-column-is-layout-flow\"><p class=\"has-text-align-center has-base-color has-custom-color-1-background-color has-text-color has-background has-link-color wp-elements-a3109833ed7c1e3a151462878d3d9e19\" style=\"padding-top:var(--wp--preset--spacing--50);padding-right:0;padding-bottom:var(--wp--preset--spacing--50);padding-left:0\"><a href=\"https:\/\/lyceelespierresvives.fr\/?page_id=1130\" data-type=\"page\" data-id=\"1130\">Menu principal<\/a><\/p><\/div>\n\n<div class=\"wp-block-column is-layout-flow wp-block-column-is-layout-flow\"><p class=\"has-text-align-center has-base-color has-custom-color-1-background-color has-text-color has-background has-link-color wp-elements-3fb359e713b4ae2489b2a6539dedeea5\" style=\"padding-top:var(--wp--preset--spacing--50);padding-bottom:var(--wp--preset--spacing--50)\"><a href=\"https:\/\/lyceelespierresvives.fr\/?page_id=1142\" data-type=\"page\" data-id=\"1146\">Tronc commun<\/a><\/p><\/div>\n\n<div class=\"wp-block-column is-layout-flow wp-block-column-is-layout-flow\"><p class=\"has-text-align-center has-base-color has-custom-color-1-background-color has-text-color has-background has-link-color wp-elements-b2fb8ef052bd15a8bf5a151bce617446\" style=\"padding-top:var(--wp--preset--spacing--50);padding-bottom:var(--wp--preset--spacing--50)\"><a href=\"https:\/\/lyceelespierresvives.fr\/?page_id=1146\" data-type=\"page\" data-id=\"1156\">Sp\u00e9cialit\u00e9s<\/a><\/p><\/div>\n\n<div class=\"wp-block-column is-layout-flow wp-block-column-is-layout-flow\"><p class=\"has-text-align-center has-base-color has-custom-color-1-background-color has-text-color has-background has-link-color wp-elements-221d999b1428a532da4b3d3dad3bd364\" style=\"padding-top:var(--wp--preset--spacing--50);padding-bottom:var(--wp--preset--spacing--50)\"><a href=\"https:\/\/lyceelespierresvives.fr\/?page_id=1156\" data-type=\"link\" data-id=\"https:\/\/lyceelespierresvives.fr\/?page_id=1162\">Sections<\/a><\/p><\/div>\n\n<div class=\"wp-block-column is-layout-flow wp-block-column-is-layout-flow\"><p class=\"has-text-align-center has-base-color has-custom-color-1-background-color has-text-color has-background has-link-color wp-elements-ba4d621b3ec1751f384b13b9d67c24fc\" style=\"border-style:none;border-width:0px;padding-top:1.5rem;padding-right:0;padding-bottom:1.5rem;padding-left:0\"><a href=\"https:\/\/lyceelespierresvives.fr\/?page_id=174\">Modules p\u00e9ri-\u00e9ducatifs<\/a><\/p><\/div><\/div>","protected":false},"excerpt":{"rendered":"<p>Les options Menu principal Tronc commun Sp\u00e9cialit\u00e9s Sections Modules p\u00e9ri-\u00e9ducatifs<\/p>\n","protected":false},"author":2,"featured_media":0,"parent":0,"menu_order":3204,"comment_status":"closed","ping_status":"closed","template":"","meta":{"inline_featured_image":false,"footnotes":""},"class_list":["post-1162","page","type-page","status-publish","hentry"],"_links":{"self":[{"href":"https:\/\/lyceelespierresvives.fr\/index.php?rest_route=\/wp\/v2\/pages\/1162","targetHints":{"allow":["GET"]}}],"collection":[{"href":"https:\/\/lyceelespierresvives.fr\/index.php?rest_route=\/wp\/v2\/pages"}],"about":[{"href":"https:\/\/lyceelespierresvives.fr\/index.php?rest_route=\/wp\/v2\/types\/page"}],"author":[{"embeddable":true,"href":"https:\/\/lyceelespierresvives.fr\/index.php?rest_route=\/wp\/v2\/users\/2"}],"replies":[{"embeddable":true,"href":"https:\/\/lyceelespierresvives.fr\/index.php?rest_route=%2Fwp%2Fv2%2Fcomments&post=1162"}],"version-history":[{"count":5,"href":"https:\/\/lyceelespierresvives.fr\/index.php?rest_route=\/wp\/v2\/pages\/1162\/revisions"}],"predecessor-version":[{"id":1859,"href":"https:\/\/lyceelespierresvives.fr\/index.php?rest_route=\/wp\/v2\/pages\/1162\/revisions\/1859"}],"wp:attachment":[{"href":"https:\/\/lyceelespierresvives.fr\/index.php?rest_route=%2Fwp%2Fv2%2Fmedia&parent=1162"}],"curies":[{"name":"wp","href":"https:\/\/api.w.org\/{rel}","templated":true}]}}