{"id":1146,"date":"2024-12-15T22:23:58","date_gmt":"2024-12-15T21:23:58","guid":{"rendered":"https:\/\/lyceelespierresvives.fr\/?page_id=1146"},"modified":"2025-01-06T13:00:36","modified_gmt":"2025-01-06T12:00:36","slug":"premiere-et-terminale-generale-les-specialites","status":"publish","type":"page","link":"https:\/\/lyceelespierresvives.fr\/?page_id=1146","title":{"rendered":"Premi\u00e8re et terminale g\u00e9n\u00e9rale &#8211; Les sp\u00e9cialit\u00e9s"},"content":{"rendered":"<h3 class=\"wp-block-heading has-text-align-center has-base-color has-custom-color-1-background-color has-text-color has-background has-link-color has-large-font-size wp-elements-4c6f9b43dc8dcd7ef3a3c812705c933b\">Les sp\u00e9cialit\u00e9s<\/h3><div class=\"wp-block-columns is-layout-flex wp-container-core-columns-is-layout-28f84493 wp-block-columns-is-layout-flex\"><div class=\"wp-block-column is-layout-flow wp-block-column-is-layout-flow\" style=\"flex-basis:20%\"><\/div>\n\n<div class=\"wp-block-column is-layout-flow wp-block-column-is-layout-flow\">\n<div class=\"wpdt-c row wpDataTableContainerSimpleTable wpDataTables wpDataTablesWrapper\n\"\n    >\n        <table id=\"wpdtSimpleTable-8\"\n           style=\"border-collapse:collapse;\n                   border-spacing:0px;\"\n           class=\"wpdtSimpleTable wpDataTable\"\n           data-column=\"3\"\n           data-rows=\"4\"\n           data-wpID=\"8\"\n           data-responsive=\"0\"\n           data-has-header=\"1\">\n\n                    <thead>        <tr class=\"wpdt-cell-row \" >\n                                <th class=\"wpdt-cell wpdt-bold wpdt-align-center wpdt-merged-cell \"\n                     colspan=\"3\"  rowspan=\"1\"                     data-cell-id=\"A1\"\n                    data-col-index=\"0\"\n                    data-row-index=\"0\"\n                    style=\" width:100%;                    padding:10px;\n                    \"\n                    >\n                                        Les enseignements de sp\u00e9cialit\u00e9                    <\/th>\n                                                                <\/tr>\n                    <tbody>        <tr class=\"wpdt-cell-row odd\" >\n                                <td class=\"wpdt-cell wpdt-align-left wpdt-empty-cell \"\n                                            data-cell-id=\"A2\"\n                    data-col-index=\"0\"\n                    data-row-index=\"1\"\n                    style=\"                    padding:10px;\n                    \"\n                    >\n                                                            <\/td>\n                                                <td class=\"wpdt-cell wpdt-align-right\"\n                                            data-cell-id=\"B2\"\n                    data-col-index=\"1\"\n                    data-row-index=\"1\"\n                    style=\"                    padding:10px;\n                    \"\n                    >\n                                        Premi\u00e8re                    <\/td>\n                                                <td class=\"wpdt-cell wpdt-align-right\"\n                                            data-cell-id=\"C2\"\n                    data-col-index=\"2\"\n                    data-row-index=\"1\"\n                    style=\"                    padding:10px;\n                    \"\n                    >\n                                        Terminale                    <\/td>\n                                        <\/tr>\n                            <tr class=\"wpdt-cell-row even\" >\n                                <td class=\"wpdt-cell wpdt-align-left\"\n                                            data-cell-id=\"A3\"\n                    data-col-index=\"0\"\n                    data-row-index=\"2\"\n                    style=\"                    padding:10px;\n                    \"\n                    >\n                                        Premi\u00e8re : 3 au choix<br>Terminale : 2 parmi ceux suivis en 1\u00e8re                    <\/td>\n                                                <td class=\"wpdt-cell wpdt-align-right\"\n                                            data-cell-id=\"B3\"\n                    data-col-index=\"1\"\n                    data-row-index=\"2\"\n                    style=\"                    padding:10px;\n                    \"\n                    >\n                                        4h par sp\u00e9cialit\u00e9                    <\/td>\n                                                <td class=\"wpdt-cell wpdt-align-right\"\n                                            data-cell-id=\"C3\"\n                    data-col-index=\"2\"\n                    data-row-index=\"2\"\n                    style=\"                    padding:10px;\n                    \"\n                    >\n                                        6h par sp\u00e9cialit\u00e9                    <\/td>\n                                        <\/tr>\n                            <tr class=\"wpdt-cell-row odd\" >\n                                <td class=\"wpdt-cell  wpdt-merged-cell \"\n                     colspan=\"3\"  rowspan=\"1\"                     data-cell-id=\"A4\"\n                    data-col-index=\"0\"\n                    data-row-index=\"3\"\n                    style=\"                    padding:10px;\n                    \"\n                    >\n                                        <div data-type-content=\"wpdt-html-content\"><ul>\n<li style=\"box-sizing: inherit; --xl-base: calc(var(--xl-size)*0.9); padding-bottom: var(--li-bottom);\"><a href='https:\/\/lyceelespierresvives.fr\/?page_id=1639'>Histoire-G&eacute;ographie, G&eacute;opolitique et Sciences Politiques (HGGSP)<\/a><\/li>\n<li style=\"box-sizing: inherit; --xl-base: calc(var(--xl-size)*0.9); padding-bottom: var(--li-bottom);\"><a href='https:\/\/lyceelespierresvives.fr\/?page_id=1643'>Humanit&eacute;s, Litt&eacute;rature et Philosophie (HLP)<\/a><\/li>\n<li style=\"box-sizing: inherit; --xl-base: calc(var(--xl-size)*0.9); padding-bottom: var(--li-bottom);\"><a href='https:\/\/lyceelespierresvives.fr\/?page_id=1656'>Langues, Litt&eacute;ratures et Cultures Etrang&egrave;res - Anglais (LLCE Anglais)<\/a><\/li>\n<li style=\"box-sizing: inherit; --xl-base: calc(var(--xl-size)*0.9); padding-bottom: var(--li-bottom);\"><a href='https:\/\/lyceelespierresvives.fr\/?page_id=1658'>Langues, Litt&eacute;ratures et Cultures Etrang&egrave;res - Espagnol (LLCE Espagnol)<\/a><\/li>\n<li style=\"box-sizing: inherit; --xl-base: calc(var(--xl-size)*0.9); padding-bottom: var(--li-bottom);\"><a href='https:\/\/lyceelespierresvives.fr\/?page_id=1074'>Math&eacute;matiques<\/a><\/li>\n<li style=\"box-sizing: inherit; --xl-base: calc(var(--xl-size)*0.9); padding-bottom: var(--li-bottom);\"><a href='https:\/\/lyceelespierresvives.fr\/?page_id=1641'>Musique<\/a><\/li>\n<li style=\"box-sizing: inherit; --xl-base: calc(var(--xl-size)*0.9); padding-bottom: var(--li-bottom);\"><a href='https:\/\/lyceelespierresvives.fr\/?page_id=154'>Num&eacute;rique et Sciences Informatiques (NSI)<\/a><\/li>\n<li style=\"box-sizing: inherit; --xl-base: calc(var(--xl-size)*0.9); padding-bottom: var(--li-bottom);\"><a href='https:\/\/lyceelespierresvives.fr\/?page_id=1647'>Physique-Chimie (PC)<\/a><\/li>\n<li style=\"box-sizing: inherit; --xl-base: calc(var(--xl-size)*0.9); padding-bottom: var(--li-bottom);\"><a href='https:\/\/lyceelespierresvives.fr\/?page_id=1652'>Sciences de la Vie et de la Terre (SVT)<\/a><\/li>\n<li style=\"box-sizing: inherit; --xl-base: calc(var(--xl-size)*0.9); padding-bottom: var(--li-bottom);\"><a href='https:\/\/lyceelespierresvives.fr\/?page_id=1654'>Sciences de l'Ing&eacute;nieur (SI)<\/a><\/li>\n<li style=\"box-sizing: inherit; --xl-base: calc(var(--xl-size)*0.9); padding-bottom: var(--li-bottom);\"><a href='https:\/\/lyceelespierresvives.fr\/?page_id=1645'>Sciences Economiques et Sociales (SES)<\/a><\/li>\n<\/ul><\/div>                    <\/td>\n                                                                <\/tr>\n                    <\/table>\n<\/div><style id='wpdt-custom-style-8'>\n<\/style>\n<\/div>\n\n<div class=\"wp-block-column is-layout-flow wp-block-column-is-layout-flow\" style=\"flex-basis:20%\"><\/div><\/div><p class=\"has-text-align-center\">Cliquez sur chaque sp\u00e9cialit\u00e9 pour en avoir une pr\u00e9sentation.<\/p><div class=\"wp-block-columns has-sidebar-shadow-color-background-color has-background is-layout-flex wp-container-core-columns-is-layout-28f84493 wp-block-columns-is-layout-flex\"><div class=\"wp-block-column is-layout-flow wp-block-column-is-layout-flow\"><p class=\"has-text-align-center has-base-color has-custom-color-1-background-color has-text-color has-background has-link-color wp-elements-a3109833ed7c1e3a151462878d3d9e19\" style=\"padding-top:var(--wp--preset--spacing--50);padding-right:0;padding-bottom:var(--wp--preset--spacing--50);padding-left:0\"><a href=\"https:\/\/lyceelespierresvives.fr\/?page_id=1130\" data-type=\"page\" data-id=\"1130\">Menu principal<\/a><\/p><\/div>\n\n<div class=\"wp-block-column is-layout-flow wp-block-column-is-layout-flow\"><p class=\"has-text-align-center has-base-color has-custom-color-1-background-color has-text-color has-background has-link-color wp-elements-3fb359e713b4ae2489b2a6539dedeea5\" style=\"padding-top:var(--wp--preset--spacing--50);padding-bottom:var(--wp--preset--spacing--50)\"><a href=\"https:\/\/lyceelespierresvives.fr\/?page_id=1142\" data-type=\"page\" data-id=\"1146\">Tronc commun<\/a><\/p><\/div>\n\n<div class=\"wp-block-column is-layout-flow wp-block-column-is-layout-flow\"><p class=\"has-text-align-center has-base-color has-custom-color-1-background-color has-text-color has-background has-link-color wp-elements-7ed83713c373186554c51737b376c7ba\" style=\"padding-top:var(--wp--preset--spacing--50);padding-bottom:var(--wp--preset--spacing--50)\"><a href=\"https:\/\/lyceelespierresvives.fr\/?page_id=1156\" data-type=\"page\" data-id=\"1156\">Sections<\/a><\/p><\/div>\n\n<div class=\"wp-block-column is-layout-flow wp-block-column-is-layout-flow\"><p class=\"has-text-align-center has-base-color has-custom-color-1-background-color has-text-color has-background has-link-color wp-elements-0436cd74c0094a0acf5d478116d2f1ae\" style=\"padding-top:var(--wp--preset--spacing--50);padding-bottom:var(--wp--preset--spacing--50)\"><a href=\"https:\/\/lyceelespierresvives.fr\/?page_id=1162\" data-type=\"link\" data-id=\"https:\/\/lyceelespierresvives.fr\/?page_id=1162\">Options<\/a><\/p><\/div>\n\n<div class=\"wp-block-column is-layout-flow wp-block-column-is-layout-flow\"><p class=\"has-text-align-center has-base-color has-custom-color-1-background-color has-text-color has-background has-link-color wp-elements-ba4d621b3ec1751f384b13b9d67c24fc\" style=\"border-style:none;border-width:0px;padding-top:1.5rem;padding-right:0;padding-bottom:1.5rem;padding-left:0\"><a href=\"https:\/\/lyceelespierresvives.fr\/?page_id=174\">Modules p\u00e9ri-\u00e9ducatifs<\/a><\/p><\/div><\/div>","protected":false},"excerpt":{"rendered":"<p>Les sp\u00e9cialit\u00e9s Cliquez sur chaque sp\u00e9cialit\u00e9 pour en avoir une pr\u00e9sentation. Menu principal Tronc commun Sections Options Modules p\u00e9ri-\u00e9ducatifs<\/p>\n","protected":false},"author":2,"featured_media":0,"parent":0,"menu_order":3202,"comment_status":"closed","ping_status":"closed","template":"","meta":{"inline_featured_image":false,"footnotes":""},"class_list":["post-1146","page","type-page","status-publish","hentry"],"_links":{"self":[{"href":"https:\/\/lyceelespierresvives.fr\/index.php?rest_route=\/wp\/v2\/pages\/1146","targetHints":{"allow":["GET"]}}],"collection":[{"href":"https:\/\/lyceelespierresvives.fr\/index.php?rest_route=\/wp\/v2\/pages"}],"about":[{"href":"https:\/\/lyceelespierresvives.fr\/index.php?rest_route=\/wp\/v2\/types\/page"}],"author":[{"embeddable":true,"href":"https:\/\/lyceelespierresvives.fr\/index.php?rest_route=\/wp\/v2\/users\/2"}],"replies":[{"embeddable":true,"href":"https:\/\/lyceelespierresvives.fr\/index.php?rest_route=%2Fwp%2Fv2%2Fcomments&post=1146"}],"version-history":[{"count":8,"href":"https:\/\/lyceelespierresvives.fr\/index.php?rest_route=\/wp\/v2\/pages\/1146\/revisions"}],"predecessor-version":[{"id":1193,"href":"https:\/\/lyceelespierresvives.fr\/index.php?rest_route=\/wp\/v2\/pages\/1146\/revisions\/1193"}],"wp:attachment":[{"href":"https:\/\/lyceelespierresvives.fr\/index.php?rest_route=%2Fwp%2Fv2%2Fmedia&parent=1146"}],"curies":[{"name":"wp","href":"https:\/\/api.w.org\/{rel}","templated":true}]}}