{"id":1130,"date":"2024-12-10T13:29:03","date_gmt":"2024-12-10T12:29:03","guid":{"rendered":"https:\/\/lyceelespierresvives.fr\/?page_id=1130"},"modified":"2025-01-06T12:58:56","modified_gmt":"2025-01-06T11:58:56","slug":"les-formations-classe-de-premiere-et-terminale-voie-generale-2","status":"publish","type":"page","link":"https:\/\/lyceelespierresvives.fr\/?page_id=1130","title":{"rendered":"Les formations &#8211; Classes de Premi\u00e8re et Terminale (Voie g\u00e9n\u00e9rale)"},"content":{"rendered":"<p>A l\u2019issue de la classe de Seconde, pendant la phase d\u2019orientation, les \u00e9l\u00e8ves pourront int\u00e9grer le cycle Terminal de la voie g\u00e9n\u00e9rale qui les conduira jusqu\u2019au baccalaur\u00e9at g\u00e9n\u00e9ral et, durant lequel, par le choix de leurs enseignements de sp\u00e9cialit\u00e9, ils affineront, davantage encore, leur projet d\u2019orientation.<\/p><p class=\"has-base-color has-custom-color-1-background-color has-text-color has-background has-link-color has-large-font-size wp-elements-db1c40f97e4efb4c4a340d6125a621fb\"><a href=\"https:\/\/lyceelespierresvives.fr\/?page_id=1142\" data-type=\"page\" data-id=\"1142\">1. Le tronc commun<\/a><\/p><p class=\"has-base-color has-custom-color-1-background-color has-text-color has-background has-link-color has-large-font-size wp-elements-95f50e04035ca92267d742b4c50d0c24\"><a href=\"https:\/\/lyceelespierresvives.fr\/?page_id=1146\" data-type=\"page\" data-id=\"1146\">2. Les sp\u00e9cialit\u00e9s<\/a><\/p><p class=\"has-base-color has-custom-color-1-background-color has-text-color has-background has-link-color has-large-font-size wp-elements-8c992e0b2cdd53ff2105a6b82460be58\"><a href=\"https:\/\/lyceelespierresvives.fr\/?page_id=1156\" data-type=\"page\" data-id=\"1156\">3. Les sections<\/a><\/p><p class=\"has-base-color has-custom-color-1-background-color has-text-color has-background has-link-color has-large-font-size wp-elements-f8c2d74d00673018af141655e6c7758c\"><a href=\"https:\/\/lyceelespierresvives.fr\/?page_id=1162\">4. Les options<\/a><\/p><p class=\"has-base-color has-custom-color-1-background-color has-text-color has-background has-link-color has-large-font-size wp-elements-bb9cd747a4fa87cd1a5f1944f399b039\"><a href=\"https:\/\/lyceelespierresvives.fr\/?page_id=174\" data-type=\"link\" data-id=\"https:\/\/lyceelespierresvives.fr\/?page_id=174\">5. Les modules p\u00e9ri-\u00e9ducatifs<\/a><\/p>","protected":false},"excerpt":{"rendered":"<p>A l\u2019issue de la classe de Seconde, pendant la phase d\u2019orientation, les \u00e9l\u00e8ves pourront int\u00e9grer le cycle Terminal de la voie g\u00e9n\u00e9rale qui les conduira jusqu\u2019au baccalaur\u00e9at g\u00e9n\u00e9ral et, durant lequel, par le choix de leurs enseignements de sp\u00e9cialit\u00e9, ils affineront, davantage encore, leur projet d\u2019orientation. 1. Le tronc commun 2. Les sp\u00e9cialit\u00e9s 3. Les [&hellip;]<\/p>\n","protected":false},"author":2,"featured_media":0,"parent":0,"menu_order":3200,"comment_status":"closed","ping_status":"closed","template":"","meta":{"inline_featured_image":false,"footnotes":""},"class_list":["post-1130","page","type-page","status-publish","hentry"],"_links":{"self":[{"href":"https:\/\/lyceelespierresvives.fr\/index.php?rest_route=\/wp\/v2\/pages\/1130","targetHints":{"allow":["GET"]}}],"collection":[{"href":"https:\/\/lyceelespierresvives.fr\/index.php?rest_route=\/wp\/v2\/pages"}],"about":[{"href":"https:\/\/lyceelespierresvives.fr\/index.php?rest_route=\/wp\/v2\/types\/page"}],"author":[{"embeddable":true,"href":"https:\/\/lyceelespierresvives.fr\/index.php?rest_route=\/wp\/v2\/users\/2"}],"replies":[{"embeddable":true,"href":"https:\/\/lyceelespierresvives.fr\/index.php?rest_route=%2Fwp%2Fv2%2Fcomments&post=1130"}],"version-history":[{"count":8,"href":"https:\/\/lyceelespierresvives.fr\/index.php?rest_route=\/wp\/v2\/pages\/1130\/revisions"}],"predecessor-version":[{"id":1223,"href":"https:\/\/lyceelespierresvives.fr\/index.php?rest_route=\/wp\/v2\/pages\/1130\/revisions\/1223"}],"wp:attachment":[{"href":"https:\/\/lyceelespierresvives.fr\/index.php?rest_route=%2Fwp%2Fv2%2Fmedia&parent=1130"}],"curies":[{"name":"wp","href":"https:\/\/api.w.org\/{rel}","templated":true}]}}