{"id":112,"date":"2024-06-20T10:54:53","date_gmt":"2024-06-20T08:54:53","guid":{"rendered":"https:\/\/lyceelespierresvives.fr\/?page_id=112"},"modified":"2025-01-06T12:52:52","modified_gmt":"2025-01-06T11:52:52","slug":"contacts-contacter-les-services-medicaux-sociaux","status":"publish","type":"page","link":"https:\/\/lyceelespierresvives.fr\/?page_id=112","title":{"rendered":"Contacts &#8211; Contacter les services m\u00e9dicaux-sociaux"},"content":{"rendered":"<p>Veuillez remplir le formulaire ci-dessous (les champs avec * sont <strong>obligatoires<\/strong>) :<\/p><div class=\"forminator-ui forminator-custom-form forminator-custom-form-107 forminator-design--default  forminator_ajax\" data-forminator-render=\"0\" data-form=\"forminator-module-107\" data-uid=\"69e33db785fdb\"><br\/><\/div><form\n\t\t\t\tid=\"forminator-module-107\"\n\t\t\t\tclass=\"forminator-ui forminator-custom-form forminator-custom-form-107 forminator-design--default  forminator_ajax\"\n\t\t\t\tmethod=\"post\"\n\t\t\t\tdata-forminator-render=\"0\"\n\t\t\t\tdata-form-id=\"107\"\n\t\t\t\tenctype=\"multipart\/form-data\" data-color-option=\"default\" data-design=\"default\" data-grid=\"open\" style=\"display: none;\"\n\t\t\t\tdata-uid=\"69e33db785fdb\"\n\t\t\t><div role=\"alert\" aria-live=\"polite\" class=\"forminator-response-message forminator-error\" aria-hidden=\"true\"><\/div><div class=\"forminator-row\"><div id=\"select-1\" class=\"forminator-field-select forminator-col forminator-col-12 \"><div class=\"forminator-field\"><label for=\"forminator-form-107__field--select-1_69e33db785fdb\" id=\"forminator-form-107__field--select-1_69e33db785fdb-label\" class=\"forminator-label\">Destinataire <span class=\"forminator-required\">*<\/span><\/label><select  id=\"forminator-form-107__field--select-1_69e33db785fdb\" class=\"forminator-select--field forminator-select2 forminator-select2-multiple\" data-required=\"1\" name=\"select-1\" data-default-value=\"\" data-placeholder=\"Veuillez s\u00e9lectionner un destinataire\" data-search=\"false\" data-search-placeholder=\"Veuillez s\u00e9lectionner un destinataire\" data-checkbox=\"false\" data-allow-clear=\"false\" aria-labelledby=\"forminator-form-107__field--select-1_69e33db785fdb-label\"><option value=\"\"  >Veuillez s\u00e9lectionner un destinataire<\/option><option value=\"charlotte-marie.prud-homme@ac-versailles.fr\"  data-calculation=\"0\">Mme Prud'homme (PsyEN)<\/option><option value=\"charlotte-marie.prud-homme@ac-versailles.fr\"  data-calculation=\"0\">Mme Radzimska (PsyEN)<\/option><option value=\"khouloud.larafa@ac-versailles.fr\"  data-calculation=\"0\">Mme Larafa (infirmi\u00e8re)<\/option><option value=\"cms.sartrouville@ac-versailles.fr\"  data-calculation=\"0\">Centre m\u00e9dico-scolaire de Sartrouville (m\u00e9decine scolaire)<\/option><\/select><\/div><\/div><\/div><div class=\"forminator-row\"><div id=\"text-1\" class=\"forminator-field-text forminator-col forminator-col-12 \"><div class=\"forminator-field\"><label for=\"forminator-field-text-1_69e33db785fdb\" id=\"forminator-field-text-1_69e33db785fdb-label\" class=\"forminator-label\">Nom et pr\u00e9nom <span class=\"forminator-required\">*<\/span><\/label><input type=\"text\" name=\"text-1\" value=\"\" placeholder=\"Veuillez saisir votre nom et votre pr\u00e9nom\" id=\"forminator-field-text-1_69e33db785fdb\" class=\"forminator-input forminator-name--field\" data-required=\"1\" \/><\/div><\/div><\/div><div class=\"forminator-row\"><div id=\"text-2\" class=\"forminator-field-text forminator-col forminator-col-12 \"><div class=\"forminator-field\"><label for=\"forminator-field-text-2_69e33db785fdb\" id=\"forminator-field-text-2_69e33db785fdb-label\" class=\"forminator-label\">Nom, pr\u00e9nom et classe de l&#039;\u00e9l\u00e8ve<\/label><input type=\"text\" name=\"text-2\" value=\"\" placeholder=\"Veuillez saisir le nom, le pr\u00e9nom et la classe de l&amp;#039;\u00e9l\u00e8ve\" id=\"forminator-field-text-2_69e33db785fdb\" class=\"forminator-input forminator-name--field\" data-required=\"\" \/><\/div><\/div><\/div><div class=\"forminator-row\"><div id=\"email-1\" class=\"forminator-field-email forminator-col forminator-col-12 \"><div class=\"forminator-field\"><label for=\"forminator-field-email-1_69e33db785fdb\" id=\"forminator-field-email-1_69e33db785fdb-label\" class=\"forminator-label\">Adresse e-mail <span class=\"forminator-required\">*<\/span><\/label><input type=\"email\" name=\"email-1\" value=\"\" placeholder=\"Veuillez saisir une adresse mail valide\" id=\"forminator-field-email-1_69e33db785fdb\" class=\"forminator-input forminator-email--field\" data-required=\"1\" aria-required=\"true\" autocomplete=\"email\" \/><\/div><\/div><\/div><div class=\"forminator-row\"><div id=\"text-3\" class=\"forminator-field-text forminator-col forminator-col-12 \"><div class=\"forminator-field\"><label for=\"forminator-field-text-3_69e33db785fdb\" id=\"forminator-field-text-3_69e33db785fdb-label\" class=\"forminator-label\">Objet <span class=\"forminator-required\">*<\/span><\/label><input type=\"text\" name=\"text-3\" value=\"\" placeholder=\"Veuillez saisir l&amp;#039;objet de votre demande\" id=\"forminator-field-text-3_69e33db785fdb\" class=\"forminator-input forminator-name--field\" data-required=\"1\" \/><\/div><\/div><\/div><div class=\"forminator-row\"><div id=\"textarea-1\" class=\"forminator-field-textarea forminator-col forminator-col-12 \"><div class=\"forminator-field\"><label for=\"forminator-field-textarea-1_69e33db785fdb\" id=\"forminator-field-textarea-1_69e33db785fdb-label\" class=\"forminator-label\">Message <span class=\"forminator-required\">*<\/span><\/label><div id=\"wp-forminator-wp-editor-forminator-field-textarea-1_69e33db785fdb-wrap\" class=\"wp-core-ui wp-editor-wrap tmce-active\"><link rel='stylesheet' id='dashicons-css' href='https:\/\/lyceelespierresvives.fr\/wp-includes\/css\/dashicons.min.css?ver=6.9.4' media='all' \/>\n<link rel='stylesheet' id='editor-buttons-css' href='https:\/\/lyceelespierresvives.fr\/wp-includes\/css\/editor.min.css?ver=6.9.4' media='all' \/>\n<div id=\"wp-forminator-wp-editor-forminator-field-textarea-1_69e33db785fdb-editor-tools\" class=\"wp-editor-tools hide-if-no-js\"><div class=\"wp-editor-tabs\"><button type=\"button\" id=\"forminator-wp-editor-forminator-field-textarea-1_69e33db785fdb-tmce\" aria-pressed=\"true\" class=\"wp-switch-editor switch-tmce\" data-wp-editor-id=\"forminator-wp-editor-forminator-field-textarea-1_69e33db785fdb\">Visuel<\/button>\n<button type=\"button\" id=\"forminator-wp-editor-forminator-field-textarea-1_69e33db785fdb-html\" class=\"wp-switch-editor switch-html\" data-wp-editor-id=\"forminator-wp-editor-forminator-field-textarea-1_69e33db785fdb\">Code<\/button>\n<\/div>\n<\/div>\n<div id=\"wp-forminator-wp-editor-forminator-field-textarea-1_69e33db785fdb-editor-container\" class=\"wp-editor-container\"><div id=\"qt_forminator-wp-editor-forminator-field-textarea-1_69e33db785fdb_toolbar\" class=\"quicktags-toolbar hide-if-no-js\"><\/div><textarea class=\"forminator-textarea do-validate forminator-wp-editor-required wp-editor-area\" style=\"height: 140px\" autocomplete=\"off\" cols=\"40\" name=\"textarea-1\" id=\"forminator-wp-editor-forminator-field-textarea-1_69e33db785fdb\"><\/textarea><\/div>\n<\/div>\n\n<\/div><\/div><\/div><div class=\"forminator-row\"><div id=\"upload-1\" class=\"forminator-field-upload forminator-col forminator-col-12 \"><div class=\"forminator-field\"><label for=\"forminator-field-upload-1_69e33db785fdb\" id=\"forminator-field-upload-1_69e33db785fdb-label\" class=\"forminator-label\">Pi\u00e8ce(s) jointe(s) (facultatif)<\/label><div class=\"forminator-multi-upload \" data-element=\"upload-1_69e33db785fdb\" aria-describedby=\"forminator-field-upload-1_69e33db785fdb-description\"><input type=\"file\" name=\"upload-1[]\" id=\"forminator-field-upload-1_69e33db785fdb\" class=\"forminator-input-file forminator-field-upload-1_69e33db785fdb-107\" multiple=\"multiple\" data-method=\"ajax\" accept=\".pdf,.png,.jpg,.jpeg,.jpe\" data-size=\"6000000\" data-size-message=\"Maximum file size allowed is 6 MB. \" data-filetype=\"pdf|png|jpg|jpeg|jpe\" data-filetype-message=\"l\u2019extension de fichier n\u2019est pas autoris\u00e9e.\"><div class=\"forminator-multi-upload-message\" aria-hidden=\"true\"><span class=\"forminator-icon-upload\" aria-hidden=\"true\"><\/span><p>Glissez et d\u00e9posez (ou) <a class=\"forminator-upload-file--forminator-field-upload-1_69e33db785fdb\" href=\"#\" onclick=\"return false;\">Choisissez des fichiers<\/a><\/p><\/div><\/div><span id=\"forminator-field-upload-1_69e33db785fdb-description\" class=\"forminator-description\">T\u00e9l\u00e9chargez ici vos fichiers aux formats pdf, jpg, jpeg ou png (5 Mo maximum)<\/span><ul class=\"forminator-uploaded-files upload-container-upload-1_69e33db785fdb\"><\/ul><\/div><\/div><\/div><input type=\"hidden\" name=\"referer_url\" value=\"\" \/><div class=\"forminator-row forminator-row-last\"><div class=\"forminator-col\"><div class=\"forminator-field\"><button class=\"forminator-button forminator-button-submit\">Valider<\/button><\/div><\/div><\/div><input type=\"hidden\" id=\"forminator_nonce\" name=\"forminator_nonce\" value=\"91947b5cc8\" \/><input type=\"hidden\" name=\"_wp_http_referer\" value=\"\/index.php?rest_route=%2Fwp%2Fv2%2Fpages%2F112\" \/><input type=\"hidden\" name=\"form_id\" value=\"107\"><input type=\"hidden\" name=\"page_id\" value=\"112\"><input type=\"hidden\" name=\"form_type\" value=\"default\"><input type=\"hidden\" name=\"current_url\" value=\"https:\/\/lyceelespierresvives.fr\/?page_id=112\"><input type=\"hidden\" name=\"render_id\" value=\"0\"><input type=\"hidden\" name=\"forminator-multifile-hidden\" class=\"forminator-multifile-hidden\"><input type=\"hidden\" name=\"action\" value=\"forminator_submit_form_custom-forms\"><\/form>","protected":false},"excerpt":{"rendered":"<p>Veuillez remplir le formulaire ci-dessous (les champs avec * sont obligatoires) :<\/p>\n","protected":false},"author":3,"featured_media":0,"parent":0,"menu_order":1400,"comment_status":"closed","ping_status":"closed","template":"","meta":{"inline_featured_image":false,"footnotes":""},"class_list":["post-112","page","type-page","status-publish","hentry"],"_links":{"self":[{"href":"https:\/\/lyceelespierresvives.fr\/index.php?rest_route=\/wp\/v2\/pages\/112","targetHints":{"allow":["GET"]}}],"collection":[{"href":"https:\/\/lyceelespierresvives.fr\/index.php?rest_route=\/wp\/v2\/pages"}],"about":[{"href":"https:\/\/lyceelespierresvives.fr\/index.php?rest_route=\/wp\/v2\/types\/page"}],"author":[{"embeddable":true,"href":"https:\/\/lyceelespierresvives.fr\/index.php?rest_route=\/wp\/v2\/users\/3"}],"replies":[{"embeddable":true,"href":"https:\/\/lyceelespierresvives.fr\/index.php?rest_route=%2Fwp%2Fv2%2Fcomments&post=112"}],"version-history":[{"count":1,"href":"https:\/\/lyceelespierresvives.fr\/index.php?rest_route=\/wp\/v2\/pages\/112\/revisions"}],"predecessor-version":[{"id":119,"href":"https:\/\/lyceelespierresvives.fr\/index.php?rest_route=\/wp\/v2\/pages\/112\/revisions\/119"}],"wp:attachment":[{"href":"https:\/\/lyceelespierresvives.fr\/index.php?rest_route=%2Fwp%2Fv2%2Fmedia&parent=112"}],"curies":[{"name":"wp","href":"https:\/\/api.w.org\/{rel}","templated":true}]}}