{"id":1098,"date":"2024-10-24T21:24:11","date_gmt":"2024-10-24T19:24:11","guid":{"rendered":"https:\/\/lyceelespierresvives.fr\/?page_id=1098"},"modified":"2025-01-06T13:02:46","modified_gmt":"2025-01-06T12:02:46","slug":"module-maths-et-informatique","status":"publish","type":"page","link":"https:\/\/lyceelespierresvives.fr\/?page_id=1098","title":{"rendered":"Module Maths et Informatique"},"content":{"rendered":"<h3 class=\"wp-block-heading has-text-align-center has-base-color has-custom-color-1-background-color has-text-color has-background has-link-color wp-elements-49d54ac456763f3b0c7d7c811f557256\">Pr\u00e9sentation g\u00e9n\u00e9rale<\/h3><p>Le module <em>Maths et Informatique<\/em> a pour vocation de pr\u00e9parer les \u00e9l\u00e8ves \u00e0 la r\u00e9ussite dans des \u00e9tudes o\u00f9 l\u2019Informatique tient un r\u00f4le important, mais \u00e9galement de les familiariser avec les m\u00e9thodes de travail collectif autour d\u2019un projet.<\/p><p>Il propose quatre ateliers, trois r\u00e9solument orient\u00e9s vers l\u2019Informatique et un combinant les Math\u00e9matiques et l&rsquo;Informatique.<\/p><ol class=\"wp-block-list\"><li><strong>Cybers\u00e9curit\u00e9<\/strong>.<br>Le but de cet atelier est de proposer une initiation aux bonnes pratiques et aux dangers des attaques informatiques \u00e0 travers la r\u00e9solution de challenges CTF (<a href=\"https:\/\/fr.wikipedia.org\/wiki\/Capture_du_drapeau\">Capture The Flag<\/a>) sur diff\u00e9rentes plateformes en ligne telles que <a href=\"https:\/\/www.challenges-kids.fr\/index.php\">challenges-kids<\/a>, <a href=\"https:\/\/edu.pro.root-me.org\/?page=login&amp;lang=fr\">root me<\/a>, <a href=\"https:\/\/ozint.eu\/\">ozint<\/a> et <a href=\"https:\/\/the-osint-project.fr\/\">top osint<\/a>. Des comp\u00e9titions de CTF, acad\u00e9miques et nationales, ainsi que des sorties scolaires (INRIA, Campus Cyber, etc.), sont \u00e9galement propos\u00e9es aux \u00e9l\u00e8ves.<\/li>\n\n<li style=\"margin-top:20px;margin-bottom:20px\"><strong>Cr\u00e9ation de sites Web et de jeux vid\u00e9os<\/strong>.<br>Suivant leur niveau initial, cet atelier permet aux \u00e9l\u00e8ves soit de s&rsquo;initier \u00e0 la cr\u00e9ation de sites Web et de jeux vid\u00e9os, soit de cr\u00e9er des projets beaucoup plus \u00e9labor\u00e9s.<\/li>\n\n<li style=\"margin-top:20px;margin-bottom:20px\"><strong>Robotique.<\/strong><br>Cet atelier propose, \u00e0 travers la programmation de cartes <a href=\"https:\/\/python.microbit.org\/v\/3\" target=\"_blank\" rel=\"noreferrer noopener\">micro:bit<\/a> et la manipulation d&rsquo;un petit robot, une initiation \u00e0 la robotique.<\/li>\n\n<li><strong>M\u00e9thodes num\u00e9riques.<\/strong><br>Le but de cet atelier est de montrer que <strong>Math\u00e9matiques et Informatique sont indissociables<\/strong>, quel que soit le niveau o\u00f9 l&rsquo;on se place. Divers probl\u00e8mes math\u00e9matiques issus de diff\u00e9rents domaines comme l&rsquo;arithm\u00e9tique, l&rsquo;alg\u00e8bre, le calcul int\u00e9gral, les \u00e9quations diff\u00e9rentielles ou encore l&rsquo;alg\u00e8bre lin\u00e9aire, sont propos\u00e9s aux \u00e9l\u00e8ves. Certains sont r\u00e9solubles \u00e0 la main de fa\u00e7on classique, mais d&rsquo;autres ne le sont pas et <strong>ne le seront jamais<\/strong>, m\u00eame avec des outils th\u00e9oriques performants. En revanche, une approche algorithmique peut permettre d\u2019obtenir une r\u00e9ponse adapt\u00e9e. Des questions classiques d&rsquo;analyse num\u00e9rique sont alors abord\u00e9es.<\/li><\/ol><p>Les travaux r\u00e9alis\u00e9s par les \u00e9l\u00e8ves dans ces diff\u00e9rents ateliers sont valoris\u00e9s par un affichage de posters ou par des d\u00e9monstrations de leurs cr\u00e9ations.<\/p><div style=\"height:10px\" aria-hidden=\"true\" class=\"wp-block-spacer\"><\/div><h3 class=\"wp-block-heading has-text-align-center has-base-color has-custom-color-1-background-color has-text-color has-background has-link-color wp-elements-b64098f3ca2f86618dce2ce876bd39ee\">Quelques exemples de travaux<\/h3><ul>\n<li><strong>M\u00e9thodes num\u00e9riques :<\/strong>\n    <ul>\n    <li><a href='https:\/\/lyceelespierresvives.fr\/wp-content\/uploads\/2024\/12\/2023-2024_Equations-Club-Maths-Info-BRUNELLA-Julian-MERASLI-Marco.pdf' target='_blank'>Exemples de r\u00e9solution d&rsquo;\u00e9quations polynomiales (poster au format pdf)<\/a><\/li>\n    <li><a href='https:\/\/lyceelespierresvives.fr\/wp-content\/uploads\/2024\/12\/2023-2024_Club_maths_info_integrales_Brunella_Merasli.pdf' target='_blank'>Int\u00e9grales et m\u00e9thodes num\u00e9riques (poster au format pdf)<\/a><\/li>\n    <li><a href='https:\/\/lyceelespierresvives.fr\/wp-content\/uploads\/2024\/12\/2023-2024_Affiche_club_maths_Barres_Alami.pdf' target='_blank'>Valeur approch\u00e9e de \\(\\sqrt{a}\\) (poster au format pdf)<\/a><\/li>\n    <\/ul>\n<\/li>\n<\/ul><div style=\"height:10px\" aria-hidden=\"true\" class=\"wp-block-spacer\"><\/div><div class=\"wp-block-columns has-sidebar-shadow-color-background-color has-background is-layout-flex wp-container-core-columns-is-layout-28f84493 wp-block-columns-is-layout-flex\"><div class=\"wp-block-column is-layout-flow wp-block-column-is-layout-flow\"><p class=\"has-text-align-center has-base-color has-custom-color-1-background-color has-text-color has-background has-link-color wp-elements-f5ba9915334f1abac162751e152f1b98\"><a href=\"https:\/\/lyceelespierresvives.fr\/?page_id=174\">Retour aux modules p\u00e9ri-\u00e9ducatifs<\/a><\/p><\/div><\/div>","protected":false},"excerpt":{"rendered":"<p>Pr\u00e9sentation g\u00e9n\u00e9rale Le module Maths et Informatique a pour vocation de pr\u00e9parer les \u00e9l\u00e8ves \u00e0 la r\u00e9ussite dans des \u00e9tudes o\u00f9 l\u2019Informatique tient un r\u00f4le important, mais \u00e9galement de les familiariser avec les m\u00e9thodes de travail collectif autour d\u2019un projet. Il propose quatre ateliers, trois r\u00e9solument orient\u00e9s vers l\u2019Informatique et un combinant les Math\u00e9matiques et [&hellip;]<\/p>\n","protected":false},"author":3,"featured_media":0,"parent":0,"menu_order":4101,"comment_status":"closed","ping_status":"closed","template":"","meta":{"inline_featured_image":false,"footnotes":""},"class_list":["post-1098","page","type-page","status-publish","hentry"],"_links":{"self":[{"href":"https:\/\/lyceelespierresvives.fr\/index.php?rest_route=\/wp\/v2\/pages\/1098","targetHints":{"allow":["GET"]}}],"collection":[{"href":"https:\/\/lyceelespierresvives.fr\/index.php?rest_route=\/wp\/v2\/pages"}],"about":[{"href":"https:\/\/lyceelespierresvives.fr\/index.php?rest_route=\/wp\/v2\/types\/page"}],"author":[{"embeddable":true,"href":"https:\/\/lyceelespierresvives.fr\/index.php?rest_route=\/wp\/v2\/users\/3"}],"replies":[{"embeddable":true,"href":"https:\/\/lyceelespierresvives.fr\/index.php?rest_route=%2Fwp%2Fv2%2Fcomments&post=1098"}],"version-history":[{"count":16,"href":"https:\/\/lyceelespierresvives.fr\/index.php?rest_route=\/wp\/v2\/pages\/1098\/revisions"}],"predecessor-version":[{"id":1140,"href":"https:\/\/lyceelespierresvives.fr\/index.php?rest_route=\/wp\/v2\/pages\/1098\/revisions\/1140"}],"wp:attachment":[{"href":"https:\/\/lyceelespierresvives.fr\/index.php?rest_route=%2Fwp%2Fv2%2Fmedia&parent=1098"}],"curies":[{"name":"wp","href":"https:\/\/api.w.org\/{rel}","templated":true}]}}