{"id":1029,"date":"2024-10-11T18:17:03","date_gmt":"2024-10-11T16:17:03","guid":{"rendered":"https:\/\/lyceelespierresvives.fr\/?page_id=1029"},"modified":"2025-01-06T13:07:29","modified_gmt":"2025-01-06T12:07:29","slug":"sti2d-specialite-systeme-dinformation-et-numerique-sin","status":"publish","type":"page","link":"https:\/\/lyceelespierresvives.fr\/?page_id=1029","title":{"rendered":"STI2D &#8211; Sp\u00e9cialit\u00e9 Syst\u00e8me d&rsquo;information et num\u00e9rique (SIN)"},"content":{"rendered":"<figure class=\"wp-block-image aligncenter size-large\"><img loading=\"lazy\" decoding=\"async\" width=\"724\" height=\"1024\" src=\"https:\/\/lyceelespierresvives.fr\/wp-content\/uploads\/2025\/01\/SIN-724x1024.png\" alt=\"\" class=\"wp-image-1219\" srcset=\"https:\/\/lyceelespierresvives.fr\/wp-content\/uploads\/2025\/01\/SIN-724x1024.png 724w, https:\/\/lyceelespierresvives.fr\/wp-content\/uploads\/2025\/01\/SIN-212x300.png 212w, https:\/\/lyceelespierresvives.fr\/wp-content\/uploads\/2025\/01\/SIN-768x1086.png 768w, https:\/\/lyceelespierresvives.fr\/wp-content\/uploads\/2025\/01\/SIN-1086x1536.png 1086w, https:\/\/lyceelespierresvives.fr\/wp-content\/uploads\/2025\/01\/SIN.png 1414w\" sizes=\"auto, (max-width: 724px) 100vw, 724px\" \/><\/figure>","protected":false},"excerpt":{"rendered":"","protected":false},"author":2,"featured_media":0,"parent":0,"menu_order":3306,"comment_status":"closed","ping_status":"closed","template":"","meta":{"inline_featured_image":false,"footnotes":""},"class_list":["post-1029","page","type-page","status-publish","hentry"],"_links":{"self":[{"href":"https:\/\/lyceelespierresvives.fr\/index.php?rest_route=\/wp\/v2\/pages\/1029","targetHints":{"allow":["GET"]}}],"collection":[{"href":"https:\/\/lyceelespierresvives.fr\/index.php?rest_route=\/wp\/v2\/pages"}],"about":[{"href":"https:\/\/lyceelespierresvives.fr\/index.php?rest_route=\/wp\/v2\/types\/page"}],"author":[{"embeddable":true,"href":"https:\/\/lyceelespierresvives.fr\/index.php?rest_route=\/wp\/v2\/users\/2"}],"replies":[{"embeddable":true,"href":"https:\/\/lyceelespierresvives.fr\/index.php?rest_route=%2Fwp%2Fv2%2Fcomments&post=1029"}],"version-history":[{"count":2,"href":"https:\/\/lyceelespierresvives.fr\/index.php?rest_route=\/wp\/v2\/pages\/1029\/revisions"}],"predecessor-version":[{"id":1220,"href":"https:\/\/lyceelespierresvives.fr\/index.php?rest_route=\/wp\/v2\/pages\/1029\/revisions\/1220"}],"wp:attachment":[{"href":"https:\/\/lyceelespierresvives.fr\/index.php?rest_route=%2Fwp%2Fv2%2Fmedia&parent=1029"}],"curies":[{"name":"wp","href":"https:\/\/api.w.org\/{rel}","templated":true}]}}